{"id":8504,"date":"2023-03-02T13:07:47","date_gmt":"2023-03-02T13:07:47","guid":{"rendered":"https:\/\/glocaliser.com\/aylin-goknur\/"},"modified":"2024-01-03T19:17:20","modified_gmt":"2024-01-03T19:17:20","slug":"aylin-goknur","status":"publish","type":"page","link":"https:\/\/glocaliser.com\/tr\/aylin-goknur\/","title":{"rendered":"Aylin G\u00f6knur"},"content":{"rendered":"\t\t<div data-elementor-type=\"wp-page\" data-elementor-id=\"8504\" class=\"elementor elementor-8504 elementor-3154\" data-elementor-post-type=\"page\">\n\t\t\t\t\t\t\t\t\t<section class=\"elementor-section elementor-top-section elementor-element elementor-element-fc8845f elementor-section-boxed elementor-section-height-default elementor-section-height-default tf-sticky-section tf-sticky-no\" data-id=\"fc8845f\" data-element_type=\"section\" data-settings=\"{&quot;background_background&quot;:&quot;classic&quot;,&quot;tf_sticky&quot;:&quot;no&quot;}\">\n\t\t\t\t\t\t\t<div class=\"elementor-background-overlay\"><\/div>\n\t\t\t\t\t\t\t<div class=\"elementor-container elementor-column-gap-default\">\n\t\t\t\t\t<div class=\"elementor-column elementor-col-100 elementor-top-column elementor-element elementor-element-07ad0b9\" data-id=\"07ad0b9\" data-element_type=\"column\">\n\t\t\t<div class=\"elementor-widget-wrap elementor-element-populated\">\n\t\t\t\t\t\t\t\t<div class=\"elementor-element elementor-element-9f3bd2c elementor-invisible elementor-widget elementor-widget-heading\" data-id=\"9f3bd2c\" data-element_type=\"widget\" data-settings=\"{&quot;_animation&quot;:&quot;fadeInUp&quot;}\" data-widget_type=\"heading.default\">\n\t\t\t\t<div class=\"elementor-widget-container\">\n\t\t\t<style>\/*! elementor - v3.18.0 - 20-12-2023 *\/\n.elementor-heading-title{padding:0;margin:0;line-height:1}.elementor-widget-heading .elementor-heading-title[class*=elementor-size-]>a{color:inherit;font-size:inherit;line-height:inherit}.elementor-widget-heading .elementor-heading-title.elementor-size-small{font-size:15px}.elementor-widget-heading .elementor-heading-title.elementor-size-medium{font-size:19px}.elementor-widget-heading .elementor-heading-title.elementor-size-large{font-size:29px}.elementor-widget-heading .elementor-heading-title.elementor-size-xl{font-size:39px}.elementor-widget-heading .elementor-heading-title.elementor-size-xxl{font-size:59px}<\/style><h2 class=\"elementor-heading-title elementor-size-default\">Tak\u0131m<\/h2>\t\t<\/div>\n\t\t\t\t<\/div>\n\t\t\t\t<div class=\"elementor-element elementor-element-6a31d1e elementor-icon-list--layout-inline elementor-align-center elementor-list-item-link-full_width elementor-invisible elementor-widget elementor-widget-icon-list\" data-id=\"6a31d1e\" data-element_type=\"widget\" data-settings=\"{&quot;_animation&quot;:&quot;fadeInUp&quot;}\" data-widget_type=\"icon-list.default\">\n\t\t\t\t<div class=\"elementor-widget-container\">\n\t\t\t<link rel=\"stylesheet\" href=\"https:\/\/glocaliser.com\/wp-content\/plugins\/elementor\/assets\/css\/widget-icon-list.min.css\">\t\t<ul class=\"elementor-icon-list-items elementor-inline-items\">\n\t\t\t\t\t\t\t<li class=\"elementor-icon-list-item elementor-inline-item\">\n\t\t\t\t\t\t\t\t\t\t\t<a href=\"https:\/\/glocaliser.com\/tr\/\">\n\n\t\t\t\t\t\t\t\t\t\t\t<span class=\"elementor-icon-list-text\">Ev<\/span>\n\t\t\t\t\t\t\t\t\t\t\t<\/a>\n\t\t\t\t\t\t\t\t\t<\/li>\n\t\t\t\t\t\t\t\t<li class=\"elementor-icon-list-item elementor-inline-item\">\n\t\t\t\t\t\t\t\t\t\t\t<span class=\"elementor-icon-list-icon\">\n\t\t\t\t\t\t\t<i aria-hidden=\"true\" class=\"fas fa-angle-double-right\"><\/i>\t\t\t\t\t\t<\/span>\n\t\t\t\t\t\t\t\t\t\t<span class=\"elementor-icon-list-text\">Tak\u0131m<\/span>\n\t\t\t\t\t\t\t\t\t<\/li>\n\t\t\t\t\t\t<\/ul>\n\t\t\t\t<\/div>\n\t\t\t\t<\/div>\n\t\t\t\t\t<\/div>\n\t\t<\/div>\n\t\t\t\t\t\t\t<\/div>\n\t\t<\/section>\n\t\t\t\t<section class=\"elementor-section elementor-top-section elementor-element elementor-element-46dab198 elementor-section-boxed elementor-section-height-default elementor-section-height-default tf-sticky-section tf-sticky-no\" data-id=\"46dab198\" data-element_type=\"section\" data-settings=\"{&quot;tf_sticky&quot;:&quot;no&quot;}\">\n\t\t\t\t\t\t<div class=\"elementor-container elementor-column-gap-default\">\n\t\t\t\t\t<div class=\"elementor-column elementor-col-50 elementor-top-column elementor-element elementor-element-334d54f7\" data-id=\"334d54f7\" data-element_type=\"column\">\n\t\t\t<div class=\"elementor-widget-wrap elementor-element-populated\">\n\t\t\t\t\t\t\t\t<div class=\"elementor-element elementor-element-1951fff9 elementor-widget elementor-widget-image\" data-id=\"1951fff9\" data-element_type=\"widget\" data-widget_type=\"image.default\">\n\t\t\t\t<div class=\"elementor-widget-container\">\n\t\t\t<style>\/*! elementor - v3.18.0 - 20-12-2023 *\/\n.elementor-widget-image{text-align:center}.elementor-widget-image a{display:inline-block}.elementor-widget-image a img[src$=\".svg\"]{width:48px}.elementor-widget-image img{vertical-align:middle;display:inline-block}<\/style>\t\t\t\t\t\t\t\t\t\t\t\t<img fetchpriority=\"high\" decoding=\"async\" width=\"489\" height=\"589\" src=\"https:\/\/glocaliser.com\/wp-content\/uploads\/2023\/12\/WhatsApp-Image-2023-12-06-at-11.48.07-3.jpeg\" class=\"attachment-full size-full wp-image-7511\" alt=\"\" srcset=\"https:\/\/glocaliser.com\/wp-content\/uploads\/2023\/12\/WhatsApp-Image-2023-12-06-at-11.48.07-3.jpeg 489w, https:\/\/glocaliser.com\/wp-content\/uploads\/2023\/12\/WhatsApp-Image-2023-12-06-at-11.48.07-3-249x300.jpeg 249w\" sizes=\"(max-width: 489px) 100vw, 489px\" \/>\t\t\t\t\t\t\t\t\t\t\t\t\t\t\t<\/div>\n\t\t\t\t<\/div>\n\t\t\t\t\t<\/div>\n\t\t<\/div>\n\t\t\t\t<div class=\"elementor-column elementor-col-50 elementor-top-column elementor-element elementor-element-26e77597\" data-id=\"26e77597\" data-element_type=\"column\">\n\t\t\t<div class=\"elementor-widget-wrap elementor-element-populated\">\n\t\t\t\t\t\t\t\t<div class=\"elementor-element elementor-element-5fd7bdbf elementor-widget elementor-widget-heading\" data-id=\"5fd7bdbf\" data-element_type=\"widget\" data-widget_type=\"heading.default\">\n\t\t\t\t<div class=\"elementor-widget-container\">\n\t\t\t<h3 class=\"elementor-heading-title elementor-size-default\">Aylin G\u00f6knur<\/h3>\t\t<\/div>\n\t\t\t\t<\/div>\n\t\t\t\t<div class=\"elementor-element elementor-element-1f9b5d1f elementor-widget elementor-widget-text-editor\" data-id=\"1f9b5d1f\" data-element_type=\"widget\" data-widget_type=\"text-editor.default\">\n\t\t\t\t<div class=\"elementor-widget-container\">\n\t\t\t<style>\/*! elementor - v3.18.0 - 20-12-2023 *\/\n.elementor-widget-text-editor.elementor-drop-cap-view-stacked .elementor-drop-cap{background-color:#69727d;color:#fff}.elementor-widget-text-editor.elementor-drop-cap-view-framed .elementor-drop-cap{color:#69727d;border:3px solid;background-color:transparent}.elementor-widget-text-editor:not(.elementor-drop-cap-view-default) .elementor-drop-cap{margin-top:8px}.elementor-widget-text-editor:not(.elementor-drop-cap-view-default) .elementor-drop-cap-letter{width:1em;height:1em}.elementor-widget-text-editor .elementor-drop-cap{float:left;text-align:center;line-height:1;font-size:50px}.elementor-widget-text-editor .elementor-drop-cap-letter{display:inline-block}<\/style>\t\t\t\t<p class=\"s3\"><span class=\"s2\">Aylin G\u00f6knur <\/span><span class=\"s2\">mezun oldu<\/span> <span class=\"s2\">gelen<\/span> <span class=\"s2\">Bornova <\/span><span class=\"s2\">Anadolu<\/span><span class=\"s2\"> 1992&#8217;de Lise <\/span><span class=\"s2\">ve<\/span> <span class=\"s2\">Orta<\/span><span class=\"s2\">Do\u011fu Teknik <\/span><span class=\"s2\">\u00dcniversite<\/span><span class=\"s2\">, <\/span><span class=\"s2\">Departman<\/span><span class=\"s2\"> Mimarl\u0131k<\/span><span class=\"s2\"> 1996 y\u0131l\u0131nda<\/span><span class=\"s2\">.<\/span><\/p>\n<p class=\"s3\"><span class=\"s2\">Onun  <\/span><span class=\"s2\">deneyimler<\/span> <span class=\"s2\">\u00fczerinde<\/span><span class=\"s2\">  25  <\/span><span class=\"s2\">y\u0131llar<\/span> <span class=\"s2\">\u015funlar\u0131 i\u00e7erir<\/span> <span class=\"s2\">farkl\u0131<\/span> <span class=\"s2\">y\u00f6nleri<\/span><span class=\"s2\">  .  <\/span><span class=\"s2\">mimari<\/span> <span class=\"s2\">uygulama<\/span><span class=\"s2\">  &#8211;  <\/span><span class=\"s2\">perakende<\/span> <span class=\"s2\">planlama<\/span><span class=\"s2\">  &amp;  <\/span><span class=\"s2\">Tasar\u0131m<\/span><span class=\"s2\">,  <\/span><span class=\"s2\">yeniden tak &amp;  <\/span><span class=\"s2\">YEN\u0130LEME<\/span><span class=\"s2\">,<\/span> <span class=\"s2\">al\u0131\u015fveri\u015f merkezi<\/span> <span class=\"s2\">Tasar\u0131m<\/span><span class=\"s2\">,<\/span> <span class=\"s2\">kentsel  <\/span><span class=\"s2\">Tasar\u0131m<\/span><span class=\"s2\">,<\/span> <span class=\"s2\">i\u00e7 mekan<\/span> <span class=\"s2\">Tasar\u0131m<\/span><span class=\"s2\">ve<\/span> <span class=\"s2\">in\u015faat<\/span> <span class=\"s2\">&amp;<\/span> <span class=\"s2\">proje<\/span> <span class=\"s2\">Y\u00d6NET\u0130M<\/span><span class=\"s2\">.<\/span> <span class=\"s2\">O<\/span><span class=\"s2\">  var  <\/span><span class=\"s2\">Tasar\u0131m<\/span> <span class=\"s2\">rekabet<\/span> <span class=\"s2\">\u00f6d\u00fcller<\/span><span class=\"s2\">  olarak  <\/span><span class=\"s2\">par\u00e7a<\/span><span class=\"s2\">  .  <\/span><span class=\"s2\">mimari<\/span> <span class=\"s2\">ekipler<\/span><span class=\"s2\">.<\/span><\/p>\n<p class=\"s3\"><span class=\"s2\">O<\/span> <span class=\"s2\">ta\u015f\u0131nd\u0131<\/span> <span class=\"s2\">d\u0131\u015far\u0131<\/span><span class=\"s2\">  a  <\/span><span class=\"s2\">kur\u015fun<\/span> <span class=\"s2\">Tasar\u0131m<\/span> <span class=\"s2\">Y\u00d6NET\u0130M<\/span> <span class=\"s2\">TESCO&#8217;daki rol\u00fc  <\/span><span class=\"s2\">Uluslararas\u0131  <\/span><span class=\"s2\">Grup<\/span><span class=\"s2\">M\u00fclkiyet<\/span><span class=\"s2\">  Tak\u0131m (Birle\u015fik Krall\u0131k, Orta Avrupa,  <\/span><span class=\"s2\">Asya<\/span> <span class=\"s2\">ve<\/span> <span class=\"s2\">Hindustan<\/span><span class=\"s2\">  Hizmet  <\/span><span class=\"s2\">\u015eirket<\/span><span class=\"s2\">)<\/span> <span class=\"s2\">i\u00e7in<\/span><span class=\"s2\">  10  <\/span><span class=\"s2\">y\u0131llar<\/span><span class=\"s2\">,  <\/span><span class=\"s2\">ve<\/span> <span class=\"s2\">di\u011fer<\/span> <span class=\"s2\">yerel<\/span> <span class=\"s2\">ve<\/span> <span class=\"s2\">yabanc\u0131<\/span><span class=\"s2\">  s\u00fcpermarket  <\/span><span class=\"s2\">Zincirler<\/span> <span class=\"s2\">a\u015fa\u011f\u0131daki<\/span> <span class=\"s2\">daha sonra<\/span><span class=\"s2\">. Perakende <\/span><span class=\"s2\">Tasar\u0131m<\/span><span class=\"s2\">deneyim<\/span> <span class=\"s2\">i\u00e7erir<\/span> <span class=\"s2\">geli\u015fmekte olan<\/span> <span class=\"s2\">ma\u011faza<\/span> <span class=\"s2\">formatlar<\/span><span class=\"s2\">,  <\/span><span class=\"s2\">Tasar\u0131m<\/span> <span class=\"s2\">ve<\/span> <span class=\"s2\">proje<\/span> <span class=\"s2\">Y\u00d6NET\u0130M<\/span><span class=\"s2\">  .  <\/span><span class=\"s2\">yeni<\/span><span class=\"s2\">ma\u011fazalar<\/span><span class=\"s2\">,  <\/span><span class=\"s2\">al\u0131\u015fveri\u015f merkezleri<\/span><span class=\"s2\">  &amp; fit-<\/span><span class=\"s2\">D\u0131\u015far\u0131da<\/span><span class=\"s2\">,  <\/span><span class=\"s2\">tabela<\/span> <span class=\"s2\">paketler<\/span><span class=\"s2\">,  <\/span><span class=\"s2\">Ekipman<\/span> <span class=\"s2\">Tasar\u0131m<\/span> <span class=\"s2\">ve<\/span> <span class=\"s2\">marka<\/span> <span class=\"s2\">ileti\u015fim<\/span><span class=\"s2\">.<\/span><span class=\"s2\">O<\/span> <span class=\"s2\">w<\/span><span class=\"s2\">veyaked<\/span><span class=\"s2\">  i\u00e7inde  <\/span><span class=\"s2\">ve<\/span> <span class=\"s2\">en b\u00fcy\u00fck<\/span> <span class=\"s2\">konser<\/span> <span class=\"s2\">ve<\/span><span class=\"s2\">  sanat  <\/span><span class=\"s2\">salon<\/span><span class=\"s2\">  \u0130zmir Valisi Ahmed Adnan Saygun<\/span> <span class=\"s2\">Sanat Merkezi<\/span><span class=\"s2\">  (AASSM)  <\/span><span class=\"s2\">uygulama<\/span> <span class=\"s2\">proje<\/span> <span class=\"s2\">faz<\/span> <span class=\"s2\">ile<\/span><span class=\"s2\">  ARUP  <\/span><span class=\"s2\">M\u00fchendisler<\/span><span class=\"s2\">.<\/span><\/p>\n<p class=\"s3\"><span class=\"s2\">\u015eu anda<\/span> <span class=\"s2\">o<\/span><span class=\"s2\">  bir  <\/span><span class=\"s2\">proje<\/span> <span class=\"s2\">KOORD\u0130NAT\u00d6R<\/span> <span class=\"s2\">i\u00e7in<\/span><span class=\"s2\">  &#8220;<\/span><span class=\"s2\">\u0130zmirdeniz<\/span><span class=\"s2\">&#8221;  <\/span><span class=\"s2\">kentsel  <\/span><span class=\"s2\">Tasar\u0131m<\/span> <span class=\"s2\">proje<\/span><span class=\"s2\">,  <\/span><span class=\"s2\">o<\/span><span class=\"s2\">i\u00e7erir<\/span> <span class=\"s2\">K\u0131y\u0131lar<\/span><span class=\"s2\">  \u0130zmir&#8217;in<\/span><span class=\"s2\">.  <\/span><span class=\"s2\">O<\/span><span class=\"s2\">  o  <\/span><span class=\"s2\">Ayr\u0131ca<\/span> <span class=\"s2\">ta\u015f\u0131yan<\/span> <span class=\"s2\">d\u0131\u015far\u0131<\/span><span class=\"s2\">  a<\/span> <span class=\"s2\">k\u00fc\u00e7\u00fck<\/span> <span class=\"s2\">\u00f6l\u00e7ek<\/span> <span class=\"s2\">mimari<\/span> <span class=\"s2\">DANI\u015eMAN<\/span><span class=\"s2\">\u0130\u015e<\/span><span class=\"s2\">.<\/span><\/p>\n<p class=\"s3\"><span class=\"s2\">Aylin bir  <\/span><span class=\"s2\">g\u00fcd\u00fcml\u00fc<\/span> <span class=\"s2\">mimari<\/span> <span class=\"s2\">profesyonel<\/span> <span class=\"s2\">ile<\/span> <span class=\"s2\">Anahtar<\/span> <span class=\"s2\">Beceriler<\/span><span class=\"s2\">  .  <\/span><span class=\"s2\">i\u015fbirli\u011fi<\/span><span class=\"s2\">,  <\/span><span class=\"s2\">tak\u0131m<\/span><span class=\"s2\">Y\u00d6NET\u0130M<\/span><span class=\"s2\">,  <\/span><span class=\"s2\">teslim etmek<\/span> <span class=\"s2\">\u00c7\u00f6z\u00fcmler<\/span> <span class=\"s2\">ve<\/span> <span class=\"s2\">deneyim<\/span><span class=\"s2\">  i\u00e7inde  <\/span><span class=\"s2\">\u00e7al\u0131\u015f\u0131yor<\/span> <span class=\"s2\">kar\u015f\u0131s\u0131nda<\/span> <span class=\"s2\">k\u00fclt\u00fcrler<\/span><\/p>\n\t\t\t\t\t\t<\/div>\n\t\t\t\t<\/div>\n\t\t\t\t<div class=\"elementor-element elementor-element-38f8494f elementor-hidden-desktop elementor-hidden-tablet elementor-hidden-mobile elementor-widget elementor-widget-button\" data-id=\"38f8494f\" data-element_type=\"widget\" data-widget_type=\"button.default\">\n\t\t\t\t<div class=\"elementor-widget-container\">\n\t\t\t\t\t<div class=\"elementor-button-wrapper\">\n\t\t\t<a class=\"elementor-button elementor-button-link elementor-size-sm\" href=\"https:\/\/glocaliser.com\/pazar-analizi\/\">\n\t\t\t\t\t\t<span class=\"elementor-button-content-wrapper\">\n\t\t\t\t\t\t<span class=\"elementor-button-icon elementor-align-icon-right\">\n\t\t\t\t<i aria-hidden=\"true\" class=\"fas fa-angle-double-right\"><\/i>\t\t\t<\/span>\n\t\t\t\t\t\t<span class=\"elementor-button-text\">\u0130ncele<\/span>\n\t\t<\/span>\n\t\t\t\t\t<\/a>\n\t\t<\/div>\n\t\t\t\t<\/div>\n\t\t\t\t<\/div>\n\t\t\t\t\t<\/div>\n\t\t<\/div>\n\t\t\t\t\t\t\t<\/div>\n\t\t<\/section>\n\t\t\t\t\t\t\t<\/div>\n\t\t","protected":false},"excerpt":{"rendered":"<p>Tak\u0131m Ev Tak\u0131m Aylin G\u00f6knur Aylin G\u00f6knur mezun oldu gelen Bornova Anadolu 1992&#8217;de Lise ve OrtaDo\u011fu Teknik \u00dcniversite, Departman Mimarl\u0131k 1996 y\u0131l\u0131nda. Onun deneyimler \u00fczerinde 25 y\u0131llar \u015funlar\u0131 i\u00e7erir farkl\u0131 y\u00f6nleri . mimari uygulama &#8211; perakende planlama &amp; Tasar\u0131m, yeniden tak &amp; YEN\u0130LEME, al\u0131\u015fveri\u015f merkezi Tasar\u0131m, kentsel Tasar\u0131m, i\u00e7 mekan Tasar\u0131mve in\u015faat &amp; proje Y\u00d6NET\u0130M. [&hellip;]<\/p>\n","protected":false},"author":1,"featured_media":0,"parent":0,"menu_order":0,"comment_status":"closed","ping_status":"closed","template":"","meta":{"footnotes":""},"class_list":["post-8504","page","type-page","status-publish","hentry"],"acf":[],"_links":{"self":[{"href":"https:\/\/glocaliser.com\/tr\/wp-json\/wp\/v2\/pages\/8504","targetHints":{"allow":["GET"]}}],"collection":[{"href":"https:\/\/glocaliser.com\/tr\/wp-json\/wp\/v2\/pages"}],"about":[{"href":"https:\/\/glocaliser.com\/tr\/wp-json\/wp\/v2\/types\/page"}],"author":[{"embeddable":true,"href":"https:\/\/glocaliser.com\/tr\/wp-json\/wp\/v2\/users\/1"}],"replies":[{"embeddable":true,"href":"https:\/\/glocaliser.com\/tr\/wp-json\/wp\/v2\/comments?post=8504"}],"version-history":[{"count":1,"href":"https:\/\/glocaliser.com\/tr\/wp-json\/wp\/v2\/pages\/8504\/revisions"}],"predecessor-version":[{"id":8506,"href":"https:\/\/glocaliser.com\/tr\/wp-json\/wp\/v2\/pages\/8504\/revisions\/8506"}],"wp:attachment":[{"href":"https:\/\/glocaliser.com\/tr\/wp-json\/wp\/v2\/media?parent=8504"}],"curies":[{"name":"wp","href":"https:\/\/api.w.org\/{rel}","templated":true}]}}