{"id":8489,"date":"2023-03-02T13:06:32","date_gmt":"2023-03-02T13:06:32","guid":{"rendered":"https:\/\/glocaliser.com\/hakan-ozel\/"},"modified":"2024-02-01T09:28:28","modified_gmt":"2024-02-01T09:28:28","slug":"hakan-ozel","status":"publish","type":"page","link":"https:\/\/glocaliser.com\/tr\/hakan-ozel\/","title":{"rendered":"Hakan Ozel"},"content":{"rendered":"\t\t<div data-elementor-type=\"wp-page\" data-elementor-id=\"8489\" class=\"elementor elementor-8489 elementor-3149\" data-elementor-post-type=\"page\">\n\t\t\t\t\t\t\t\t\t<section class=\"elementor-section elementor-top-section elementor-element elementor-element-fc8845f elementor-section-boxed elementor-section-height-default elementor-section-height-default tf-sticky-section tf-sticky-no\" data-id=\"fc8845f\" data-element_type=\"section\" data-settings=\"{&quot;background_background&quot;:&quot;classic&quot;,&quot;tf_sticky&quot;:&quot;no&quot;}\">\n\t\t\t\t\t\t\t<div class=\"elementor-background-overlay\"><\/div>\n\t\t\t\t\t\t\t<div class=\"elementor-container elementor-column-gap-default\">\n\t\t\t\t\t<div class=\"elementor-column elementor-col-100 elementor-top-column elementor-element elementor-element-07ad0b9\" data-id=\"07ad0b9\" data-element_type=\"column\">\n\t\t\t<div class=\"elementor-widget-wrap elementor-element-populated\">\n\t\t\t\t\t\t\t\t<div class=\"elementor-element elementor-element-9f3bd2c elementor-invisible elementor-widget elementor-widget-heading\" data-id=\"9f3bd2c\" data-element_type=\"widget\" data-settings=\"{&quot;_animation&quot;:&quot;fadeInUp&quot;}\" data-widget_type=\"heading.default\">\n\t\t\t\t<div class=\"elementor-widget-container\">\n\t\t\t<style>\/*! elementor - v3.18.0 - 20-12-2023 *\/\n.elementor-heading-title{padding:0;margin:0;line-height:1}.elementor-widget-heading .elementor-heading-title[class*=elementor-size-]>a{color:inherit;font-size:inherit;line-height:inherit}.elementor-widget-heading .elementor-heading-title.elementor-size-small{font-size:15px}.elementor-widget-heading .elementor-heading-title.elementor-size-medium{font-size:19px}.elementor-widget-heading .elementor-heading-title.elementor-size-large{font-size:29px}.elementor-widget-heading .elementor-heading-title.elementor-size-xl{font-size:39px}.elementor-widget-heading .elementor-heading-title.elementor-size-xxl{font-size:59px}<\/style><h2 class=\"elementor-heading-title elementor-size-default\">Tak\u0131m<\/h2>\t\t<\/div>\n\t\t\t\t<\/div>\n\t\t\t\t<div class=\"elementor-element elementor-element-6a31d1e elementor-icon-list--layout-inline elementor-align-center elementor-list-item-link-full_width elementor-invisible elementor-widget elementor-widget-icon-list\" data-id=\"6a31d1e\" data-element_type=\"widget\" data-settings=\"{&quot;_animation&quot;:&quot;fadeInUp&quot;}\" data-widget_type=\"icon-list.default\">\n\t\t\t\t<div class=\"elementor-widget-container\">\n\t\t\t<link rel=\"stylesheet\" href=\"https:\/\/glocaliser.com\/wp-content\/plugins\/elementor\/assets\/css\/widget-icon-list.min.css\">\t\t<ul class=\"elementor-icon-list-items elementor-inline-items\">\n\t\t\t\t\t\t\t<li class=\"elementor-icon-list-item elementor-inline-item\">\n\t\t\t\t\t\t\t\t\t\t\t<a href=\"https:\/\/glocaliser.com\/tr\/\">\n\n\t\t\t\t\t\t\t\t\t\t\t<span class=\"elementor-icon-list-text\">Ev<\/span>\n\t\t\t\t\t\t\t\t\t\t\t<\/a>\n\t\t\t\t\t\t\t\t\t<\/li>\n\t\t\t\t\t\t\t\t<li class=\"elementor-icon-list-item elementor-inline-item\">\n\t\t\t\t\t\t\t\t\t\t\t<span class=\"elementor-icon-list-icon\">\n\t\t\t\t\t\t\t<i aria-hidden=\"true\" class=\"fas fa-angle-double-right\"><\/i>\t\t\t\t\t\t<\/span>\n\t\t\t\t\t\t\t\t\t\t<span class=\"elementor-icon-list-text\">Tak\u0131m<\/span>\n\t\t\t\t\t\t\t\t\t<\/li>\n\t\t\t\t\t\t<\/ul>\n\t\t\t\t<\/div>\n\t\t\t\t<\/div>\n\t\t\t\t\t<\/div>\n\t\t<\/div>\n\t\t\t\t\t\t\t<\/div>\n\t\t<\/section>\n\t\t\t\t<section class=\"elementor-section elementor-top-section elementor-element elementor-element-46dab198 elementor-section-boxed elementor-section-height-default elementor-section-height-default tf-sticky-section tf-sticky-no\" data-id=\"46dab198\" data-element_type=\"section\" data-settings=\"{&quot;tf_sticky&quot;:&quot;no&quot;}\">\n\t\t\t\t\t\t<div class=\"elementor-container elementor-column-gap-default\">\n\t\t\t\t\t<div class=\"elementor-column elementor-col-50 elementor-top-column elementor-element elementor-element-334d54f7\" data-id=\"334d54f7\" data-element_type=\"column\">\n\t\t\t<div class=\"elementor-widget-wrap elementor-element-populated\">\n\t\t\t\t\t\t\t\t<div class=\"elementor-element elementor-element-1951fff9 elementor-widget elementor-widget-image\" data-id=\"1951fff9\" data-element_type=\"widget\" data-widget_type=\"image.default\">\n\t\t\t\t<div class=\"elementor-widget-container\">\n\t\t\t<style>\/*! elementor - v3.18.0 - 20-12-2023 *\/\n.elementor-widget-image{text-align:center}.elementor-widget-image a{display:inline-block}.elementor-widget-image a img[src$=\".svg\"]{width:48px}.elementor-widget-image img{vertical-align:middle;display:inline-block}<\/style>\t\t\t\t\t\t\t\t\t\t\t\t<img fetchpriority=\"high\" decoding=\"async\" width=\"249\" height=\"333\" src=\"https:\/\/glocaliser.com\/wp-content\/uploads\/2023\/11\/Hakan-Ozel-12-1.jpg\" class=\"attachment-full size-full wp-image-6830\" alt=\"\" srcset=\"https:\/\/glocaliser.com\/wp-content\/uploads\/2023\/11\/Hakan-Ozel-12-1.jpg 249w, https:\/\/glocaliser.com\/wp-content\/uploads\/2023\/11\/Hakan-Ozel-12-1-224x300.jpg 224w\" sizes=\"(max-width: 249px) 100vw, 249px\" \/>\t\t\t\t\t\t\t\t\t\t\t\t\t\t\t<\/div>\n\t\t\t\t<\/div>\n\t\t\t\t\t<\/div>\n\t\t<\/div>\n\t\t\t\t<div class=\"elementor-column elementor-col-50 elementor-top-column elementor-element elementor-element-26e77597\" data-id=\"26e77597\" data-element_type=\"column\">\n\t\t\t<div class=\"elementor-widget-wrap elementor-element-populated\">\n\t\t\t\t\t\t\t\t<div class=\"elementor-element elementor-element-5fd7bdbf elementor-widget elementor-widget-heading\" data-id=\"5fd7bdbf\" data-element_type=\"widget\" data-widget_type=\"heading.default\">\n\t\t\t\t<div class=\"elementor-widget-container\">\n\t\t\t<h3 class=\"elementor-heading-title elementor-size-default\">Hakan Ozel<\/h3>\t\t<\/div>\n\t\t\t\t<\/div>\n\t\t\t\t<div class=\"elementor-element elementor-element-1f9b5d1f elementor-widget elementor-widget-text-editor\" data-id=\"1f9b5d1f\" data-element_type=\"widget\" data-widget_type=\"text-editor.default\">\n\t\t\t\t<div class=\"elementor-widget-container\">\n\t\t\t<style>\/*! elementor - v3.18.0 - 20-12-2023 *\/\n.elementor-widget-text-editor.elementor-drop-cap-view-stacked .elementor-drop-cap{background-color:#69727d;color:#fff}.elementor-widget-text-editor.elementor-drop-cap-view-framed .elementor-drop-cap{color:#69727d;border:3px solid;background-color:transparent}.elementor-widget-text-editor:not(.elementor-drop-cap-view-default) .elementor-drop-cap{margin-top:8px}.elementor-widget-text-editor:not(.elementor-drop-cap-view-default) .elementor-drop-cap-letter{width:1em;height:1em}.elementor-widget-text-editor .elementor-drop-cap{float:left;text-align:center;line-height:1;font-size:50px}.elementor-widget-text-editor .elementor-drop-cap-letter{display:inline-block}<\/style>\t\t\t\t<p>Hakan, g\u0131da \u00fcr\u00fcnleri ticareti ve gemi acenteli\u011fi hizmetleri alan\u0131nda T\u00fcrkiye&#8217;nin en ba\u015far\u0131l\u0131 firmalar\u0131ndan biri olan ve orta\u011f\u0131 oldu\u011fu <span style=\"color: var( --e-global-color-text ); font-family: var( --e-global-typography-text-font-family ), Sans-serif; font-size: var( --e-global-typography-text-font-size ); font-weight: var( --e-global-typography-text-font-weight ); letter-spacing: var( --e-global-typography-text-letter-spacing );\">ARMADA INTERNATIONAL (NIGERIA) LIMITED \u015firketinde 1998 y\u0131l\u0131ndan bug\u00fcne , T\u00fcrkiye ile Nijerya aras\u0131ndaki ticareti geli\u015ftirmek i\u00e7in aktif olarak \u00e7al\u0131\u015fmaktad\u0131r. Hakan&#8217;\u0131n stratejik giri\u015fimleri aras\u0131nda Tamek Holding \u00fcr\u00fcnlerini Nijerya pazar\u0131na tan\u0131tmak ve Tamek markas\u0131n\u0131n haklar\u0131n\u0131 g\u00fcvence alt\u0131na almak yer al\u0131yor. 1998&#8217;den 2004&#8217;e kadar bitmi\u015f \u00fcr\u00fcn ticareti yapan \u015firket, y\u00fcksek talep ve yerel \u00fcr\u00fcnlerin kullan\u0131m\u0131na y\u00f6nelik devlet te\u015fvikleri kar\u015f\u0131s\u0131nda Nijerya&#8217;n\u0131n ilk Domates Sal\u00e7as\u0131 Yeniden Paketleme fabrikas\u0131n\u0131n kurulmas\u0131na \u00f6nc\u00fcl\u00fck etti.<\/span><\/p><p>Hakan, bu ba\u015far\u0131lar\u0131n\u0131n yan\u0131 s\u0131ra 1998 y\u0131l\u0131ndan bu yana G\u00fcral Cam Grubu&#8217;nun Art Craft markal\u0131 cam ev e\u015fyalar\u0131n\u0131n da\u011f\u0131t\u0131m\u0131n\u0131 da ba\u015far\u0131yla y\u00fcr\u00fctmektedir. 10 y\u0131ll\u0131k deneyiminden ve m\u00fc\u015fteri taleplerinden yararlanarak, 12.500 m2&#8217;lik bir ofis binas\u0131 i\u00e7in devam eden bir proje ile bir InConstruction \u015firketi kurdu. \u015eirket ayr\u0131ca, g\u00fcn\u00fcm\u00fcz Nijerya&#8217;s\u0131nda 1000 metre derinli\u011fe ula\u015fabilen son teknoloji \u00fcr\u00fcn\u00fc bir sondaj makinesiyle rekabet \u00fcst\u00fcnl\u00fc\u011f\u00fcn\u00fc koruyarak sondaj faaliyetlerinde de \u00fcst\u00fcnl\u00fck sa\u011flamaktad\u0131r.<\/p><p>Hakan&#8217;\u0131n farkl\u0131 giri\u015fimleri, \u00fc\u00e7 ay \u00f6nce AKURE&#8217;de kurulan ve \u00f6zellikle tekne ve d\u00f6\u015feme yap\u0131m\u0131nda kullan\u0131lan IROKO ve SAPELE \u00fcreten ve T\u00fcrkiye&#8217;ye ihracat\u0131na ba\u015flanan bir ah\u015fap i\u015fleme tesisine kadar uzan\u0131yor. Di\u011fer geni\u015flemeler aras\u0131nda Nijerya&#8217;n\u0131n LEKKI kentinde bulunan ve \u00e7e\u015fitli in\u015faat projelerinde hayati \u00f6nem ta\u015f\u0131yan bir Tu\u011fla \u00dcretim tesisi de yer almaktad\u0131r. KANO ve NASSARAWA b\u00f6lgelerinde 2000 y\u0131l\u0131ndan bu yana faaliyet g\u00f6steren Susam Temizleme tesisleri, arac\u0131lar vas\u0131tas\u0131yla ARAP SAKIZI, Hibiskus \u00c7i\u00e7e\u011fi ve ZENCEF\u0130L gibi tar\u0131m \u00fcr\u00fcnlerinin uluslararas\u0131 sat\u0131\u015f\u0131n\u0131 kolayla\u015ft\u0131rmaktad\u0131r.<\/p><p>Bu faaliyetlerin \u00f6tesinde Hakan, T\u00fcrk firmalar\u0131nda hamur i\u015fleri i\u00e7in SESAME \u00fcretimi, TAH\u0130N\u0130 ve TAH\u0130N\u0130 HELVA da dahil olmak \u00fczere ek \u00fcretimleri denetlemektedir. Ayr\u0131ca, yaln\u0131zca Akhisar Zeytinliova oca\u011f\u0131ndan \u00e7\u0131kar\u0131lan \u00f6zel EGE KAHVE mermeri de \u015firketin zengin portf\u00f6y\u00fcne ekleniyor.<\/p><p>Evli ve iki g\u00fczel k\u0131z \u00e7ocu\u011funun gururlu babas\u0131 olan Hakan, 51 ya\u015f\u0131nda i\u015f d\u00fcnyas\u0131na \u00f6nemli katk\u0131larda bulunmaya devam etmektedir.<\/p>\t\t\t\t\t\t<\/div>\n\t\t\t\t<\/div>\n\t\t\t\t<div class=\"elementor-element elementor-element-38f8494f elementor-hidden-desktop elementor-hidden-tablet elementor-hidden-mobile elementor-widget elementor-widget-button\" data-id=\"38f8494f\" data-element_type=\"widget\" data-widget_type=\"button.default\">\n\t\t\t\t<div class=\"elementor-widget-container\">\n\t\t\t\t\t<div class=\"elementor-button-wrapper\">\n\t\t\t<a class=\"elementor-button elementor-button-link elementor-size-sm\" href=\"https:\/\/glocaliser.com\/pazar-analizi\/\">\n\t\t\t\t\t\t<span class=\"elementor-button-content-wrapper\">\n\t\t\t\t\t\t<span class=\"elementor-button-icon elementor-align-icon-right\">\n\t\t\t\t<i aria-hidden=\"true\" class=\"fas fa-angle-double-right\"><\/i>\t\t\t<\/span>\n\t\t\t\t\t\t<span class=\"elementor-button-text\">\u0130ncele<\/span>\n\t\t<\/span>\n\t\t\t\t\t<\/a>\n\t\t<\/div>\n\t\t\t\t<\/div>\n\t\t\t\t<\/div>\n\t\t\t\t\t<\/div>\n\t\t<\/div>\n\t\t\t\t\t\t\t<\/div>\n\t\t<\/section>\n\t\t\t\t\t\t\t<\/div>\n\t\t","protected":false},"excerpt":{"rendered":"<p>Tak\u0131m Ev Tak\u0131m Hakan Ozel Hakan, g\u0131da \u00fcr\u00fcnleri ticareti ve gemi acenteli\u011fi hizmetleri alan\u0131nda T\u00fcrkiye&#8217;nin en ba\u015far\u0131l\u0131 firmalar\u0131ndan biri olan ve orta\u011f\u0131 oldu\u011fu ARMADA INTERNATIONAL (NIGERIA) LIMITED \u015firketinde 1998 y\u0131l\u0131ndan bug\u00fcne , T\u00fcrkiye ile Nijerya aras\u0131ndaki ticareti geli\u015ftirmek i\u00e7in aktif olarak \u00e7al\u0131\u015fmaktad\u0131r. Hakan&#8217;\u0131n stratejik giri\u015fimleri aras\u0131nda Tamek Holding \u00fcr\u00fcnlerini Nijerya pazar\u0131na tan\u0131tmak ve Tamek markas\u0131n\u0131n [&hellip;]<\/p>\n","protected":false},"author":1,"featured_media":0,"parent":0,"menu_order":0,"comment_status":"closed","ping_status":"closed","template":"","meta":{"footnotes":""},"class_list":["post-8489","page","type-page","status-publish","hentry"],"acf":[],"_links":{"self":[{"href":"https:\/\/glocaliser.com\/tr\/wp-json\/wp\/v2\/pages\/8489","targetHints":{"allow":["GET"]}}],"collection":[{"href":"https:\/\/glocaliser.com\/tr\/wp-json\/wp\/v2\/pages"}],"about":[{"href":"https:\/\/glocaliser.com\/tr\/wp-json\/wp\/v2\/types\/page"}],"author":[{"embeddable":true,"href":"https:\/\/glocaliser.com\/tr\/wp-json\/wp\/v2\/users\/1"}],"replies":[{"embeddable":true,"href":"https:\/\/glocaliser.com\/tr\/wp-json\/wp\/v2\/comments?post=8489"}],"version-history":[{"count":4,"href":"https:\/\/glocaliser.com\/tr\/wp-json\/wp\/v2\/pages\/8489\/revisions"}],"predecessor-version":[{"id":9462,"href":"https:\/\/glocaliser.com\/tr\/wp-json\/wp\/v2\/pages\/8489\/revisions\/9462"}],"wp:attachment":[{"href":"https:\/\/glocaliser.com\/tr\/wp-json\/wp\/v2\/media?parent=8489"}],"curies":[{"name":"wp","href":"https:\/\/api.w.org\/{rel}","templated":true}]}}