{"id":8483,"date":"2022-11-17T14:52:36","date_gmt":"2022-11-17T14:52:36","guid":{"rendered":"https:\/\/glocaliser.com\/murat-bektaslar\/"},"modified":"2024-01-03T19:16:53","modified_gmt":"2024-01-03T19:16:53","slug":"murat-bektaslar","status":"publish","type":"page","link":"https:\/\/glocaliser.com\/tr\/murat-bektaslar\/","title":{"rendered":"Murat Bekta\u015flar"},"content":{"rendered":"\t\t<div data-elementor-type=\"wp-page\" data-elementor-id=\"8483\" class=\"elementor elementor-8483 elementor-2511\" data-elementor-post-type=\"page\">\n\t\t\t\t\t\t\t\t\t<section class=\"elementor-section elementor-top-section elementor-element elementor-element-fc8845f elementor-section-boxed elementor-section-height-default elementor-section-height-default tf-sticky-section tf-sticky-no\" data-id=\"fc8845f\" data-element_type=\"section\" data-settings=\"{&quot;background_background&quot;:&quot;classic&quot;,&quot;tf_sticky&quot;:&quot;no&quot;}\">\n\t\t\t\t\t\t\t<div class=\"elementor-background-overlay\"><\/div>\n\t\t\t\t\t\t\t<div class=\"elementor-container elementor-column-gap-default\">\n\t\t\t\t\t<div class=\"elementor-column elementor-col-100 elementor-top-column elementor-element elementor-element-07ad0b9\" data-id=\"07ad0b9\" data-element_type=\"column\">\n\t\t\t<div class=\"elementor-widget-wrap elementor-element-populated\">\n\t\t\t\t\t\t\t\t<div class=\"elementor-element elementor-element-9f3bd2c elementor-invisible elementor-widget elementor-widget-heading\" data-id=\"9f3bd2c\" data-element_type=\"widget\" data-settings=\"{&quot;_animation&quot;:&quot;fadeInUp&quot;}\" data-widget_type=\"heading.default\">\n\t\t\t\t<div class=\"elementor-widget-container\">\n\t\t\t<style>\/*! elementor - v3.18.0 - 20-12-2023 *\/\n.elementor-heading-title{padding:0;margin:0;line-height:1}.elementor-widget-heading .elementor-heading-title[class*=elementor-size-]>a{color:inherit;font-size:inherit;line-height:inherit}.elementor-widget-heading .elementor-heading-title.elementor-size-small{font-size:15px}.elementor-widget-heading .elementor-heading-title.elementor-size-medium{font-size:19px}.elementor-widget-heading .elementor-heading-title.elementor-size-large{font-size:29px}.elementor-widget-heading .elementor-heading-title.elementor-size-xl{font-size:39px}.elementor-widget-heading .elementor-heading-title.elementor-size-xxl{font-size:59px}<\/style><h2 class=\"elementor-heading-title elementor-size-default\">Tak\u0131m<\/h2>\t\t<\/div>\n\t\t\t\t<\/div>\n\t\t\t\t<div class=\"elementor-element elementor-element-6a31d1e elementor-icon-list--layout-inline elementor-align-center elementor-list-item-link-full_width elementor-invisible elementor-widget elementor-widget-icon-list\" data-id=\"6a31d1e\" data-element_type=\"widget\" data-settings=\"{&quot;_animation&quot;:&quot;fadeInUp&quot;}\" data-widget_type=\"icon-list.default\">\n\t\t\t\t<div class=\"elementor-widget-container\">\n\t\t\t<link rel=\"stylesheet\" href=\"https:\/\/glocaliser.com\/wp-content\/plugins\/elementor\/assets\/css\/widget-icon-list.min.css\">\t\t<ul class=\"elementor-icon-list-items elementor-inline-items\">\n\t\t\t\t\t\t\t<li class=\"elementor-icon-list-item elementor-inline-item\">\n\t\t\t\t\t\t\t\t\t\t\t<a href=\"https:\/\/glocaliser.com\/tr\/\">\n\n\t\t\t\t\t\t\t\t\t\t\t<span class=\"elementor-icon-list-text\">Ev<\/span>\n\t\t\t\t\t\t\t\t\t\t\t<\/a>\n\t\t\t\t\t\t\t\t\t<\/li>\n\t\t\t\t\t\t\t\t<li class=\"elementor-icon-list-item elementor-inline-item\">\n\t\t\t\t\t\t\t\t\t\t\t<span class=\"elementor-icon-list-icon\">\n\t\t\t\t\t\t\t<i aria-hidden=\"true\" class=\"fas fa-angle-double-right\"><\/i>\t\t\t\t\t\t<\/span>\n\t\t\t\t\t\t\t\t\t\t<span class=\"elementor-icon-list-text\">Tak\u0131m<\/span>\n\t\t\t\t\t\t\t\t\t<\/li>\n\t\t\t\t\t\t<\/ul>\n\t\t\t\t<\/div>\n\t\t\t\t<\/div>\n\t\t\t\t\t<\/div>\n\t\t<\/div>\n\t\t\t\t\t\t\t<\/div>\n\t\t<\/section>\n\t\t\t\t<section class=\"elementor-section elementor-top-section elementor-element elementor-element-46dab198 elementor-section-boxed elementor-section-height-default elementor-section-height-default tf-sticky-section tf-sticky-no\" data-id=\"46dab198\" data-element_type=\"section\" data-settings=\"{&quot;tf_sticky&quot;:&quot;no&quot;}\">\n\t\t\t\t\t\t<div class=\"elementor-container elementor-column-gap-default\">\n\t\t\t\t\t<div class=\"elementor-column elementor-col-50 elementor-top-column elementor-element elementor-element-334d54f7\" data-id=\"334d54f7\" data-element_type=\"column\">\n\t\t\t<div class=\"elementor-widget-wrap elementor-element-populated\">\n\t\t\t\t\t\t\t\t<div class=\"elementor-element elementor-element-1951fff9 elementor-widget elementor-widget-image\" data-id=\"1951fff9\" data-element_type=\"widget\" data-widget_type=\"image.default\">\n\t\t\t\t<div class=\"elementor-widget-container\">\n\t\t\t<style>\/*! elementor - v3.18.0 - 20-12-2023 *\/\n.elementor-widget-image{text-align:center}.elementor-widget-image a{display:inline-block}.elementor-widget-image a img[src$=\".svg\"]{width:48px}.elementor-widget-image img{vertical-align:middle;display:inline-block}<\/style>\t\t\t\t\t\t\t\t\t\t\t\t<img fetchpriority=\"high\" decoding=\"async\" width=\"2211\" height=\"2211\" src=\"https:\/\/glocaliser.com\/wp-content\/uploads\/2023\/12\/FullSizeRender-207-kopyasi.jpg\" class=\"attachment-full size-full wp-image-7787\" alt=\"\" srcset=\"https:\/\/glocaliser.com\/wp-content\/uploads\/2023\/12\/FullSizeRender-207-kopyasi.jpg 2211w, https:\/\/glocaliser.com\/wp-content\/uploads\/2023\/12\/FullSizeRender-207-kopyasi-300x300.jpg 300w, https:\/\/glocaliser.com\/wp-content\/uploads\/2023\/12\/FullSizeRender-207-kopyasi-1024x1024.jpg 1024w, https:\/\/glocaliser.com\/wp-content\/uploads\/2023\/12\/FullSizeRender-207-kopyasi-150x150.jpg 150w, https:\/\/glocaliser.com\/wp-content\/uploads\/2023\/12\/FullSizeRender-207-kopyasi-768x768.jpg 768w, https:\/\/glocaliser.com\/wp-content\/uploads\/2023\/12\/FullSizeRender-207-kopyasi-1536x1536.jpg 1536w, https:\/\/glocaliser.com\/wp-content\/uploads\/2023\/12\/FullSizeRender-207-kopyasi-2048x2048.jpg 2048w\" sizes=\"(max-width: 2211px) 100vw, 2211px\" \/>\t\t\t\t\t\t\t\t\t\t\t\t\t\t\t<\/div>\n\t\t\t\t<\/div>\n\t\t\t\t\t<\/div>\n\t\t<\/div>\n\t\t\t\t<div class=\"elementor-column elementor-col-50 elementor-top-column elementor-element elementor-element-26e77597\" data-id=\"26e77597\" data-element_type=\"column\">\n\t\t\t<div class=\"elementor-widget-wrap elementor-element-populated\">\n\t\t\t\t\t\t\t\t<div class=\"elementor-element elementor-element-5fd7bdbf elementor-widget elementor-widget-heading\" data-id=\"5fd7bdbf\" data-element_type=\"widget\" data-widget_type=\"heading.default\">\n\t\t\t\t<div class=\"elementor-widget-container\">\n\t\t\t<h3 class=\"elementor-heading-title elementor-size-default\">Murat Bekta\u015flar<\/h3>\t\t<\/div>\n\t\t\t\t<\/div>\n\t\t\t\t<div class=\"elementor-element elementor-element-1f9b5d1f elementor-widget elementor-widget-text-editor\" data-id=\"1f9b5d1f\" data-element_type=\"widget\" data-widget_type=\"text-editor.default\">\n\t\t\t\t<div class=\"elementor-widget-container\">\n\t\t\t<style>\/*! elementor - v3.18.0 - 20-12-2023 *\/\n.elementor-widget-text-editor.elementor-drop-cap-view-stacked .elementor-drop-cap{background-color:#69727d;color:#fff}.elementor-widget-text-editor.elementor-drop-cap-view-framed .elementor-drop-cap{color:#69727d;border:3px solid;background-color:transparent}.elementor-widget-text-editor:not(.elementor-drop-cap-view-default) .elementor-drop-cap{margin-top:8px}.elementor-widget-text-editor:not(.elementor-drop-cap-view-default) .elementor-drop-cap-letter{width:1em;height:1em}.elementor-widget-text-editor .elementor-drop-cap{float:left;text-align:center;line-height:1;font-size:50px}.elementor-widget-text-editor .elementor-drop-cap-letter{display:inline-block}<\/style>\t\t\t\t<p>Murat Bekta\u015flar 1973 y\u0131l\u0131nda Almanya&#8217;da do\u011fdu, ilk ve orta \u00f6\u011frenimini \u0130zmir&#8217;de tamamlad\u0131 ve 1996 y\u0131l\u0131nda \u0130stanbul \u00dcniversitesi Jeofizik M\u00fchendisli\u011fi b\u00f6l\u00fcm\u00fcnden mezun oldu.<br \/>Okul y\u0131llar\u0131nda kasiyer olarak ba\u015flad\u0131\u011f\u0131 perakende sekt\u00f6r\u00fc onun i\u00e7in kal\u0131c\u0131 bir tutku haline geldi.<br \/>D\u00fcnya \u00e7ap\u0131nda tan\u0131nan uluslararas\u0131 perakende \u015firketlerinde \u00e7e\u015fitli g\u00f6revler \u00fcstlendi ve 28 y\u0131ll\u0131k perakende yolculu\u011fu boyunca 25 ekip y\u00f6neterek y\u00fczlerce y\u00f6neticinin geli\u015fimine do\u011frudan destek sa\u011flad\u0131. Perakende yolculu\u011funun son 4 y\u0131l\u0131nda, Afrika&#8217;n\u0131n en kalabal\u0131k \u00fclkelerinden biri olan Nijerya&#8217;da yeni bir giri\u015fimin CEO&#8217;su olarak g\u00f6rev yapt\u0131. Y\u0131llar boyunca bilgi ve deneyimlerini payla\u015f\u0131rken, Afrika pazar\u0131na ili\u015fkin inan\u0131lmaz i\u00e7g\u00f6r\u00fcler kazand\u0131 ve kapsam\u0131n\u0131 Mauritius&#8217;u da i\u00e7erecek \u015fekilde geni\u015fletti.<br \/>Perakendenin yan\u0131 s\u0131ra, \u00f6nemli de\u011fi\u015fim ve geli\u015fim gerektiren projelere liderlik etti. T\u00fcrkiye&#8217;deki say\u0131l\u0131 IoT \u00fcretim tesislerinden birini kurman\u0131n koordinasyonunu \u00fcstlendi.<br \/>Murat&#8217;\u0131n g\u00fc\u00e7l\u00fc oldu\u011fu alanlar aras\u0131nda \u00c7ok Kanall\u0131 Perakendecilik, Strateji ve Planlama, De\u011fi\u015fim\/Proje Y\u00f6netimi, Ki\u015fisel Geli\u015fim, Sat\u0131n Alma\/Ticari, Dijital Odakl\u0131 Pazarlama ve daha fazlas\u0131 yer almaktad\u0131r.<br \/>Murat evli ve iki harika gen\u00e7 k\u0131z\u0131n gururlu babas\u0131.<\/p>\n\t\t\t\t\t\t<\/div>\n\t\t\t\t<\/div>\n\t\t\t\t<div class=\"elementor-element elementor-element-7499394 elementor-arrows-position-inside elementor-pagination-position-outside elementor-widget elementor-widget-image-carousel\" data-id=\"7499394\" data-element_type=\"widget\" data-settings=\"{&quot;image_spacing_custom&quot;:{&quot;unit&quot;:&quot;px&quot;,&quot;size&quot;:10,&quot;sizes&quot;:[]},&quot;navigation&quot;:&quot;both&quot;,&quot;autoplay&quot;:&quot;yes&quot;,&quot;pause_on_hover&quot;:&quot;yes&quot;,&quot;pause_on_interaction&quot;:&quot;yes&quot;,&quot;autoplay_speed&quot;:5000,&quot;infinite&quot;:&quot;yes&quot;,&quot;speed&quot;:500,&quot;image_spacing_custom_tablet&quot;:{&quot;unit&quot;:&quot;px&quot;,&quot;size&quot;:&quot;&quot;,&quot;sizes&quot;:[]},&quot;image_spacing_custom_mobile&quot;:{&quot;unit&quot;:&quot;px&quot;,&quot;size&quot;:&quot;&quot;,&quot;sizes&quot;:[]}}\" data-widget_type=\"image-carousel.default\">\n\t\t\t\t<div class=\"elementor-widget-container\">\n\t\t\t<style>\/*! elementor - v3.18.0 - 20-12-2023 *\/\n.elementor-widget-image-carousel .swiper,.elementor-widget-image-carousel .swiper-container{position:static}.elementor-widget-image-carousel .swiper-container .swiper-slide figure,.elementor-widget-image-carousel .swiper .swiper-slide figure{line-height:inherit}.elementor-widget-image-carousel .swiper-slide{text-align:center}.elementor-image-carousel-wrapper:not(.swiper-container-initialized):not(.swiper-initialized) .swiper-slide{max-width:calc(100% \/ var(--e-image-carousel-slides-to-show, 3))}<\/style>\t\t<div class=\"elementor-image-carousel-wrapper swiper-container\" dir=\"ltr\">\n\t\t\t<div class=\"elementor-image-carousel swiper-wrapper\" aria-live=\"off\">\n\t\t\t\t\t\t\t\t<div class=\"swiper-slide\" role=\"group\" aria-roledescription=\"slide\" aria-label=\"1 \/ 6\"><a data-elementor-open-lightbox=\"yes\" data-elementor-lightbox-slideshow=\"7499394\" data-elementor-lightbox-title=\"IMG_7717 kopyas\u0131\" data-e-action-hash=\"#elementor-action%3Aaction%3Dlightbox%26settings%3DeyJpZCI6Nzc5MywidXJsIjoiaHR0cHM6XC9cL2dsb2NhbGlzZXIuY29tXC93cC1jb250ZW50XC91cGxvYWRzXC8yMDIzXC8xMlwvSU1HXzc3MTcta29weWFzaS5qcGciLCJzbGlkZXNob3ciOiI3NDk5Mzk0In0%3D\" href=\"https:\/\/glocaliser.com\/wp-content\/uploads\/2023\/12\/IMG_7717-kopyasi.jpg\"><figure class=\"swiper-slide-inner\"><img decoding=\"async\" class=\"swiper-slide-image\" src=\"https:\/\/glocaliser.com\/wp-content\/uploads\/2023\/12\/IMG_7717-kopyasi-768x728.jpg\" alt=\"IMG_7717 kopyas\u0131\" \/><\/figure><\/a><\/div><div class=\"swiper-slide\" role=\"group\" aria-roledescription=\"slide\" aria-label=\"2 \/ 6\"><a data-elementor-open-lightbox=\"yes\" data-elementor-lightbox-slideshow=\"7499394\" data-elementor-lightbox-title=\"IMG_9333 kopyas\u0131\" data-e-action-hash=\"#elementor-action%3Aaction%3Dlightbox%26settings%3DeyJpZCI6Nzc4MSwidXJsIjoiaHR0cHM6XC9cL2dsb2NhbGlzZXIuY29tXC93cC1jb250ZW50XC91cGxvYWRzXC8yMDIzXC8xMlwvSU1HXzkzMzMta29weWFzaS1zY2FsZWQuanBnIiwic2xpZGVzaG93IjoiNzQ5OTM5NCJ9\" href=\"https:\/\/glocaliser.com\/wp-content\/uploads\/2023\/12\/IMG_9333-kopyasi-scaled.jpg\"><figure class=\"swiper-slide-inner\"><img decoding=\"async\" class=\"swiper-slide-image\" src=\"https:\/\/glocaliser.com\/wp-content\/uploads\/2023\/12\/IMG_9333-kopyasi-768x512.jpg\" alt=\"IMG_9333 kopyas\u0131\" \/><\/figure><\/a><\/div><div class=\"swiper-slide\" role=\"group\" aria-roledescription=\"slide\" aria-label=\"3 \/ 6\"><a data-elementor-open-lightbox=\"yes\" data-elementor-lightbox-slideshow=\"7499394\" data-elementor-lightbox-title=\"20150915_102741-01 kopyas\u0131\" data-e-action-hash=\"#elementor-action%3Aaction%3Dlightbox%26settings%3DeyJpZCI6Nzc4MywidXJsIjoiaHR0cHM6XC9cL2dsb2NhbGlzZXIuY29tXC93cC1jb250ZW50XC91cGxvYWRzXC8yMDIzXC8xMlwvMjAxNTA5MTVfMTAyNzQxLTAxLWtvcHlhc2ktc2NhbGVkLmpwZWciLCJzbGlkZXNob3ciOiI3NDk5Mzk0In0%3D\" href=\"https:\/\/glocaliser.com\/wp-content\/uploads\/2023\/12\/20150915_102741-01-kopyasi-scaled.jpeg\"><figure class=\"swiper-slide-inner\"><img decoding=\"async\" class=\"swiper-slide-image\" src=\"https:\/\/glocaliser.com\/wp-content\/uploads\/2023\/12\/20150915_102741-01-kopyasi-768x540.jpeg\" alt=\"20150915_102741-01 kopyas\u0131\" \/><\/figure><\/a><\/div><div class=\"swiper-slide\" role=\"group\" aria-roledescription=\"slide\" aria-label=\"4 \/ 6\"><a data-elementor-open-lightbox=\"yes\" data-elementor-lightbox-slideshow=\"7499394\" data-elementor-lightbox-title=\"IMG_6833 kopyas\u0131\" data-e-action-hash=\"#elementor-action%3Aaction%3Dlightbox%26settings%3DeyJpZCI6Nzc4OSwidXJsIjoiaHR0cHM6XC9cL2dsb2NhbGlzZXIuY29tXC93cC1jb250ZW50XC91cGxvYWRzXC8yMDIzXC8xMlwvSU1HXzY4MzMta29weWFzaS1zY2FsZWQuanBnIiwic2xpZGVzaG93IjoiNzQ5OTM5NCJ9\" href=\"https:\/\/glocaliser.com\/wp-content\/uploads\/2023\/12\/IMG_6833-kopyasi-scaled.jpg\"><figure class=\"swiper-slide-inner\"><img decoding=\"async\" class=\"swiper-slide-image\" src=\"https:\/\/glocaliser.com\/wp-content\/uploads\/2023\/12\/IMG_6833-kopyasi-768x576.jpg\" alt=\"IMG_6833 kopyas\u0131\" \/><\/figure><\/a><\/div><div class=\"swiper-slide\" role=\"group\" aria-roledescription=\"slide\" aria-label=\"5 \/ 6\"><a data-elementor-open-lightbox=\"yes\" data-elementor-lightbox-slideshow=\"7499394\" data-elementor-lightbox-title=\"IMG_8363 kopyas\u0131\" data-e-action-hash=\"#elementor-action%3Aaction%3Dlightbox%26settings%3DeyJpZCI6Nzc5MSwidXJsIjoiaHR0cHM6XC9cL2dsb2NhbGlzZXIuY29tXC93cC1jb250ZW50XC91cGxvYWRzXC8yMDIzXC8xMlwvSU1HXzgzNjMta29weWFzaS1zY2FsZWQuanBnIiwic2xpZGVzaG93IjoiNzQ5OTM5NCJ9\" href=\"https:\/\/glocaliser.com\/wp-content\/uploads\/2023\/12\/IMG_8363-kopyasi-scaled.jpg\"><figure class=\"swiper-slide-inner\"><img decoding=\"async\" class=\"swiper-slide-image\" src=\"https:\/\/glocaliser.com\/wp-content\/uploads\/2023\/12\/IMG_8363-kopyasi-768x576.jpg\" alt=\"IMG_8363 kopyas\u0131\" \/><\/figure><\/a><\/div><div class=\"swiper-slide\" role=\"group\" aria-roledescription=\"slide\" aria-label=\"6 \/ 6\"><a data-elementor-open-lightbox=\"yes\" data-elementor-lightbox-slideshow=\"7499394\" data-elementor-lightbox-title=\"20170811_183221-01 kopyas\u0131\" data-e-action-hash=\"#elementor-action%3Aaction%3Dlightbox%26settings%3DeyJpZCI6Nzc4NSwidXJsIjoiaHR0cHM6XC9cL2dsb2NhbGlzZXIuY29tXC93cC1jb250ZW50XC91cGxvYWRzXC8yMDIzXC8xMlwvMjAxNzA4MTFfMTgzMjIxLTAxLWtvcHlhc2kuanBlZyIsInNsaWRlc2hvdyI6Ijc0OTkzOTQifQ%3D%3D\" href=\"https:\/\/glocaliser.com\/wp-content\/uploads\/2023\/12\/20170811_183221-01-kopyasi.jpeg\"><figure class=\"swiper-slide-inner\"><img decoding=\"async\" class=\"swiper-slide-image\" src=\"https:\/\/glocaliser.com\/wp-content\/uploads\/2023\/12\/20170811_183221-01-kopyasi-768x768.jpeg\" alt=\"20170811_183221-01 kopyas\u0131\" \/><\/figure><\/a><\/div>\t\t\t<\/div>\n\t\t\t\t\t\t\t\t\t\t\t\t<div class=\"elementor-swiper-button elementor-swiper-button-prev\" role=\"button\" tabindex=\"0\">\n\t\t\t\t\t\t<i aria-hidden=\"true\" class=\"eicon-chevron-left\"><\/i>\t\t\t\t\t<\/div>\n\t\t\t\t\t<div class=\"elementor-swiper-button elementor-swiper-button-next\" role=\"button\" tabindex=\"0\">\n\t\t\t\t\t\t<i aria-hidden=\"true\" class=\"eicon-chevron-right\"><\/i>\t\t\t\t\t<\/div>\n\t\t\t\t\n\t\t\t\t\t\t\t\t\t<div class=\"swiper-pagination\"><\/div>\n\t\t\t\t\t\t\t\t\t<\/div>\n\t\t\t\t<\/div>\n\t\t\t\t<\/div>\n\t\t\t\t<div class=\"elementor-element elementor-element-38f8494f elementor-hidden-desktop elementor-hidden-tablet elementor-hidden-mobile elementor-widget elementor-widget-button\" data-id=\"38f8494f\" data-element_type=\"widget\" data-widget_type=\"button.default\">\n\t\t\t\t<div class=\"elementor-widget-container\">\n\t\t\t\t\t<div class=\"elementor-button-wrapper\">\n\t\t\t<a class=\"elementor-button elementor-button-link elementor-size-sm\" href=\"https:\/\/glocaliser.com\/pazar-analizi\/\">\n\t\t\t\t\t\t<span class=\"elementor-button-content-wrapper\">\n\t\t\t\t\t\t<span class=\"elementor-button-icon elementor-align-icon-right\">\n\t\t\t\t<i aria-hidden=\"true\" class=\"fas fa-angle-double-right\"><\/i>\t\t\t<\/span>\n\t\t\t\t\t\t<span class=\"elementor-button-text\">\u0130ncele<\/span>\n\t\t<\/span>\n\t\t\t\t\t<\/a>\n\t\t<\/div>\n\t\t\t\t<\/div>\n\t\t\t\t<\/div>\n\t\t\t\t\t<\/div>\n\t\t<\/div>\n\t\t\t\t\t\t\t<\/div>\n\t\t<\/section>\n\t\t\t\t\t\t\t<\/div>\n\t\t","protected":false},"excerpt":{"rendered":"<p>Tak\u0131m Ev Tak\u0131m Murat Bekta\u015flar Murat Bekta\u015flar 1973 y\u0131l\u0131nda Almanya&#8217;da do\u011fdu, ilk ve orta \u00f6\u011frenimini \u0130zmir&#8217;de tamamlad\u0131 ve 1996 y\u0131l\u0131nda \u0130stanbul \u00dcniversitesi Jeofizik M\u00fchendisli\u011fi b\u00f6l\u00fcm\u00fcnden mezun oldu.Okul y\u0131llar\u0131nda kasiyer olarak ba\u015flad\u0131\u011f\u0131 perakende sekt\u00f6r\u00fc onun i\u00e7in kal\u0131c\u0131 bir tutku haline geldi.D\u00fcnya \u00e7ap\u0131nda tan\u0131nan uluslararas\u0131 perakende \u015firketlerinde \u00e7e\u015fitli g\u00f6revler \u00fcstlendi ve 28 y\u0131ll\u0131k perakende yolculu\u011fu boyunca 25 [&hellip;]<\/p>\n","protected":false},"author":1,"featured_media":0,"parent":0,"menu_order":0,"comment_status":"closed","ping_status":"closed","template":"","meta":{"footnotes":""},"class_list":["post-8483","page","type-page","status-publish","hentry"],"acf":[],"_links":{"self":[{"href":"https:\/\/glocaliser.com\/tr\/wp-json\/wp\/v2\/pages\/8483","targetHints":{"allow":["GET"]}}],"collection":[{"href":"https:\/\/glocaliser.com\/tr\/wp-json\/wp\/v2\/pages"}],"about":[{"href":"https:\/\/glocaliser.com\/tr\/wp-json\/wp\/v2\/types\/page"}],"author":[{"embeddable":true,"href":"https:\/\/glocaliser.com\/tr\/wp-json\/wp\/v2\/users\/1"}],"replies":[{"embeddable":true,"href":"https:\/\/glocaliser.com\/tr\/wp-json\/wp\/v2\/comments?post=8483"}],"version-history":[{"count":2,"href":"https:\/\/glocaliser.com\/tr\/wp-json\/wp\/v2\/pages\/8483\/revisions"}],"predecessor-version":[{"id":8493,"href":"https:\/\/glocaliser.com\/tr\/wp-json\/wp\/v2\/pages\/8483\/revisions\/8493"}],"wp:attachment":[{"href":"https:\/\/glocaliser.com\/tr\/wp-json\/wp\/v2\/media?parent=8483"}],"curies":[{"name":"wp","href":"https:\/\/api.w.org\/{rel}","templated":true}]}}