{"id":8442,"date":"2023-10-26T14:07:40","date_gmt":"2023-10-26T14:07:40","guid":{"rendered":"https:\/\/glocaliser.com\/cheng-fuller\/"},"modified":"2024-01-03T18:55:55","modified_gmt":"2024-01-03T18:55:55","slug":"cheng-fuller","status":"publish","type":"page","link":"https:\/\/glocaliser.com\/tr\/cheng-fuller\/","title":{"rendered":"Cheng Fuller"},"content":{"rendered":"\t\t<div data-elementor-type=\"wp-page\" data-elementor-id=\"8442\" class=\"elementor elementor-8442 elementor-4915\" data-elementor-post-type=\"page\">\n\t\t\t\t\t\t\t\t\t<section class=\"elementor-section elementor-top-section elementor-element elementor-element-198f5972 elementor-section-boxed elementor-section-height-default elementor-section-height-default tf-sticky-section tf-sticky-no\" data-id=\"198f5972\" data-element_type=\"section\" data-settings=\"{&quot;background_background&quot;:&quot;classic&quot;,&quot;tf_sticky&quot;:&quot;no&quot;}\">\n\t\t\t\t\t\t\t<div class=\"elementor-background-overlay\"><\/div>\n\t\t\t\t\t\t\t<div class=\"elementor-container elementor-column-gap-default\">\n\t\t\t\t\t<div class=\"elementor-column elementor-col-100 elementor-top-column elementor-element elementor-element-3d19d1d7\" data-id=\"3d19d1d7\" data-element_type=\"column\">\n\t\t\t<div class=\"elementor-widget-wrap elementor-element-populated\">\n\t\t\t\t\t\t\t\t<div class=\"elementor-element elementor-element-1f59cf7f elementor-invisible elementor-widget elementor-widget-heading\" data-id=\"1f59cf7f\" data-element_type=\"widget\" data-settings=\"{&quot;_animation&quot;:&quot;fadeInUp&quot;}\" data-widget_type=\"heading.default\">\n\t\t\t\t<div class=\"elementor-widget-container\">\n\t\t\t<style>\/*! elementor - v3.18.0 - 20-12-2023 *\/\n.elementor-heading-title{padding:0;margin:0;line-height:1}.elementor-widget-heading .elementor-heading-title[class*=elementor-size-]>a{color:inherit;font-size:inherit;line-height:inherit}.elementor-widget-heading .elementor-heading-title.elementor-size-small{font-size:15px}.elementor-widget-heading .elementor-heading-title.elementor-size-medium{font-size:19px}.elementor-widget-heading .elementor-heading-title.elementor-size-large{font-size:29px}.elementor-widget-heading .elementor-heading-title.elementor-size-xl{font-size:39px}.elementor-widget-heading .elementor-heading-title.elementor-size-xxl{font-size:59px}<\/style><h2 class=\"elementor-heading-title elementor-size-default\">Tak\u0131m<\/h2>\t\t<\/div>\n\t\t\t\t<\/div>\n\t\t\t\t<div class=\"elementor-element elementor-element-5cb36a69 elementor-icon-list--layout-inline elementor-align-center elementor-list-item-link-full_width elementor-invisible elementor-widget elementor-widget-icon-list\" data-id=\"5cb36a69\" data-element_type=\"widget\" data-settings=\"{&quot;_animation&quot;:&quot;fadeInUp&quot;}\" data-widget_type=\"icon-list.default\">\n\t\t\t\t<div class=\"elementor-widget-container\">\n\t\t\t<link rel=\"stylesheet\" href=\"https:\/\/glocaliser.com\/wp-content\/plugins\/elementor\/assets\/css\/widget-icon-list.min.css\">\t\t<ul class=\"elementor-icon-list-items elementor-inline-items\">\n\t\t\t\t\t\t\t<li class=\"elementor-icon-list-item elementor-inline-item\">\n\t\t\t\t\t\t\t\t\t\t\t<a href=\"https:\/\/glocaliser.com\/tr\/\">\n\n\t\t\t\t\t\t\t\t\t\t\t<span class=\"elementor-icon-list-text\">Ev<\/span>\n\t\t\t\t\t\t\t\t\t\t\t<\/a>\n\t\t\t\t\t\t\t\t\t<\/li>\n\t\t\t\t\t\t\t\t<li class=\"elementor-icon-list-item elementor-inline-item\">\n\t\t\t\t\t\t\t\t\t\t\t<span class=\"elementor-icon-list-icon\">\n\t\t\t\t\t\t\t<i aria-hidden=\"true\" class=\"fas fa-angle-double-right\"><\/i>\t\t\t\t\t\t<\/span>\n\t\t\t\t\t\t\t\t\t\t<span class=\"elementor-icon-list-text\">Tak\u0131m<\/span>\n\t\t\t\t\t\t\t\t\t<\/li>\n\t\t\t\t\t\t<\/ul>\n\t\t\t\t<\/div>\n\t\t\t\t<\/div>\n\t\t\t\t\t<\/div>\n\t\t<\/div>\n\t\t\t\t\t\t\t<\/div>\n\t\t<\/section>\n\t\t\t\t<section class=\"elementor-section elementor-top-section elementor-element elementor-element-5e2dd042 elementor-section-boxed elementor-section-height-default elementor-section-height-default tf-sticky-section tf-sticky-no\" data-id=\"5e2dd042\" data-element_type=\"section\" data-settings=\"{&quot;tf_sticky&quot;:&quot;no&quot;}\">\n\t\t\t\t\t\t<div class=\"elementor-container elementor-column-gap-default\">\n\t\t\t\t\t<div class=\"elementor-column elementor-col-50 elementor-top-column elementor-element elementor-element-7ba9d728\" data-id=\"7ba9d728\" data-element_type=\"column\">\n\t\t\t<div class=\"elementor-widget-wrap elementor-element-populated\">\n\t\t\t\t\t\t\t\t<div class=\"elementor-element elementor-element-16e3ea8e elementor-widget elementor-widget-image\" data-id=\"16e3ea8e\" data-element_type=\"widget\" data-widget_type=\"image.default\">\n\t\t\t\t<div class=\"elementor-widget-container\">\n\t\t\t<style>\/*! elementor - v3.18.0 - 20-12-2023 *\/\n.elementor-widget-image{text-align:center}.elementor-widget-image a{display:inline-block}.elementor-widget-image a img[src$=\".svg\"]{width:48px}.elementor-widget-image img{vertical-align:middle;display:inline-block}<\/style>\t\t\t\t\t\t\t\t\t\t\t\t<img fetchpriority=\"high\" decoding=\"async\" width=\"1696\" height=\"2560\" src=\"https:\/\/glocaliser.com\/wp-content\/uploads\/2023\/12\/DSC_6284-scaled.jpg\" class=\"attachment-full size-full wp-image-7502\" alt=\"\" srcset=\"https:\/\/glocaliser.com\/wp-content\/uploads\/2023\/12\/DSC_6284-scaled.jpg 1696w, https:\/\/glocaliser.com\/wp-content\/uploads\/2023\/12\/DSC_6284-199x300.jpg 199w, https:\/\/glocaliser.com\/wp-content\/uploads\/2023\/12\/DSC_6284-678x1024.jpg 678w, https:\/\/glocaliser.com\/wp-content\/uploads\/2023\/12\/DSC_6284-768x1160.jpg 768w, https:\/\/glocaliser.com\/wp-content\/uploads\/2023\/12\/DSC_6284-1017x1536.jpg 1017w, https:\/\/glocaliser.com\/wp-content\/uploads\/2023\/12\/DSC_6284-1356x2048.jpg 1356w\" sizes=\"(max-width: 1696px) 100vw, 1696px\" \/>\t\t\t\t\t\t\t\t\t\t\t\t\t\t\t<\/div>\n\t\t\t\t<\/div>\n\t\t\t\t\t<\/div>\n\t\t<\/div>\n\t\t\t\t<div class=\"elementor-column elementor-col-50 elementor-top-column elementor-element elementor-element-705eb84\" data-id=\"705eb84\" data-element_type=\"column\">\n\t\t\t<div class=\"elementor-widget-wrap elementor-element-populated\">\n\t\t\t\t\t\t\t\t<div class=\"elementor-element elementor-element-742d257f elementor-widget elementor-widget-heading\" data-id=\"742d257f\" data-element_type=\"widget\" data-widget_type=\"heading.default\">\n\t\t\t\t<div class=\"elementor-widget-container\">\n\t\t\t<h3 class=\"elementor-heading-title elementor-size-default\">Cheng Fuller<\/h3>\t\t<\/div>\n\t\t\t\t<\/div>\n\t\t\t\t<div class=\"elementor-element elementor-element-fbff519 elementor-widget elementor-widget-heading\" data-id=\"fbff519\" data-element_type=\"widget\" data-widget_type=\"heading.default\">\n\t\t\t\t<div class=\"elementor-widget-container\">\n\t\t\t<h5 class=\"elementor-heading-title elementor-size-default\">\u0130\u015f Geli\u015ftirme - Afrika  <\/h5>\t\t<\/div>\n\t\t\t\t<\/div>\n\t\t\t\t<div class=\"elementor-element elementor-element-7c0cce88 elementor-widget elementor-widget-text-editor\" data-id=\"7c0cce88\" data-element_type=\"widget\" data-widget_type=\"text-editor.default\">\n\t\t\t\t<div class=\"elementor-widget-container\">\n\t\t\t<style>\/*! elementor - v3.18.0 - 20-12-2023 *\/\n.elementor-widget-text-editor.elementor-drop-cap-view-stacked .elementor-drop-cap{background-color:#69727d;color:#fff}.elementor-widget-text-editor.elementor-drop-cap-view-framed .elementor-drop-cap{color:#69727d;border:3px solid;background-color:transparent}.elementor-widget-text-editor:not(.elementor-drop-cap-view-default) .elementor-drop-cap{margin-top:8px}.elementor-widget-text-editor:not(.elementor-drop-cap-view-default) .elementor-drop-cap-letter{width:1em;height:1em}.elementor-widget-text-editor .elementor-drop-cap{float:left;text-align:center;line-height:1;font-size:50px}.elementor-widget-text-editor .elementor-drop-cap-letter{display:inline-block}<\/style>\t\t\t\t<p>Cheng Fuller, i\u015f operasyonlar\u0131n\u0131 geli\u015ftirme ve \u00e7e\u015fitli sekt\u00f6rlerde b\u00fcy\u00fcmeyi te\u015fvik etme konusunda 19 y\u0131ll\u0131k derin uzmanl\u0131\u011fa sahip stratejik bir dehad\u0131r. Toprak bilimi mezunu olan ve \u00fcst d\u00fczey y\u00f6neticilik e\u011fitimi alan Cheng&#8217;in analitik yetene\u011fi ilk olarak KPMG Nijerya&#8217;da keskinle\u015fti ve DDB Lagos ve Insight Publicis gibi \u00fcst d\u00fczey reklam \u015firketlerinde d\u00f6n\u00fc\u015ft\u00fcr\u00fcc\u00fc roller \u00fcstlenmesine yol a\u00e7t\u0131. Giri\u015fimci ruhu, yenilik\u00e7i pazarlama \u00e7\u00f6z\u00fcmleri ve i\u015f \u00f6ng\u00f6r\u00fcs\u00fc kapasitesinin bir kan\u0131t\u0131 olan Re&#8217;d&#8217;Fyne Business Solutions&#8217;\u0131n kurulmas\u0131yla geli\u015fti.<\/p>\n<p>Memleketi Calabar South, Cross River State&#8217;de Cheng&#8217;in ba\u011fl\u0131l\u0131\u011f\u0131 kurumsal alan\u0131n \u00f6tesine uzan\u0131yor; turizmi ve ekonomik kalk\u0131nmay\u0131 te\u015fvik eden pro bono hizmetler sunarak b\u00f6lgesel refaha katk\u0131da bulunuyor. Esosa Food Systems and Innovations&#8217;da, stratejik y\u00f6netimi sat\u0131\u015flar\u0131 h\u0131zla art\u0131rd\u0131 ve premium ve kitlesel pazar \u00e7ekicili\u011fini bir araya getirerek kapsay\u0131c\u0131 bir marka geni\u015flemesine zemin haz\u0131rlad\u0131 &#8211; stratejik inovasyonu pratik uygulama ile harmanlama konusundaki ustal\u0131\u011f\u0131n\u0131n simgesi olan bir hareket.<\/p>\n<p>Cheng Fuller ekibimize kat\u0131l\u0131rken, tecr\u00fcbeli liderlik, stratejik m\u00fckemmellik ve topluma ba\u011fl\u0131l\u0131\u011f\u0131n nadir bir simyas\u0131n\u0131 temsil ediyor. Operasyonel ba\u015far\u0131y\u0131 ve pazar geni\u015flemesini sa\u011flama konusundaki ge\u00e7mi\u015fi, onun sadece bir lider de\u011fil, ayn\u0131 zamanda kurulu\u015fumuzda s\u00fcrekli m\u00fckemmellik ve b\u00fcy\u00fcme i\u00e7in bir kataliz\u00f6r olmas\u0131n\u0131 sa\u011fl\u0131yor.<\/p>\n\t\t\t\t\t\t<\/div>\n\t\t\t\t<\/div>\n\t\t\t\t\t<\/div>\n\t\t<\/div>\n\t\t\t\t\t\t\t<\/div>\n\t\t<\/section>\n\t\t\t\t\t\t\t<\/div>\n\t\t","protected":false},"excerpt":{"rendered":"<p>Tak\u0131m Ev Tak\u0131m \u0130\u015f Geli\u015ftirme &#8211; Afrika Cheng Fuller, i\u015f operasyonlar\u0131n\u0131 geli\u015ftirme ve \u00e7e\u015fitli sekt\u00f6rlerde b\u00fcy\u00fcmeyi te\u015fvik etme konusunda 19 y\u0131ll\u0131k derin uzmanl\u0131\u011fa sahip stratejik bir dehad\u0131r. Toprak bilimi mezunu olan ve \u00fcst d\u00fczey y\u00f6neticilik e\u011fitimi alan Cheng&#8217;in analitik yetene\u011fi ilk olarak KPMG Nijerya&#8217;da keskinle\u015fti ve DDB Lagos ve Insight Publicis gibi \u00fcst d\u00fczey reklam [&hellip;]<\/p>\n","protected":false},"author":1,"featured_media":0,"parent":0,"menu_order":0,"comment_status":"closed","ping_status":"closed","template":"","meta":{"footnotes":""},"class_list":["post-8442","page","type-page","status-publish","hentry"],"acf":[],"_links":{"self":[{"href":"https:\/\/glocaliser.com\/tr\/wp-json\/wp\/v2\/pages\/8442","targetHints":{"allow":["GET"]}}],"collection":[{"href":"https:\/\/glocaliser.com\/tr\/wp-json\/wp\/v2\/pages"}],"about":[{"href":"https:\/\/glocaliser.com\/tr\/wp-json\/wp\/v2\/types\/page"}],"author":[{"embeddable":true,"href":"https:\/\/glocaliser.com\/tr\/wp-json\/wp\/v2\/users\/1"}],"replies":[{"embeddable":true,"href":"https:\/\/glocaliser.com\/tr\/wp-json\/wp\/v2\/comments?post=8442"}],"version-history":[{"count":1,"href":"https:\/\/glocaliser.com\/tr\/wp-json\/wp\/v2\/pages\/8442\/revisions"}],"predecessor-version":[{"id":8450,"href":"https:\/\/glocaliser.com\/tr\/wp-json\/wp\/v2\/pages\/8442\/revisions\/8450"}],"wp:attachment":[{"href":"https:\/\/glocaliser.com\/tr\/wp-json\/wp\/v2\/media?parent=8442"}],"curies":[{"name":"wp","href":"https:\/\/api.w.org\/{rel}","templated":true}]}}