{"id":8436,"date":"2023-12-14T12:52:13","date_gmt":"2023-12-14T12:52:13","guid":{"rendered":"https:\/\/glocaliser.com\/kullanim-kosullari\/"},"modified":"2024-01-03T18:55:57","modified_gmt":"2024-01-03T18:55:57","slug":"kullanim-kosullari","status":"publish","type":"page","link":"https:\/\/glocaliser.com\/tr\/kullanim-kosullari\/","title":{"rendered":"Kullan\u0131m Ko\u015fullar\u0131"},"content":{"rendered":"\t\t<div data-elementor-type=\"wp-page\" data-elementor-id=\"8436\" class=\"elementor elementor-8436 elementor-8263\" data-elementor-post-type=\"page\">\n\t\t\t\t\t\t\t\t\t<section class=\"elementor-section elementor-top-section elementor-element elementor-element-9132554 elementor-section-boxed elementor-section-height-default elementor-section-height-default tf-sticky-section tf-sticky-no\" data-id=\"9132554\" data-element_type=\"section\" data-settings=\"{&quot;tf_sticky&quot;:&quot;no&quot;}\">\n\t\t\t\t\t\t<div class=\"elementor-container elementor-column-gap-default\">\n\t\t\t\t\t<div class=\"elementor-column elementor-col-100 elementor-top-column elementor-element elementor-element-af6029f\" data-id=\"af6029f\" data-element_type=\"column\">\n\t\t\t<div class=\"elementor-widget-wrap elementor-element-populated\">\n\t\t\t\t\t\t\t\t<div class=\"elementor-element elementor-element-116f72c elementor-widget elementor-widget-text-editor\" data-id=\"116f72c\" data-element_type=\"widget\" data-widget_type=\"text-editor.default\">\n\t\t\t\t<div class=\"elementor-widget-container\">\n\t\t\t<style>\/*! elementor - v3.18.0 - 20-12-2023 *\/\n.elementor-widget-text-editor.elementor-drop-cap-view-stacked .elementor-drop-cap{background-color:#69727d;color:#fff}.elementor-widget-text-editor.elementor-drop-cap-view-framed .elementor-drop-cap{color:#69727d;border:3px solid;background-color:transparent}.elementor-widget-text-editor:not(.elementor-drop-cap-view-default) .elementor-drop-cap{margin-top:8px}.elementor-widget-text-editor:not(.elementor-drop-cap-view-default) .elementor-drop-cap-letter{width:1em;height:1em}.elementor-widget-text-editor .elementor-drop-cap{float:left;text-align:center;line-height:1;font-size:50px}.elementor-widget-text-editor .elementor-drop-cap-letter{display:inline-block}<\/style>\t\t\t\t<header class=\"mdc-c-header\">\n<div class=\"mdc-c-header__block___i1Lg-_dae1ff3\">\n<div>Kullan\u0131m Ko\u015fullar\u0131<\/div>\n<\/div>\n<\/header>\n<div class=\"mdc-c-description___SrnQP_dae1ff3\">\n<div class=\"MainBody_mck-c-main-body__text-content__6mkZS mck-u-links-inline mdc-o-content-body\">\n<p>Glocaliser, bu Kullan\u0131m Ko\u015fullar\u0131na (&#8220;Site&#8221;) bir ba\u011flant\u0131 g\u00f6nderen web sitelerinde veya uygulamalar\u0131nda i\u00e7eri\u011fini a\u015fa\u011f\u0131daki h\u00fck\u00fcm ve ko\u015fullara (&#8220;Ko\u015fullar&#8221;) tabi olarak sa\u011flar. \u015eartlar\u0131 \u00f6nceden haber vermeksizin periyodik olarak de\u011fi\u015ftirebiliriz, bu nedenle l\u00fctfen zaman zaman tekrar kontrol edin. Bu Ko\u015fullar en son 1 Ocak 2024 tarihinde g\u00fcncellenmi\u015ftir. Bu Siteye eri\u015ferek ve Siteyi kullanarak, bu \u015eartlar\u0131 kabul etmi\u015f olursunuz. Glocaliser&#8217;\u0131n kullan\u0131c\u0131lar\u0131m\u0131z\u0131n bilgilerinin toplanmas\u0131, kullan\u0131lmas\u0131 ve saklanmas\u0131 ile ilgili uygulama ve politikalar\u0131n\u0131n bir a\u00e7\u0131klamas\u0131 i\u00e7in l\u00fctfen Gizlilik Politikam\u0131z\u0131 okuyun.<\/p>\n<h3>1. Telif Haklar\u0131<\/h3>\n<p>Metin, grafikler, logolar, simgeler, resimler ve videolar ve bunlar\u0131n se\u00e7imi ve d\u00fczenlenmesi dahil olmak \u00fczere Sitedeki t\u00fcm i\u00e7erik ve i\u015flevsellik, ayr\u0131ca yukar\u0131da belirtilenlerin alt\u0131nda yatan veya bunlara g\u00f6m\u00fcl\u00fc olan herhangi bir kavram, know-how, ara\u00e7, \u00e7er\u00e7eve, yaz\u0131l\u0131m, uygulama veya di\u011fer teknoloji, algoritma, model, s\u00fcre\u00e7 ve end\u00fcstri perspektiflerinin yan\u0131 s\u0131ra bunlar\u0131n geli\u015ftirmeleri veya t\u00fcrev \u00e7al\u0131\u015fmalar\u0131 (&#8220;Site \u0130\u00e7eri\u011fi&#8221;) Glocaliser veya lisans verenlerinin m\u00fcnhas\u0131r m\u00fclkiyetindedir ve ge\u00e7erli oldu\u011fu \u00f6l\u00e7\u00fcde ABD ve uluslararas\u0131 telif hakk\u0131 yasalar\u0131 taraf\u0131ndan korunmaktad\u0131r. Ne Site \u0130\u00e7eri\u011fi ne de Sitenin i\u015flevselli\u011fi, B\u00f6l\u00fcm 3 &#8211; Site i\u00e7eri\u011finin kullan\u0131m\u0131&#8217;nda belirtilen kullan\u0131mlar d\u0131\u015f\u0131nda, yaz\u0131l\u0131 iznimiz olmadan hi\u00e7bir \u015fekilde kopyalanamaz, \u00e7o\u011falt\u0131lamaz, de\u011fi\u015ftirilemez, tersine m\u00fchendislik uygulanamaz, de\u011fi\u015ftirilemez (herhangi bir g\u00fcvenlik veya teknolojik koruma \u00f6nleminin, feragatnamenin veya lejant\u0131n kald\u0131r\u0131lmas\u0131 veya devre d\u0131\u015f\u0131 b\u0131rak\u0131lmas\u0131 dahil), y\u00fcklenemez, yay\u0131nlanamaz, postalanamaz, iletilemez veya da\u011f\u0131t\u0131lamaz. A\u00e7\u0131k\u00e7a verilmeyen t\u00fcm haklar sakl\u0131d\u0131r.<\/p>\n<h3>2. Ticari Markalar<\/h3>\n<p>Sitede g\u00f6r\u00fcnt\u00fclenen ticari markalar, hizmet markalar\u0131, tasar\u0131mlar ve logolar (topluca &#8220;Ticari Markalar&#8221;) Glocaliser ve lisans verenlerinin tescilli ve tescilsiz Ticari Markalar\u0131d\u0131r. Taraf\u0131m\u0131zdan (\u00f6rne\u011fin, Sitede sa\u011flanan sosyal medya payla\u015f\u0131m ara\u00e7lar\u0131 arac\u0131l\u0131\u011f\u0131yla) veya lisans verenlerimiz taraf\u0131ndan a\u00e7\u0131k\u00e7a izin verilmedik\u00e7e, reklam veya tan\u0131t\u0131m amac\u0131yla veya herhangi bir \u00fc\u00e7\u00fcnc\u00fc taraf\u0131 bilgilendirmek veya etkilemek amac\u0131yla herhangi bir kamuya a\u00e7\u0131k ortamda (\u00f6rne\u011fin, bas\u0131n b\u00fclteni, web siteleri veya kamuya a\u00e7\u0131k sosyal medya) Glocaliser&#8217;a veya lisans verenlerine herhangi bir bilgiye at\u0131fta bulunmayaca\u011f\u0131n\u0131z\u0131 veya atfetmeyece\u011finizi ve Glocaliser veya lisans verenlerinin herhangi bir Ticari Markas\u0131n\u0131 kullanmayaca\u011f\u0131n\u0131z\u0131 veya \u00e7o\u011faltmayaca\u011f\u0131n\u0131z\u0131 veya Glocaliser veya lisans verenleri taraf\u0131ndan herhangi bir onay veya ili\u015fki ima etmeyece\u011finizi kabul edersiniz.<\/p>\n<h3>3. Site i\u00e7eri\u011finin kullan\u0131m\u0131<\/h3>\n<p>Glocaliser, Site \u0130\u00e7eri\u011fini herhangi bir \u015fekilde de\u011fi\u015ftirmemeniz (bunlardan t\u00fcrev \u00e7al\u0131\u015fmalar olu\u015fturmak dahil), Site \u0130\u00e7eri\u011finde g\u00f6r\u00fcnt\u00fclenen t\u00fcm telif hakk\u0131 ve di\u011fer m\u00fclkiyet bildirimlerini koruman\u0131z ve bu Ko\u015fullara uyman\u0131z ko\u015fuluyla, Site \u0130\u00e7eri\u011fine yaln\u0131zca dahili, ticari kullan\u0131m\u0131n\u0131z i\u00e7in tek bir bilgisayarda eri\u015fmeniz ve indirmeniz, g\u00f6r\u00fcnt\u00fclemeniz ve bir kopyas\u0131n\u0131 yazd\u0131rman\u0131z i\u00e7in i\u015fbu belgenin s\u00fcresi boyunca size s\u0131n\u0131rl\u0131, m\u00fcnhas\u0131r olmayan, devredilemez, geri al\u0131nabilir bir lisans verir. Glocaliser&#8217;\u0131n \u00f6nceden yaz\u0131l\u0131 izni olmadan Site \u0130\u00e7eri\u011fini ba\u015fka \u015fekilde \u00e7o\u011faltamaz, de\u011fi\u015ftiremez, tersine m\u00fchendislik yapamaz, da\u011f\u0131tamaz, iletemez, yay\u0131nlayamaz veya if\u015fa edemezsiniz. Ayr\u0131ca, Glocaliser&#8217;\u0131n a\u00e7\u0131k yaz\u0131l\u0131 izni olmadan Site \u0130\u00e7eri\u011fini veya herhangi bir b\u00f6l\u00fcm\u00fcn\u00fc &#8220;yans\u0131tamazs\u0131n\u0131z&#8221;. Bu Sitedeki hi\u00e7bir \u015fey, burada a\u00e7\u0131k\u00e7a belirtilenler d\u0131\u015f\u0131nda herhangi bir Glocaliser fikri m\u00fclkiyetini kullanmak i\u00e7in do\u011frudan veya dolayl\u0131 olarak veya ima yoluyla herhangi bir lisans veya hak verdi\u011fi \u015feklinde yorumlanmamal\u0131d\u0131r. Bu b\u00f6l\u00fcmde verilen lisans, bu \u015eartlara uymad\u0131\u011f\u0131n\u0131z takdirde otomatik olarak ve derhal sona erer.<\/p>\n<h3>4. Kullan\u0131c\u0131 g\u00f6nderileri<\/h3>\n<p>Glocaliser&#8217;\u0131n, Sitede g\u00f6nderilerde, forumlarda veya mesaj panolar\u0131nda, ankette, anket yan\u0131tlar\u0131nda ve ba\u015fka \u015fekillerde yay\u0131nlad\u0131\u011f\u0131n\u0131z veya yay\u0131nlayaca\u011f\u0131n\u0131z her t\u00fcrl\u00fc bilgiyi kullanma, yay\u0131nlama ve ba\u015fka \u015fekilde kullanma hakk\u0131na sahip olaca\u011f\u0131n\u0131 ve s\u0131n\u0131rs\u0131z hakka sahip olaca\u011f\u0131n\u0131 ve bize bu t\u00fcr bir g\u00f6nderim sa\u011flayarak bunu kabul etti\u011finizi onaylar ve kabul edersiniz, bu g\u00f6nderi\u0307yi\u0307 herhangi\u0307 bi\u0307r ama\u00e7la ve y\u00fcr\u00fcrl\u00fckteki\u0307 yasalar tarafindan yasaklanmami\u015f herhangi\u0307 bi\u0307r \u015feki\u0307l veya ortamda kullanmak, \u00e7o\u011faltmak, yayinlamak, da\u011fitmak, de\u011fi\u0307\u015fti\u0307rmek ve ba\u015fka \u015feki\u0307llerde i\u0307sti\u0307smar etmek i\u0307\u00e7i\u0307n bi\u0307ze d\u00fcnya \u00e7apinda, m\u00fcnhasir olmayan, devredi\u0307lebi\u0307li\u0307r, alt li\u0307sans veri\u0307lebi\u0307li\u0307r, tamamen \u00f6denmi\u0307\u015f, royalti\u0307si\u0307z, dai\u0307mi\u0307, geri\u0307 alinamaz bi\u0307r li\u0307sans ve hak veri\u0307rsi\u0307ni\u0307z. Buna ek olarak, Glocaliser&#8217;\u0131n bu t\u00fcr g\u00f6nderimleri kullanmas\u0131 ve yay\u0131nlamas\u0131yla ba\u011flant\u0131l\u0131 olarak herhangi bir gizlilik veya tan\u0131t\u0131m hakk\u0131, fikri m\u00fclkiyet hakk\u0131, manevi hak veya at\u0131f haklar\u0131n\u0131n iddia edilen veya fiili ihlalleri i\u00e7in Glocaliser&#8217;a kar\u015f\u0131 herhangi bir iddiadan feragat edersiniz.<\/p>\n<p>A\u015fa\u011f\u0131dakileri i\u00e7eren herhangi bir materyali Sitede yay\u0131nlamayaca\u011f\u0131n\u0131z\u0131 veya ba\u015fka bir \u015fekilde yay\u0131nlamayaca\u011f\u0131n\u0131z\u0131 taahh\u00fct edersiniz (a) tehdit edici, iftira niteli\u011finde, karalay\u0131c\u0131 veya m\u00fcstehcen; (b) cezai bir su\u00e7 te\u015fkil edecek veya cezai bir su\u00e7 te\u015fkil edecek, hukuki sorumluluk do\u011furacak veya ba\u015fka bir \u015fekilde yasalar\u0131 ihlal edecek davran\u0131\u015flar\u0131 te\u015fvik edecek; (c) herhangi bir \u00fc\u00e7\u00fcnc\u00fc taraf\u0131n fikri m\u00fclkiyet, gizlilik veya di\u011fer haklar\u0131n\u0131 ihlal etmek; (d) bilgisayar vir\u00fcs\u00fc veya ba\u015fka bir y\u0131k\u0131c\u0131 unsur i\u00e7ermesi; (e) reklam i\u00e7ermelidir; (f) yanl\u0131\u015f veya yan\u0131lt\u0131c\u0131 beyanlar olu\u015fturmas\u0131 veya i\u00e7ermesi; veya (g) bu \u015eartlar\u0131 ihlal etmek.<\/p>\n<p>Glocaliser, kullan\u0131c\u0131lar taraf\u0131ndan Siteye g\u00f6nderilen bilgilerin do\u011frulu\u011funu temsil etmez veya g\u00fcvenilirli\u011fini onaylamaz. Ayr\u0131ca Glocaliser, kullan\u0131c\u0131lar taraf\u0131ndan Siteye g\u00f6nderilen t\u00fcm bilgileri incelememektedir ve inceleyemez ve bu t\u00fcr bilgilerden sorumlu de\u011fildir. Ancak Glocaliser, herhangi bir nedenle veya hi\u00e7bir neden olmaks\u0131z\u0131n herhangi bir bilgiyi tamamen veya k\u0131smen yay\u0131nlamay\u0131 reddetme ve kald\u0131rma hakk\u0131n\u0131 sakl\u0131 tutar.<\/p>\n<h3>5. Glocaliser taraf\u0131ndan ihlal ve yay\u0131ndan kald\u0131rma bildirimleri<\/h3>\n<p>Glocaliser, herhangi bir ki\u015fi veya kurulu\u015fun telif hakk\u0131 haklar\u0131n\u0131 ve\/veya di\u011fer fikri m\u00fclkiyet haklar\u0131n\u0131 (gizlilik ve tan\u0131t\u0131m haklar\u0131 dahil) ihlal eden veya ihlal eden herhangi bir bilginin yay\u0131nlanmas\u0131n\u0131 yasaklar. Fikri m\u00fclkiyet hakk\u0131n\u0131z\u0131n (veya uygulamaktan sorumlu oldu\u011funuz b\u00f6yle bir hakk\u0131n) Sitedeki herhangi bir i\u00e7erik taraf\u0131ndan ihlal edildi\u011fini d\u00fc\u015f\u00fcn\u00fcyorsan\u0131z, l\u00fctfen a\u015fa\u011f\u0131da g\u00f6sterilen adresten Glocaliser&#8217;a yaz\u0131n ve a\u015fa\u011f\u0131dakileri i\u00e7eren yaz\u0131l\u0131 bir beyan verin: (a) ihlal edildi\u011fi iddia edilen telif hakk\u0131yla korunan eserin ve\/veya fikri m\u00fclkiyet hakk\u0131n\u0131n tan\u0131mlanmas\u0131; (b) Sitede kald\u0131r\u0131lmas\u0131 talep edilen ve ihlal etti\u011fi iddia edilen materyalin tan\u0131mlanmas\u0131; (c) ad\u0131n\u0131z, adresiniz ve g\u00fcnd\u00fcz telefon numaran\u0131z ve varsa bir e-posta adresi; (d) telif hakk\u0131yla korunan eserin kullan\u0131m\u0131n\u0131n ve\/veya fikri m\u00fclkiyet hakk\u0131n\u0131n kullan\u0131m\u0131n\u0131n sahibi, temsilcisi veya yasa taraf\u0131ndan yetkilendirilmedi\u011fine dair iyi niyetli bir inanc\u0131n\u0131z oldu\u011funa dair bir beyan; (e) bildirimdeki bilgilerin do\u011fru oldu\u011funa ve yalan beyanda bulunma cezas\u0131 alt\u0131nda, imza sahibinin ihlal edildi\u011fi iddia edilen hakk\u0131n sahibi ad\u0131na hareket etmeye yetkili oldu\u011funa dair bir beyan; ve (f) fikri m\u00fclkiyet hakk\u0131 sahibinin veya hak ihlalini iddia etmek i\u00e7in hak sahibi ad\u0131na yetkili birinin imzas\u0131. Glocaliser, b\u00f6yle bir beyan\u0131n (veya 17 U.S.C. 512(c)(3) ile uyumlu herhangi bir beyan\u0131n) al\u0131nmas\u0131 \u00fczerine ABD yasalar\u0131 uyar\u0131nca herhangi bir ki\u015finin telif hakk\u0131n\u0131 veya di\u011fer fikri m\u00fclkiyet hakk\u0131n\u0131 ihlal eden herhangi bir g\u00f6nderiyi kald\u0131racakt\u0131r. ABD yasalar\u0131, bu t\u00fcr bir beyan\u0131n yanl\u0131\u015fl\u0131kla sunulmas\u0131 i\u00e7in \u00f6nemli cezalar \u00f6ng\u00f6rmektedir. Uygun ko\u015fullar alt\u0131nda, ihlal edici veya yasa d\u0131\u015f\u0131 materyalleri tekrar tekrar g\u00f6nderen ki\u015filerin daha fazla g\u00f6nderim yapmas\u0131 yasaklanacakt\u0131r. Glocaliser&#8217;\u0131n bu B\u00f6l\u00fcm 5 kapsam\u0131ndaki bildirimlerin g\u00f6nderilmesi i\u00e7in irtibat ki\u015fisi \u015fudur: Hukuk Departman\u0131, Glocaliser.<\/p>\n<h3>6. Yasal Uyar\u0131lar<\/h3>\n<p>THE CONTENT AND FUNCTIONALITY ON THE SITE IS PROVIDED WITH THE UNDERSTANDING THAT GLOCALISER IS NOT HEREIN ENGAGED IN RENDERING PROFESSIONAL ADVICE OR SERVICES TO YOU, NO SITE CONTENT IS INTENDED TO SERVE AS OR SHALL BE DEEMED INVESTMENT, LEGAL, TAX, ACCOUNTING OR OTHER REGULATED ADVICE, AND THAT YOU SHALL REMAIN SOLELY RESPONSIBLE FOR YOUR USE OF ALL SITE CONTENT AND ACKNOWLEDGE THAT ANY RELIANCE UPON THE SITE CONTENT SHALL BE ENTIRELY AT YOUR SOLE OPTION AND RISK. SI\u0307TEDEKI\u0307 T\u00dcM I\u0307\u00c7ERI\u0307K VE I\u0307\u015eLEVLER, TI\u0307CARI\u0307 ELVERI\u0307\u015eLI\u0307LI\u0307K VE BELI\u0307RLI\u0307 BI\u0307R AMACA UYGUNLUK I\u0307LE I\u0307LGI\u0307LI\u0307 ZIMNI\u0307 GARANTI\u0307LER DAHI\u0307L ANCAK BUNLARLA SINIRLI OLMAMAK \u00dcZERE A\u00c7IK VEYA ZIMNI\u0307 HI\u0307\u00c7BI\u0307R GARANTI\u0307 OLMAKSIZIN &#8220;OLDU\u011eU GI\u0307BI\u0307&#8221; SA\u011eLANIR. GLOCALISER VE \u00dc\u00c7\u00dcNC\u00dc TARAF I\u0307\u00c7ERI\u0307K SA\u011eLAYICILARI, SI\u0307TE I\u0307\u00c7ERI\u0307\u011eI\u0307NI\u0307N SAHI\u0307PLI\u0307\u011eI\u0307, DO\u011eRULU\u011eU VEYA YETERLI\u0307LI\u0307\u011eI\u0307 KONUSUNDA A\u00c7IK VEYA ZIMNI\u0307 HI\u0307\u00c7BI\u0307R GARANTI\u0307 VERMEMEKTEDI\u0307R. GLOCALISER, BA\u011eLANTILI WEB SI\u0307TELERI\u0307NDE YAYINLANAN, SI\u0307TEDE YAYINLANAN KULLANICI G\u00d6NDERI\u0307LERI\u0307NDE YER ALAN VEYA \u00dc\u00c7\u00dcNC\u00dc TARAFLARCA SA\u011eLANAN HI\u0307\u00c7BI\u0307R BI\u0307LGI\u0307 I\u0307\u00c7I\u0307N HI\u0307\u00c7BI\u0307R Y\u00dcK\u00dcML\u00dcL\u00dcK VEYA SORUMLULUK KABUL ETMEZ. NE GLOCALISER NE DE \u00dc\u00c7\u00dcNC\u00dc TARAF I\u0307\u00c7ERI\u0307K SA\u011eLAYICILARI, BU T\u00dcR ZARARLARIN VEYA KAYIPLARIN OLASILI\u011eI HAKKINDA BI\u0307LGI\u0307 VERI\u0307LMI\u0307\u015e OLSUN VEYA OLMASIN VE SORUMLULUK TEORI\u0307SI\u0307NE BAKILMAKSIZIN, DOLAYLI, ARIZI\u0307, SONU\u00c7SAL VEYA CEZAI\u0307 ZARARLARDAN VEYA KAYIP GELI\u0307RLERDEN VEYA KARLARDAN SORUMLU OLMAYACAKTIR.<\/p>\n<h3>7. Tazminat<\/h3>\n<p>Glocaliser&#8217;\u0131 ve t\u00fcm seleflerini, haleflerini, ebeveynlerini, i\u015ftiraklerini, ba\u011fl\u0131 kurulu\u015flar\u0131n\u0131, memurlar\u0131n\u0131, direkt\u00f6rlerini, hissedarlar\u0131n\u0131, yat\u0131r\u0131mc\u0131lar\u0131n\u0131, \u00e7al\u0131\u015fanlar\u0131n\u0131, acentelerini, temsilcilerini ve avukatlar\u0131n\u0131 ve bunlar\u0131n ilgili miras\u00e7\u0131lar\u0131n\u0131, haleflerini ve vekillerini (&#8220;Glocaliser Tazmin Edilen Taraflar&#8221;) her t\u00fcrl\u00fc sorumluluktan ve her t\u00fcrl\u00fc sorumlulu\u011fa kar\u015f\u0131 tazmin eder, savunur ve zarars\u0131z tutars\u0131n\u0131z, Glocaliser ve\/veya Glocaliser Tazmin Edilen Taraflar\u0131n\u0131n, Siteyi kullan\u0131m\u0131n\u0131zdan ve\/veya varsa bu \u015eartlar\u0131 kabul ederek yapt\u0131\u011f\u0131n\u0131z beyanlar, garantiler ve taahh\u00fctler de dahil olmak \u00fczere bu \u015eartlar\u0131 ihlal etmenizden kaynaklanan herhangi bir taleple ba\u011flant\u0131l\u0131 olarak maruz kald\u0131\u011f\u0131 masraflar, maliyetler veya di\u011fer kay\u0131plar (&#8220;Kay\u0131plar&#8221;). Glocaliser, aksi takdirde sizin taraf\u0131n\u0131zdan tazmin edilecek herhangi bir konunun m\u00fcnhas\u0131r savunmas\u0131n\u0131 ve kontrol\u00fcn\u00fc, masraflar\u0131 kendisine ait olmak \u00fczere \u00fcstlenme hakk\u0131n\u0131 sakl\u0131 tutar.<\/p>\n<h3>8. \u00dc\u00e7\u00fcnc\u00fc taraf web siteleri &amp; Sa\u011flay\u0131c\u0131lar<\/h3>\n<p>\u00dc\u00e7\u00fcnc\u00fc taraf web sitelerine ba\u011flant\u0131lar sa\u011flayabiliriz ve bu Sitede g\u00f6r\u00fcnen i\u00e7eri\u011fin bir k\u0131sm\u0131, \u00f6rne\u011fin \u00fc\u00e7\u00fcnc\u00fc taraf web sitelerinin \u00e7er\u00e7evelenmesi veya \u00fc\u00e7\u00fcnc\u00fc taraf sunucular taraf\u0131ndan sa\u011flanan i\u00e7eri\u011fin \u00e7er\u00e7eve setleri arac\u0131l\u0131\u011f\u0131yla dahil edilmesi gibi durumlarda, asl\u0131nda do\u011frudan veya dolayl\u0131 olarak \u00fc\u00e7\u00fcnc\u00fc taraflarca sa\u011flan\u0131r, desteklenir veya sa\u011flan\u0131r. Glocaliser, varsa ilgili \u00fc\u00e7\u00fcnc\u00fc taraf i\u00e7erik sa\u011flay\u0131c\u0131lar\u0131n\u0131n kullan\u0131m ko\u015fullar\u0131 ve gizlilik politikalar\u0131na tabi olan bu \u00fc\u00e7\u00fcnc\u00fc taraf web siteleri i\u00e7in hi\u00e7bir sorumluluk kabul etmez.<\/p>\n<h3>9. Ge\u00e7erli hukuk; yarg\u0131 yetkisi<\/h3>\n<p>Bu Ko\u015fullar, kanunlar ihtilaf\u0131 ilkelerine at\u0131fta bulunulmaks\u0131z\u0131n T\u00fcrkiye kanunlar\u0131na tabidir.<\/p>\n<\/div>\n<\/div>\n\t\t\t\t\t\t<\/div>\n\t\t\t\t<\/div>\n\t\t\t\t<div class=\"elementor-element elementor-element-02c83ca elementor-widget elementor-widget-spacer\" data-id=\"02c83ca\" data-element_type=\"widget\" data-widget_type=\"spacer.default\">\n\t\t\t\t<div class=\"elementor-widget-container\">\n\t\t\t<style>\/*! elementor - v3.18.0 - 20-12-2023 *\/\n.elementor-column .elementor-spacer-inner{height:var(--spacer-size)}.e-con{--container-widget-width:100%}.e-con-inner>.elementor-widget-spacer,.e-con>.elementor-widget-spacer{width:var(--container-widget-width,var(--spacer-size));--align-self:var(--container-widget-align-self,initial);--flex-shrink:0}.e-con-inner>.elementor-widget-spacer>.elementor-widget-container,.e-con>.elementor-widget-spacer>.elementor-widget-container{height:100%;width:100%}.e-con-inner>.elementor-widget-spacer>.elementor-widget-container>.elementor-spacer,.e-con>.elementor-widget-spacer>.elementor-widget-container>.elementor-spacer{height:100%}.e-con-inner>.elementor-widget-spacer>.elementor-widget-container>.elementor-spacer>.elementor-spacer-inner,.e-con>.elementor-widget-spacer>.elementor-widget-container>.elementor-spacer>.elementor-spacer-inner{height:var(--container-widget-height,var(--spacer-size))}.e-con-inner>.elementor-widget-spacer.elementor-widget-empty,.e-con>.elementor-widget-spacer.elementor-widget-empty{position:relative;min-height:22px;min-width:22px}.e-con-inner>.elementor-widget-spacer.elementor-widget-empty .elementor-widget-empty-icon,.e-con>.elementor-widget-spacer.elementor-widget-empty .elementor-widget-empty-icon{position:absolute;top:0;bottom:0;left:0;right:0;margin:auto;padding:0;width:22px;height:22px}<\/style>\t\t<div class=\"elementor-spacer\">\n\t\t\t<div class=\"elementor-spacer-inner\"><\/div>\n\t\t<\/div>\n\t\t\t\t<\/div>\n\t\t\t\t<\/div>\n\t\t\t\t\t<\/div>\n\t\t<\/div>\n\t\t\t\t\t\t\t<\/div>\n\t\t<\/section>\n\t\t\t\t\t\t\t<\/div>\n\t\t","protected":false},"excerpt":{"rendered":"<p>Kullan\u0131m Ko\u015fullar\u0131 Glocaliser, bu Kullan\u0131m Ko\u015fullar\u0131na (&#8220;Site&#8221;) bir ba\u011flant\u0131 g\u00f6nderen web sitelerinde veya uygulamalar\u0131nda i\u00e7eri\u011fini a\u015fa\u011f\u0131daki h\u00fck\u00fcm ve ko\u015fullara (&#8220;Ko\u015fullar&#8221;) tabi olarak sa\u011flar. \u015eartlar\u0131 \u00f6nceden haber vermeksizin periyodik olarak de\u011fi\u015ftirebiliriz, bu nedenle l\u00fctfen zaman zaman tekrar kontrol edin. Bu Ko\u015fullar en son 1 Ocak 2024 tarihinde g\u00fcncellenmi\u015ftir. Bu Siteye eri\u015ferek ve Siteyi kullanarak, bu \u015eartlar\u0131 [&hellip;]<\/p>\n","protected":false},"author":2,"featured_media":0,"parent":0,"menu_order":0,"comment_status":"closed","ping_status":"closed","template":"","meta":{"footnotes":""},"class_list":["post-8436","page","type-page","status-publish","hentry"],"acf":[],"_links":{"self":[{"href":"https:\/\/glocaliser.com\/tr\/wp-json\/wp\/v2\/pages\/8436","targetHints":{"allow":["GET"]}}],"collection":[{"href":"https:\/\/glocaliser.com\/tr\/wp-json\/wp\/v2\/pages"}],"about":[{"href":"https:\/\/glocaliser.com\/tr\/wp-json\/wp\/v2\/types\/page"}],"author":[{"embeddable":true,"href":"https:\/\/glocaliser.com\/tr\/wp-json\/wp\/v2\/users\/2"}],"replies":[{"embeddable":true,"href":"https:\/\/glocaliser.com\/tr\/wp-json\/wp\/v2\/comments?post=8436"}],"version-history":[{"count":2,"href":"https:\/\/glocaliser.com\/tr\/wp-json\/wp\/v2\/pages\/8436\/revisions"}],"predecessor-version":[{"id":8443,"href":"https:\/\/glocaliser.com\/tr\/wp-json\/wp\/v2\/pages\/8436\/revisions\/8443"}],"wp:attachment":[{"href":"https:\/\/glocaliser.com\/tr\/wp-json\/wp\/v2\/media?parent=8436"}],"curies":[{"name":"wp","href":"https:\/\/api.w.org\/{rel}","templated":true}]}}