{"id":8421,"date":"2023-12-14T12:45:10","date_gmt":"2023-12-14T12:45:10","guid":{"rendered":"https:\/\/glocaliser.com\/cerez-tercihleri\/"},"modified":"2024-01-03T18:55:31","modified_gmt":"2024-01-03T18:55:31","slug":"cerez-tercihleri","status":"publish","type":"page","link":"https:\/\/glocaliser.com\/tr\/cerez-tercihleri\/","title":{"rendered":"\u00c7erez Tercihleri"},"content":{"rendered":"\t\t<div data-elementor-type=\"wp-page\" data-elementor-id=\"8421\" class=\"elementor elementor-8421 elementor-8261\" data-elementor-post-type=\"page\">\n\t\t\t\t\t\t\t\t\t<section class=\"elementor-section elementor-top-section elementor-element elementor-element-8b813ef elementor-section-boxed elementor-section-height-default elementor-section-height-default tf-sticky-section tf-sticky-no\" data-id=\"8b813ef\" data-element_type=\"section\" data-settings=\"{&quot;background_background&quot;:&quot;classic&quot;,&quot;tf_sticky&quot;:&quot;no&quot;}\">\n\t\t\t\t\t\t\t<div class=\"elementor-background-overlay\"><\/div>\n\t\t\t\t\t\t\t<div class=\"elementor-container elementor-column-gap-default\">\n\t\t\t\t\t<div class=\"elementor-column elementor-col-100 elementor-top-column elementor-element elementor-element-fa45416\" data-id=\"fa45416\" data-element_type=\"column\">\n\t\t\t<div class=\"elementor-widget-wrap elementor-element-populated\">\n\t\t\t\t\t\t\t\t<div class=\"elementor-element elementor-element-1b239ed elementor-invisible elementor-widget elementor-widget-heading\" data-id=\"1b239ed\" data-element_type=\"widget\" data-settings=\"{&quot;_animation&quot;:&quot;fadeInUp&quot;}\" data-widget_type=\"heading.default\">\n\t\t\t\t<div class=\"elementor-widget-container\">\n\t\t\t<style>\/*! elementor - v3.18.0 - 20-12-2023 *\/\n.elementor-heading-title{padding:0;margin:0;line-height:1}.elementor-widget-heading .elementor-heading-title[class*=elementor-size-]>a{color:inherit;font-size:inherit;line-height:inherit}.elementor-widget-heading .elementor-heading-title.elementor-size-small{font-size:15px}.elementor-widget-heading .elementor-heading-title.elementor-size-medium{font-size:19px}.elementor-widget-heading .elementor-heading-title.elementor-size-large{font-size:29px}.elementor-widget-heading .elementor-heading-title.elementor-size-xl{font-size:39px}.elementor-widget-heading .elementor-heading-title.elementor-size-xxl{font-size:59px}<\/style><h2 class=\"elementor-heading-title elementor-size-default\">\u00c7erez Politikas\u0131<\/h2>\t\t<\/div>\n\t\t\t\t<\/div>\n\t\t\t\t<div class=\"elementor-element elementor-element-34628fa elementor-icon-list--layout-inline elementor-align-center elementor-list-item-link-full_width elementor-invisible elementor-widget elementor-widget-icon-list\" data-id=\"34628fa\" data-element_type=\"widget\" data-settings=\"{&quot;_animation&quot;:&quot;fadeInUp&quot;}\" data-widget_type=\"icon-list.default\">\n\t\t\t\t<div class=\"elementor-widget-container\">\n\t\t\t<link rel=\"stylesheet\" href=\"https:\/\/glocaliser.com\/wp-content\/plugins\/elementor\/assets\/css\/widget-icon-list.min.css\">\t\t<ul class=\"elementor-icon-list-items elementor-inline-items\">\n\t\t\t\t\t\t\t<li class=\"elementor-icon-list-item elementor-inline-item\">\n\t\t\t\t\t\t\t\t\t\t\t<a href=\"https:\/\/glocaliser.com\/tr\/\">\n\n\t\t\t\t\t\t\t\t\t\t\t<span class=\"elementor-icon-list-text\">Ev<\/span>\n\t\t\t\t\t\t\t\t\t\t\t<\/a>\n\t\t\t\t\t\t\t\t\t<\/li>\n\t\t\t\t\t\t\t\t<li class=\"elementor-icon-list-item elementor-inline-item\">\n\t\t\t\t\t\t\t\t\t\t\t<span class=\"elementor-icon-list-icon\">\n\t\t\t\t\t\t\t<i aria-hidden=\"true\" class=\"fas fa-angle-double-right\"><\/i>\t\t\t\t\t\t<\/span>\n\t\t\t\t\t\t\t\t\t\t<span class=\"elementor-icon-list-text\">\u00c7erez Tercihleri<\/span>\n\t\t\t\t\t\t\t\t\t<\/li>\n\t\t\t\t\t\t<\/ul>\n\t\t\t\t<\/div>\n\t\t\t\t<\/div>\n\t\t\t\t\t<\/div>\n\t\t<\/div>\n\t\t\t\t\t\t\t<\/div>\n\t\t<\/section>\n\t\t\t\t<section class=\"elementor-section elementor-top-section elementor-element elementor-element-33b4947 elementor-section-boxed elementor-section-height-default elementor-section-height-default tf-sticky-section tf-sticky-no\" data-id=\"33b4947\" data-element_type=\"section\" data-settings=\"{&quot;tf_sticky&quot;:&quot;no&quot;}\">\n\t\t\t\t\t\t<div class=\"elementor-container elementor-column-gap-default\">\n\t\t\t\t\t<div class=\"elementor-column elementor-col-100 elementor-top-column elementor-element elementor-element-b1a50f5\" data-id=\"b1a50f5\" data-element_type=\"column\">\n\t\t\t<div class=\"elementor-widget-wrap elementor-element-populated\">\n\t\t\t\t\t\t\t\t<div class=\"elementor-element elementor-element-2396b43 elementor-widget elementor-widget-text-editor\" data-id=\"2396b43\" data-element_type=\"widget\" data-widget_type=\"text-editor.default\">\n\t\t\t\t<div class=\"elementor-widget-container\">\n\t\t\t<style>\/*! elementor - v3.18.0 - 20-12-2023 *\/\n.elementor-widget-text-editor.elementor-drop-cap-view-stacked .elementor-drop-cap{background-color:#69727d;color:#fff}.elementor-widget-text-editor.elementor-drop-cap-view-framed .elementor-drop-cap{color:#69727d;border:3px solid;background-color:transparent}.elementor-widget-text-editor:not(.elementor-drop-cap-view-default) .elementor-drop-cap{margin-top:8px}.elementor-widget-text-editor:not(.elementor-drop-cap-view-default) .elementor-drop-cap-letter{width:1em;height:1em}.elementor-widget-text-editor .elementor-drop-cap{float:left;text-align:center;line-height:1;font-size:50px}.elementor-widget-text-editor .elementor-drop-cap-letter{display:inline-block}<\/style>\t\t\t\t<header class=\"mdc-c-header\">\n<div class=\"mdc-c-header__block___i1Lg-_dae1ff3\"><em>Y\u00fcr\u00fcrl\u00fck tarihi: 1 Ocak 2024<\/em><\/div>\n<\/header>\n<div class=\"mdc-c-description___SrnQP_dae1ff3\">\n<div class=\"MainBody_mck-c-main-body__text-content__6mkZS mck-u-links-inline mdc-o-content-body\">\n<p>Glocaliser, gizlili\u011finizin sizin i\u00e7in \u00f6nemli oldu\u011funu anlamakta ve kulland\u0131\u011f\u0131 teknolojiler konusunda \u015feffaf olmay\u0131 taahh\u00fct etmektedir. Bu \u00c7erez Politikas\u0131, \u00e7erezlerin, web i\u015faret\u00e7ilerinin, piksellerin, a\u00e7\u0131k giflerin ve di\u011fer benzer teknolojilerin (topluca &#8220;\u00c7erezler ve Di\u011fer \u0130zleme Teknolojileri&#8221;) bu Politikaya ba\u011flant\u0131 g\u00f6nderen herhangi bir web sitesini veya uygulamay\u0131 (topluca &#8220;Siteler&#8221;) kulland\u0131\u011f\u0131n\u0131zda veya ziyaret etti\u011finizde cihaz\u0131n\u0131zda nas\u0131l ve neden saklanabilece\u011fini ve cihaz\u0131n\u0131zdan eri\u015filebilece\u011fini a\u00e7\u0131klamaktad\u0131r. Bu \u00c7erez Politikas\u0131, Gizlilik Politikam\u0131z ve Kullan\u0131m Ko\u015fullar\u0131m\u0131z ile birlikte okunmal\u0131d\u0131r.<\/p>\n<p><strong>\u00c7erezler ve Di\u011fer \u0130zleme Teknolojileri Nedir?<\/strong><\/p>\n<p>\u00c7erez, kabul etti\u011finiz \u00f6l\u00e7\u00fcde Sitelerimizden birini ziyaret etti\u011finizde cihaz\u0131n\u0131zda depolanabilen ve cihaz\u0131n\u0131zdan eri\u015filebilen k\u00fc\u00e7\u00fck bir metin dosyas\u0131d\u0131r. Di\u011fer izleme teknolojileri \u00e7erezlere benzer \u015fekilde \u00e7al\u0131\u015f\u0131r ve Sitelerimizi nas\u0131l kulland\u0131\u011f\u0131n\u0131z hakk\u0131nda bilgi toplamam\u0131z\u0131 sa\u011flamak i\u00e7in cihazlar\u0131n\u0131za k\u00fc\u00e7\u00fck veri dosyalar\u0131 yerle\u015ftirir veya web sitesi etkinli\u011finizi izler. Bu, Sitelerimizin cihaz\u0131n\u0131z\u0131 Sitelerin di\u011fer kullan\u0131c\u0131lar\u0131n\u0131n cihazlar\u0131ndan tan\u0131mas\u0131n\u0131 sa\u011flar. A\u015fa\u011f\u0131da \u00e7erezler hakk\u0131nda verilen bilgiler bu di\u011fer izleme teknolojileri i\u00e7in de ge\u00e7erlidir. Daha fazla bilgiye <a href=\"http:\/\/www.allaboutcookies.org\/\">www.allaboutcookies.org<\/a> ve <a href=\"http:\/\/www.youronlinechoices.eu\/\">www.youronlinechoices.eu<\/a> adreslerinden ula\u015fabilirsiniz.<\/p>\n<p><strong>Sitelerimiz \u00c7erezleri ve Di\u011fer \u0130zleme Teknolojilerini nas\u0131l kullan\u0131r?<\/strong><\/p>\n<p>Glocaliser, sizi ve ilgi alanlar\u0131n\u0131z\u0131 tan\u0131mlamak, tercihlerinizi hat\u0131rlamak ve Sitelerimizi kullan\u0131m\u0131n\u0131z\u0131 izlemek i\u00e7in \u00c7erezleri ve Di\u011fer \u0130zleme Teknolojilerini kullan\u0131r. Ayr\u0131ca, Sitelerimizdeki belirli i\u00e7eriklere eri\u015fimi kontrol etmek, Siteleri korumak ve bizden yapt\u0131\u011f\u0131n\u0131z talepleri i\u015fleme koymak i\u00e7in \u00c7erezleri ve Di\u011fer \u0130zleme Teknolojilerini kullan\u0131r\u0131z.<\/p>\n<p>Sitelerimizi y\u00f6netmek ve ara\u015ft\u0131rma amac\u0131yla Glocaliser, Site kullan\u0131c\u0131lar\u0131m\u0131zdan gelen istatistiksel kullan\u0131m ve hacim bilgilerini izlemek ve analiz etmek i\u00e7in \u00fc\u00e7\u00fcnc\u00fc taraf hizmet sa\u011flay\u0131c\u0131larla da s\u00f6zle\u015fme yapm\u0131\u015ft\u0131r. Bu \u00fc\u00e7\u00fcnc\u00fc taraf hizmet sa\u011flay\u0131c\u0131lar\u0131, kullan\u0131c\u0131 deneyimini geli\u015ftirmemize, Site i\u00e7eri\u011fimizi y\u00f6netmemize ve kullan\u0131c\u0131lar\u0131n Sitelerde nas\u0131l gezindi\u011fini ve Siteleri nas\u0131l kulland\u0131\u011f\u0131n\u0131 analiz etmemize yard\u0131mc\u0131 olmak i\u00e7in kal\u0131c\u0131 \u00c7erezler kullan\u0131r.<\/p>\n<p><strong>Birinci ve \u00dc\u00e7\u00fcnc\u00fc Taraf \u00c7erezler<\/strong><\/p>\n<p>&#8220;Birinci taraf \u00c7erezler&#8221; Glocaliser&#8217;a ait olan ve Glocaliser&#8217;\u0131n cihaz\u0131n\u0131za yerle\u015ftirdi\u011fi \u00e7erezlerdir. &#8220;\u00dc\u00e7\u00fcnc\u00fc taraf \u00c7erezleri&#8221;, Sitemiz arac\u0131l\u0131\u011f\u0131yla ba\u015fka bir taraf\u0131n cihaz\u0131n\u0131za yerle\u015ftirdi\u011fi \u00e7erezlerdir. Glocaliser, bize ileti\u015fim bilgilerini vermi\u015f olan kullan\u0131c\u0131lara e-posta g\u00f6ndermek i\u00e7in \u00fc\u00e7\u00fcnc\u00fc taraf hizmet sa\u011flay\u0131c\u0131larla s\u00f6zle\u015fme yapabilir. E-posta ileti\u015fimlerimizin etkinli\u011fini \u00f6l\u00e7meye ve geli\u015ftirmeye yard\u0131mc\u0131 olmak ve\/veya mesajlar\u0131n a\u00e7\u0131l\u0131p a\u00e7\u0131lmad\u0131\u011f\u0131n\u0131 ve ba\u011flant\u0131lara t\u0131klan\u0131p t\u0131klanmad\u0131\u011f\u0131n\u0131 belirlemek i\u00e7in, \u00fc\u00e7\u00fcnc\u00fc taraf hizmet sa\u011flay\u0131c\u0131lar\u0131 bu kullan\u0131c\u0131lar\u0131n cihazlar\u0131na \u00c7erezler yerle\u015ftirebilir.<\/p>\n<p>Bu \u015firketlerin bizim ad\u0131m\u0131za nas\u0131l bilgi toplad\u0131\u011f\u0131 ve kulland\u0131\u011f\u0131 hakk\u0131nda daha fazla bilgi i\u00e7in l\u00fctfen a\u015fa\u011f\u0131da belirtilen gizlilik politikalar\u0131na bak\u0131n.<\/p>\n<p>Siteye ba\u011fl\u0131 olarak, a\u015fa\u011f\u0131daki \u00e7erez t\u00fcrlerini kullan\u0131r\u0131z:<\/p>\n<p><strong>Kal\u0131c\u0131 \u00c7erezler<\/strong>. Siteleri kullanma deneyiminizi iyile\u015ftirmek i\u00e7in kal\u0131c\u0131 \u00c7erezler kullan\u0131yoruz. Bu, Siteleri kulland\u0131\u011f\u0131n\u0131zda ilk olarak g\u00f6r\u00fcnen \u00e7erez mesaj\u0131n\u0131 kald\u0131rmak i\u00e7in \u00c7erez Politikam\u0131z\u0131 kabul etti\u011finizi kaydetmeyi i\u00e7erir.<\/p>\n<p><strong>Oturum \u00c7erezleri<\/strong>. Oturum \u00c7erezleri ge\u00e7icidir ve web taray\u0131c\u0131n\u0131z kapand\u0131\u011f\u0131nda makinenizden silinir. Yukar\u0131da a\u00e7\u0131kland\u0131\u011f\u0131 gibi internet kullan\u0131m\u0131n\u0131 izlememize yard\u0131mc\u0131 olmas\u0131 i\u00e7in oturum \u00c7erezleri kullan\u0131yoruz.<\/p>\n<p>Taray\u0131c\u0131n\u0131zdaki uygun ayar\u0131 etkinle\u015ftirerek taray\u0131c\u0131 \u00c7erezlerini kabul etmeyi reddedebilirsiniz. Ancak, bu ayar\u0131 se\u00e7erseniz Sitelerin belirli b\u00f6l\u00fcmlerine eri\u015femeyebilirsiniz. Taray\u0131c\u0131 ayarlar\u0131n\u0131z\u0131 \u00c7erezleri reddedecek \u015fekilde ayarlamad\u0131\u011f\u0131n\u0131z s\u00fcrece, taray\u0131c\u0131n\u0131z\u0131 Sitelerimize y\u00f6nlendirdi\u011finizde sistemimiz \u00c7erezler yay\u0131nlayacakt\u0131r.<\/p>\n<p>Siteler taraf\u0131ndan ve\/veya bilgisayar\u0131n\u0131za yerle\u015ftirilebilecek \u00c7erezler arac\u0131l\u0131\u011f\u0131yla toplanan veriler, yukar\u0131da belirtilen ama\u00e7lar\u0131n yerine getirilmesi i\u00e7in gerekli olandan daha uzun s\u00fcre saklanmayacakt\u0131r. Her hal\u00fckarda, bu t\u00fcr bilgiler bir y\u0131ldan daha uzun s\u00fcre saklanmayacakt\u0131r.<\/p>\n<p>\u00c7erezlerimiz a\u015fa\u011f\u0131daki ama\u00e7lar i\u00e7in kullan\u0131lmaktad\u0131r:<\/p>\n<table>\n<thead>\n<tr>\n<td>\n  <strong>\u00c7erez T\u00fcr\u00fc<\/strong>\n<\/td>\n<td>\n  <strong>Ama\u00e7<\/strong>\n<\/td>\n<\/tr>\n<\/thead>\n<tbody>\n<tr>\n<td>Kesinlikle Gerekli\/ Teknik<\/td>\n<td>Bu \u00c7erezler, talep etti\u011finiz \u015fekilde eri\u015febilmeniz i\u00e7in Sitelerimizi i\u015fletmemize izin vermek i\u00e7in gereklidir. Bu \u00c7erezler, \u00f6rne\u011fin, bir hesap olu\u015fturdu\u011funuzu ve Site i\u00e7eri\u011fine eri\u015fmek i\u00e7in bu hesaba giri\u015f yapt\u0131\u011f\u0131n\u0131z\u0131 anlamam\u0131z\u0131 sa\u011flar. Ayr\u0131ca, ayn\u0131 tarama oturumu i\u00e7inde \u00f6nceki eylemlerinizi hat\u0131rlamam\u0131z\u0131 ve Sitelerimizi g\u00fcvence alt\u0131na almam\u0131z\u0131 sa\u011flayan \u00c7erezleri de i\u00e7erirler.<\/td>\n<\/tr>\n<tr>\n<td>Analitik\/ Performans<\/td>\n<td>Bu \u00c7erezler, Sitelerin nas\u0131l kullan\u0131ld\u0131\u011f\u0131n\u0131 ve nas\u0131l performans g\u00f6sterdi\u011fini analiz etmek i\u00e7in taraf\u0131m\u0131zdan veya \u00fc\u00e7\u00fcnc\u00fc taraf hizmet sa\u011flay\u0131c\u0131lar\u0131 taraf\u0131ndan kullan\u0131l\u0131r. \u00d6rne\u011fin, bu \u00c7erezler en s\u0131k hangi sayfalar\u0131n ziyaret edildi\u011fini ve ziyaret\u00e7ilerimizin hangi konumlardan geldi\u011fini izler. Bir haber b\u00fcltenine abone olursan\u0131z veya Sitelere ba\u015fka bir \u015fekilde kaydolursan\u0131z, bu \u00c7erezler sizinle ili\u015fkilendirilebilir. Bu \u00c7erezler, \u00f6rne\u011fin Adobe Analytics \u00e7erezlerini i\u00e7erir.<\/td>\n<\/tr>\n<tr>\n<td>\u0130\u015flevsellik<\/td>\n<td>Bu \u00c7erezler, Siteleri yapt\u0131\u011f\u0131n\u0131z se\u00e7imlere uygun olarak i\u015fletmemizi sa\u011flar. Bu \u00c7erezler, ziyaretleriniz aras\u0131nda sizi &#8220;hat\u0131rlamam\u0131za&#8221; izin verir. \u00d6rne\u011fin, kullan\u0131c\u0131 ad\u0131n\u0131z\u0131 tan\u0131yaca\u011f\u0131z ve \u00f6rne\u011fin metin boyutunu, yaz\u0131 tiplerini, dilleri ve web sayfalar\u0131n\u0131n de\u011fi\u015ftirilebilir di\u011fer b\u00f6l\u00fcmlerini ayarlayarak Siteleri ve hizmetleri nas\u0131l \u00f6zelle\u015ftirdi\u011finizi hat\u0131rlayaca\u011f\u0131z ve gelecekteki ziyaretlerinizde size ayn\u0131 \u00f6zelle\u015ftirmeleri sa\u011flayaca\u011f\u0131z.<\/td>\n<\/tr>\n<tr>\n<td>\u00dc\u00e7\u00fcnc\u00fc Taraf Reklamlar\u0131<\/td>\n<td>Bu \u00c7erezler, size hedefli reklamlar sunmak i\u00e7in bu ve di\u011fer sitelerdeki faaliyetleriniz hakk\u0131nda bilgi toplar. Ayr\u0131ca, \u00fc\u00e7\u00fcnc\u00fc taraf hizmet sa\u011flay\u0131c\u0131lar\u0131m\u0131z\u0131n, zaman i\u00e7inde ve farkl\u0131 web sitelerindeki \u00e7evrimi\u00e7i etkinlikleriniz hakk\u0131nda bilgi toplamak da dahil olmak \u00fczere, yukar\u0131da belirtilen ayn\u0131 ama\u00e7larla Sitelerde \u00c7erezleri kullanmas\u0131na izin verebiliriz. <a href=\"https:\/\/www.adobe.com\/privacy\/policy.html\">Adobe<\/a>, <a href=\"https:\/\/www.linkedin.com\/legal\/privacy-policy\">LinkedIn<\/a>, <a href=\"https:\/\/twitter.com\/en\/privacy\">Twitter<\/a> ve <a href=\"https:\/\/www.facebook.com\/policy.php\">Facebook<\/a> gibi bu \u00c7erezleri \u00fcreten \u00fc\u00e7\u00fcnc\u00fc taraf hizmet sa\u011flay\u0131c\u0131lar\u0131n\u0131n kendi gizlilik politikalar\u0131 vard\u0131r ve Sitelerimizi ziyaretinize dayal\u0131 olarak di\u011fer web sitelerinde size reklam hedeflemek i\u00e7in \u00c7erezlerini kullanabilirler.<\/td>\n<\/tr>\n<\/tbody>\n<\/table>\n<p><strong>\u00c7erezlerin kullan\u0131m\u0131na ili\u015fkin iznimi nas\u0131l reddedebilirim veya geri \u00e7ekebilirim?<\/strong><\/p>\n<p>\u00c7erezlerin cihaz\u0131n\u0131za b\u0131rak\u0131lmas\u0131n\u0131 istemiyorsan\u0131z, \u0130nternet taray\u0131c\u0131n\u0131z\u0131n ayar\u0131n\u0131 t\u00fcm veya baz\u0131 \u00c7erezlerin ayarlanmas\u0131n\u0131 reddedecek ve cihaz\u0131n\u0131za bir \u00c7erez yerle\u015ftirildi\u011finde sizi uyaracak \u015fekilde ayarlayabilirsiniz. Bunun nas\u0131l yap\u0131laca\u011f\u0131 hakk\u0131nda daha fazla bilgi i\u00e7in l\u00fctfen taray\u0131c\u0131n\u0131z\u0131n &#8216;yard\u0131m&#8217; \/ &#8216;ara\u00e7&#8217; veya &#8216;d\u00fczenle&#8217; b\u00f6l\u00fcm\u00fcne bak\u0131n veya <a href=\"http:\/\/www.allaboutcookies.org\/\">www.allaboutcookies.org<\/a> adresine bak\u0131n. Taray\u0131c\u0131 ayarlar\u0131n\u0131z\u0131 t\u00fcm \u00c7erezleri (kesinlikle gerekli \u00c7erezler dahil) engellemek i\u00e7in kullan\u0131rsan\u0131z, Sitelerimizin tamam\u0131na veya bir k\u0131sm\u0131na veya i\u015flevlerine eri\u015femeyebilece\u011finizi veya bunlar\u0131 kullanamayabilece\u011finizi l\u00fctfen unutmay\u0131n.<\/p>\n<p>\u00d6nceden depolanm\u0131\u015f \u00c7erezleri kald\u0131rmak isterseniz, \u00c7erezleri istedi\u011finiz zaman manuel olarak silebilirsiniz. Ancak bu, \u0130nternet taray\u0131c\u0131s\u0131 ayar\u0131n\u0131z\u0131 yukar\u0131da a\u00e7\u0131kland\u0131\u011f\u0131 \u015fekilde de\u011fi\u015ftirmedi\u011finiz s\u00fcrece Sitelerin cihaz\u0131n\u0131za ba\u015fka \u00c7erezler yerle\u015ftirmesini engellemeyecektir.<\/p>\n<p>Kullan\u0131c\u0131 profillerinin geli\u015ftirilmesi ve hedefleme\/reklam \u00c7erezlerinin kullan\u0131m\u0131 hakk\u0131nda daha fazla bilgi i\u00e7in l\u00fctfen Avrupa&#8217;da bulunuyorsan\u0131z <a href=\"http:\/\/www.youronlinechoices.eu\/\">www.youronlinechoices.eu<\/a> adresine veya Amerika Birle\u015fik Devletleri&#8217;nde bulunuyorsan\u0131z <a href=\"http:\/\/www.aboutads.info\/choices\">www.aboutads.info\/choices<\/a> adresine bak\u0131n.<\/p>\n<p><strong>\u0130leti\u015fimlerimizde Di\u011fer \u0130zleme Teknolojilerini nas\u0131l kullan\u0131yoruz?<\/strong><\/p>\n<p>Glocaliser, web i\u015faret\u00e7ileri arac\u0131l\u0131\u011f\u0131yla size g\u00f6nderdi\u011fimiz bilgi, ara\u015ft\u0131rma veya etkinlik ileti\u015fimlerindeki herhangi bir ba\u011flant\u0131y\u0131 a\u00e7\u0131p a\u00e7mad\u0131\u011f\u0131n\u0131z veya t\u0131klay\u0131p t\u0131klamad\u0131\u011f\u0131n\u0131z hakk\u0131nda bilgi toplayabilir.<\/p>\n<p>Web i\u015faret\u00e7isi, bir web sitesine veya bir e-postaya yerle\u015ftirilen ve tek ba\u015f\u0131na veya \u00e7erezlerle birlikte bir Glocaliser web sitesini veya e-postas\u0131n\u0131 kullan\u0131m\u0131n\u0131z veya bunlarla etkile\u015fiminiz hakk\u0131nda bilgi derleyen bir grafik g\u00f6r\u00fcnt\u00fcd\u00fcr. \u00d6rne\u011fin, e-postam\u0131z\u0131 a\u00e7\u0131p a\u00e7mad\u0131\u011f\u0131n\u0131z\u0131 veya bir ba\u011flant\u0131ya t\u0131klay\u0131p t\u0131klamad\u0131\u011f\u0131n\u0131z\u0131 belirlemek i\u00e7in size g\u00f6nderdi\u011fimiz bilgi, ara\u015ft\u0131rma veya etkinlik ileti\u015fimlerine web i\u015faret\u00e7ileri ekleyebiliriz. Toplanan analiz, web sitelerimizin ve e-posta ileti\u015fimlerimizin i\u00e7eri\u011finin ve bi\u00e7iminin etkinli\u011fini geli\u015ftirmemize yard\u0131mc\u0131 olur.<\/p>\n<p><strong>Web \u0130\u015faret\u00e7ilerinin kullan\u0131m\u0131na verdi\u011fim izni nas\u0131l reddedebilirim veya geri \u00e7ekebilirim?<\/strong><\/p>\n<p>E-posta okuyucu program\u0131n\u0131z\u0131, uzak g\u00f6r\u00fcnt\u00fclerin y\u00fcklenmesini sa\u011flayan i\u015flevselli\u011fi devre d\u0131\u015f\u0131 b\u0131rakacak \u015fekilde yap\u0131land\u0131rarak ve e-posta iletilerindeki herhangi bir ba\u011flant\u0131ya t\u0131klamaktan ka\u00e7\u0131narak web i\u015faret\u00e7ilerinden ka\u00e7\u0131nabilirsiniz.<\/p>\n<\/div>\n<\/div>\n\t\t\t\t\t\t<\/div>\n\t\t\t\t<\/div>\n\t\t\t\t<div class=\"elementor-element elementor-element-671fb0e elementor-widget elementor-widget-spacer\" data-id=\"671fb0e\" data-element_type=\"widget\" data-widget_type=\"spacer.default\">\n\t\t\t\t<div class=\"elementor-widget-container\">\n\t\t\t<style>\/*! elementor - v3.18.0 - 20-12-2023 *\/\n.elementor-column .elementor-spacer-inner{height:var(--spacer-size)}.e-con{--container-widget-width:100%}.e-con-inner>.elementor-widget-spacer,.e-con>.elementor-widget-spacer{width:var(--container-widget-width,var(--spacer-size));--align-self:var(--container-widget-align-self,initial);--flex-shrink:0}.e-con-inner>.elementor-widget-spacer>.elementor-widget-container,.e-con>.elementor-widget-spacer>.elementor-widget-container{height:100%;width:100%}.e-con-inner>.elementor-widget-spacer>.elementor-widget-container>.elementor-spacer,.e-con>.elementor-widget-spacer>.elementor-widget-container>.elementor-spacer{height:100%}.e-con-inner>.elementor-widget-spacer>.elementor-widget-container>.elementor-spacer>.elementor-spacer-inner,.e-con>.elementor-widget-spacer>.elementor-widget-container>.elementor-spacer>.elementor-spacer-inner{height:var(--container-widget-height,var(--spacer-size))}.e-con-inner>.elementor-widget-spacer.elementor-widget-empty,.e-con>.elementor-widget-spacer.elementor-widget-empty{position:relative;min-height:22px;min-width:22px}.e-con-inner>.elementor-widget-spacer.elementor-widget-empty .elementor-widget-empty-icon,.e-con>.elementor-widget-spacer.elementor-widget-empty .elementor-widget-empty-icon{position:absolute;top:0;bottom:0;left:0;right:0;margin:auto;padding:0;width:22px;height:22px}<\/style>\t\t<div class=\"elementor-spacer\">\n\t\t\t<div class=\"elementor-spacer-inner\"><\/div>\n\t\t<\/div>\n\t\t\t\t<\/div>\n\t\t\t\t<\/div>\n\t\t\t\t\t<\/div>\n\t\t<\/div>\n\t\t\t\t\t\t\t<\/div>\n\t\t<\/section>\n\t\t\t\t\t\t\t<\/div>\n\t\t","protected":false},"excerpt":{"rendered":"<p>\u00c7erez Politikas\u0131 Ev Y\u00fcr\u00fcrl\u00fck tarihi: 1 Ocak 2024 Glocaliser, gizlili\u011finizin sizin i\u00e7in \u00f6nemli oldu\u011funu anlamakta ve kulland\u0131\u011f\u0131 teknolojiler konusunda \u015feffaf olmay\u0131 taahh\u00fct etmektedir. Bu \u00c7erez Politikas\u0131, \u00e7erezlerin, web i\u015faret\u00e7ilerinin, piksellerin, a\u00e7\u0131k giflerin ve di\u011fer benzer teknolojilerin (topluca &#8220;\u00c7erezler ve Di\u011fer \u0130zleme Teknolojileri&#8221;) bu Politikaya ba\u011flant\u0131 g\u00f6nderen herhangi bir web sitesini veya uygulamay\u0131 (topluca &#8220;Siteler&#8221;) kulland\u0131\u011f\u0131n\u0131zda [&hellip;]<\/p>\n","protected":false},"author":2,"featured_media":0,"parent":0,"menu_order":0,"comment_status":"closed","ping_status":"closed","template":"","meta":{"footnotes":""},"class_list":["post-8421","page","type-page","status-publish","hentry"],"acf":[],"_links":{"self":[{"href":"https:\/\/glocaliser.com\/tr\/wp-json\/wp\/v2\/pages\/8421","targetHints":{"allow":["GET"]}}],"collection":[{"href":"https:\/\/glocaliser.com\/tr\/wp-json\/wp\/v2\/pages"}],"about":[{"href":"https:\/\/glocaliser.com\/tr\/wp-json\/wp\/v2\/types\/page"}],"author":[{"embeddable":true,"href":"https:\/\/glocaliser.com\/tr\/wp-json\/wp\/v2\/users\/2"}],"replies":[{"embeddable":true,"href":"https:\/\/glocaliser.com\/tr\/wp-json\/wp\/v2\/comments?post=8421"}],"version-history":[{"count":2,"href":"https:\/\/glocaliser.com\/tr\/wp-json\/wp\/v2\/pages\/8421\/revisions"}],"predecessor-version":[{"id":8428,"href":"https:\/\/glocaliser.com\/tr\/wp-json\/wp\/v2\/pages\/8421\/revisions\/8428"}],"wp:attachment":[{"href":"https:\/\/glocaliser.com\/tr\/wp-json\/wp\/v2\/media?parent=8421"}],"curies":[{"name":"wp","href":"https:\/\/api.w.org\/{rel}","templated":true}]}}