{"id":8415,"date":"2023-12-19T09:17:39","date_gmt":"2023-12-19T09:17:39","guid":{"rendered":"https:\/\/glocaliser.com\/sanjay-nankani\/"},"modified":"2024-01-03T18:55:31","modified_gmt":"2024-01-03T18:55:31","slug":"sanjay-nankani","status":"publish","type":"page","link":"https:\/\/glocaliser.com\/tr\/sanjay-nankani\/","title":{"rendered":"Sanjay Nankani"},"content":{"rendered":"\t\t<div data-elementor-type=\"wp-page\" data-elementor-id=\"8415\" class=\"elementor elementor-8415 elementor-8372\" data-elementor-post-type=\"page\">\n\t\t\t\t\t\t\t\t\t<section class=\"elementor-section elementor-top-section elementor-element elementor-element-fc8845f elementor-section-boxed elementor-section-height-default elementor-section-height-default tf-sticky-section tf-sticky-no\" data-id=\"fc8845f\" data-element_type=\"section\" data-settings=\"{&quot;background_background&quot;:&quot;classic&quot;,&quot;tf_sticky&quot;:&quot;no&quot;}\">\n\t\t\t\t\t\t\t<div class=\"elementor-background-overlay\"><\/div>\n\t\t\t\t\t\t\t<div class=\"elementor-container elementor-column-gap-default\">\n\t\t\t\t\t<div class=\"elementor-column elementor-col-100 elementor-top-column elementor-element elementor-element-07ad0b9\" data-id=\"07ad0b9\" data-element_type=\"column\">\n\t\t\t<div class=\"elementor-widget-wrap elementor-element-populated\">\n\t\t\t\t\t\t\t\t<div class=\"elementor-element elementor-element-9f3bd2c elementor-invisible elementor-widget elementor-widget-heading\" data-id=\"9f3bd2c\" data-element_type=\"widget\" data-settings=\"{&quot;_animation&quot;:&quot;fadeInUp&quot;}\" data-widget_type=\"heading.default\">\n\t\t\t\t<div class=\"elementor-widget-container\">\n\t\t\t<style>\/*! elementor - v3.18.0 - 20-12-2023 *\/\n.elementor-heading-title{padding:0;margin:0;line-height:1}.elementor-widget-heading .elementor-heading-title[class*=elementor-size-]>a{color:inherit;font-size:inherit;line-height:inherit}.elementor-widget-heading .elementor-heading-title.elementor-size-small{font-size:15px}.elementor-widget-heading .elementor-heading-title.elementor-size-medium{font-size:19px}.elementor-widget-heading .elementor-heading-title.elementor-size-large{font-size:29px}.elementor-widget-heading .elementor-heading-title.elementor-size-xl{font-size:39px}.elementor-widget-heading .elementor-heading-title.elementor-size-xxl{font-size:59px}<\/style><h2 class=\"elementor-heading-title elementor-size-default\">Tak\u0131m<\/h2>\t\t<\/div>\n\t\t\t\t<\/div>\n\t\t\t\t<div class=\"elementor-element elementor-element-6a31d1e elementor-icon-list--layout-inline elementor-align-center elementor-list-item-link-full_width elementor-invisible elementor-widget elementor-widget-icon-list\" data-id=\"6a31d1e\" data-element_type=\"widget\" data-settings=\"{&quot;_animation&quot;:&quot;fadeInUp&quot;}\" data-widget_type=\"icon-list.default\">\n\t\t\t\t<div class=\"elementor-widget-container\">\n\t\t\t<link rel=\"stylesheet\" href=\"https:\/\/glocaliser.com\/wp-content\/plugins\/elementor\/assets\/css\/widget-icon-list.min.css\">\t\t<ul class=\"elementor-icon-list-items elementor-inline-items\">\n\t\t\t\t\t\t\t<li class=\"elementor-icon-list-item elementor-inline-item\">\n\t\t\t\t\t\t\t\t\t\t\t<a href=\"https:\/\/glocaliser.com\/tr\/\">\n\n\t\t\t\t\t\t\t\t\t\t\t<span class=\"elementor-icon-list-text\">Ev<\/span>\n\t\t\t\t\t\t\t\t\t\t\t<\/a>\n\t\t\t\t\t\t\t\t\t<\/li>\n\t\t\t\t\t\t\t\t<li class=\"elementor-icon-list-item elementor-inline-item\">\n\t\t\t\t\t\t\t\t\t\t\t<span class=\"elementor-icon-list-icon\">\n\t\t\t\t\t\t\t<i aria-hidden=\"true\" class=\"fas fa-angle-double-right\"><\/i>\t\t\t\t\t\t<\/span>\n\t\t\t\t\t\t\t\t\t\t<span class=\"elementor-icon-list-text\">Tak\u0131m<\/span>\n\t\t\t\t\t\t\t\t\t<\/li>\n\t\t\t\t\t\t<\/ul>\n\t\t\t\t<\/div>\n\t\t\t\t<\/div>\n\t\t\t\t\t<\/div>\n\t\t<\/div>\n\t\t\t\t\t\t\t<\/div>\n\t\t<\/section>\n\t\t\t\t<section class=\"elementor-section elementor-top-section elementor-element elementor-element-46dab198 elementor-section-boxed elementor-section-height-default elementor-section-height-default tf-sticky-section tf-sticky-no\" data-id=\"46dab198\" data-element_type=\"section\" data-settings=\"{&quot;tf_sticky&quot;:&quot;no&quot;}\">\n\t\t\t\t\t\t<div class=\"elementor-container elementor-column-gap-default\">\n\t\t\t\t\t<div class=\"elementor-column elementor-col-50 elementor-top-column elementor-element elementor-element-334d54f7\" data-id=\"334d54f7\" data-element_type=\"column\">\n\t\t\t<div class=\"elementor-widget-wrap elementor-element-populated\">\n\t\t\t\t\t\t\t\t<div class=\"elementor-element elementor-element-1951fff9 elementor-widget elementor-widget-image\" data-id=\"1951fff9\" data-element_type=\"widget\" data-widget_type=\"image.default\">\n\t\t\t\t<div class=\"elementor-widget-container\">\n\t\t\t<style>\/*! elementor - v3.18.0 - 20-12-2023 *\/\n.elementor-widget-image{text-align:center}.elementor-widget-image a{display:inline-block}.elementor-widget-image a img[src$=\".svg\"]{width:48px}.elementor-widget-image img{vertical-align:middle;display:inline-block}<\/style>\t\t\t\t\t\t\t\t\t\t\t\t<img fetchpriority=\"high\" decoding=\"async\" width=\"1707\" height=\"2560\" src=\"https:\/\/glocaliser.com\/wp-content\/uploads\/2023\/12\/Sanjay-white-background-scaled.jpg\" class=\"attachment-full size-full wp-image-8382\" alt=\"\" srcset=\"https:\/\/glocaliser.com\/wp-content\/uploads\/2023\/12\/Sanjay-white-background-scaled.jpg 1707w, https:\/\/glocaliser.com\/wp-content\/uploads\/2023\/12\/Sanjay-white-background-200x300.jpg 200w, https:\/\/glocaliser.com\/wp-content\/uploads\/2023\/12\/Sanjay-white-background-683x1024.jpg 683w, https:\/\/glocaliser.com\/wp-content\/uploads\/2023\/12\/Sanjay-white-background-768x1152.jpg 768w, https:\/\/glocaliser.com\/wp-content\/uploads\/2023\/12\/Sanjay-white-background-1024x1536.jpg 1024w, https:\/\/glocaliser.com\/wp-content\/uploads\/2023\/12\/Sanjay-white-background-1365x2048.jpg 1365w\" sizes=\"(max-width: 1707px) 100vw, 1707px\" \/>\t\t\t\t\t\t\t\t\t\t\t\t\t\t\t<\/div>\n\t\t\t\t<\/div>\n\t\t\t\t\t<\/div>\n\t\t<\/div>\n\t\t\t\t<div class=\"elementor-column elementor-col-50 elementor-top-column elementor-element elementor-element-26e77597\" data-id=\"26e77597\" data-element_type=\"column\">\n\t\t\t<div class=\"elementor-widget-wrap elementor-element-populated\">\n\t\t\t\t\t\t\t\t<div class=\"elementor-element elementor-element-5fd7bdbf elementor-widget elementor-widget-heading\" data-id=\"5fd7bdbf\" data-element_type=\"widget\" data-widget_type=\"heading.default\">\n\t\t\t\t<div class=\"elementor-widget-container\">\n\t\t\t<h3 class=\"elementor-heading-title elementor-size-default\">Sanjay Nankani<\/h3>\t\t<\/div>\n\t\t\t\t<\/div>\n\t\t\t\t<div class=\"elementor-element elementor-element-1f9b5d1f elementor-widget__width-initial elementor-widget elementor-widget-text-editor\" data-id=\"1f9b5d1f\" data-element_type=\"widget\" data-widget_type=\"text-editor.default\">\n\t\t\t\t<div class=\"elementor-widget-container\">\n\t\t\t<style>\/*! elementor - v3.18.0 - 20-12-2023 *\/\n.elementor-widget-text-editor.elementor-drop-cap-view-stacked .elementor-drop-cap{background-color:#69727d;color:#fff}.elementor-widget-text-editor.elementor-drop-cap-view-framed .elementor-drop-cap{color:#69727d;border:3px solid;background-color:transparent}.elementor-widget-text-editor:not(.elementor-drop-cap-view-default) .elementor-drop-cap{margin-top:8px}.elementor-widget-text-editor:not(.elementor-drop-cap-view-default) .elementor-drop-cap-letter{width:1em;height:1em}.elementor-widget-text-editor .elementor-drop-cap{float:left;text-align:center;line-height:1;font-size:50px}.elementor-widget-text-editor .elementor-drop-cap-letter{display:inline-block}<\/style>\t\t\t\t<div class=\"elementor-element elementor-element-6cd9a54e elementor-widget elementor-widget-heading\" data-id=\"6cd9a54e\" data-element_type=\"widget\" data-widget_type=\"heading.default\">\n<div class=\"elementor-widget-container\">\n<p>Y\u00f6netim ve Giri\u015fimcilik Alan\u0131nda K\u00fcresel \u0130\u015f Lideri | Cebelitar\u0131k Merkezli<\/p>\n<p>Avrupa, \u0130spanya, Afrika ve Fas&#8217;\u0131 kapsayan ve \u015fu anda Cebelitar\u0131k&#8217;\u0131n canl\u0131 i\u015f merkezinde bulunan 28 y\u0131ll\u0131k zengin ve \u00e7e\u015fitli bir kariyere sahip olarak, \u00fc\u00e7 k\u0131tada i\u015f b\u00fcy\u00fcmesinin ve kurulu\u015funun arkas\u0131ndaki itici g\u00fc\u00e7 oldum. Ge\u00e7ti\u011fimiz yirmi y\u0131l boyunca, i\u015fletmelerin Nijerya, Gana ve G\u00fcney Afrika gibi \u00f6nemli Afrika pazarlar\u0131na a\u00e7\u0131lmas\u0131nda ve Avrupa&#8217;da b\u00fcy\u00fcmenin te\u015fvik edilmesinde \u00f6nemli bir rol oynad\u0131m.<\/p>\n<p>Giri\u015fimcilik Ba\u015far\u0131s\u0131<\/p>\n<p>Yolculu\u011fum sadece i\u015fleri y\u00f6netmeyi de\u011fil, ayn\u0131 zamanda giri\u015fimlerimi ba\u015far\u0131yla ba\u015flatmay\u0131 ve b\u00fcy\u00fctmeyi de i\u00e7eriyor. F\u0131rsatlar i\u00e7in keskin bir g\u00f6z ve stratejik bir zihniyetle, g\u00fc\u00e7l\u00fc B2B kanallar\u0131 olu\u015fturma ve optimize etme konusunda bir ni\u015f olu\u015fturdum.<\/p>\n<p>Bitki Temelli Vizyoner<\/p>\n<p>\u015eu anda bitki bazl\u0131 g\u0131dalara odaklanan bir giri\u015fimin Direkt\u00f6r\u00fc olarak g\u00f6rev yap\u0131yorum, s\u00fcrd\u00fcr\u00fclebilir ve sa\u011fl\u0131kl\u0131 ya\u015fam\u0131 te\u015fvik etme konusunda tutkuluyum. \u0130novasyon ve daha ye\u015fil bir gelece\u011fe olan ba\u011fl\u0131l\u0131\u011f\u0131n rehberli\u011findeki giri\u015fimimiz, bitki bazl\u0131 devrimin \u00f6n saflar\u0131nda yer al\u0131yor.<\/p>\n<p>\u00c7ok Dilli \u0130leti\u015fimci<\/p>\n<p>\u0130spanyolca, \u0130ngilizce, Hint\u00e7e, \u0130talyanca ve Frans\u0131zca dillerini ak\u0131c\u0131 bir \u015fekilde konu\u015farak k\u00fclt\u00fcrel u\u00e7urumlar\u0131 kapat\u0131yor ve k\u00fcresel i\u015f g\u00f6r\u00fc\u015fmelerini zahmetsizce kolayla\u015ft\u0131r\u0131yorum. Bu dilsel \u00e7ok y\u00f6nl\u00fcl\u00fck, farkl\u0131 kitlelerle ba\u011flant\u0131 kurmam\u0131 ve uluslararas\u0131 pazarlarda sorunsuzca gezinmemi sa\u011fl\u0131yor.<\/p>\n<p>Aile Merkezli Profesyonel<\/p>\n<p>Evli ve iki harika \u00e7ocu\u011fu olan ben, sadece kendini i\u015fine adam\u0131\u015f bir profesyonel de\u011fil, ayn\u0131 zamanda aile odakl\u0131 bir bireyim. Dinamik bir kariyerin talepleri ile aile hayat\u0131n\u0131n zevklerini dengeleyerek, hem ki\u015fisel hem de profesyonel \u00e7abalar\u0131ma b\u00fct\u00fcnsel bir bak\u0131\u015f a\u00e7\u0131s\u0131 getiriyorum.<\/p>\n<p>Gelece\u011fi Cebelitar\u0131k&#8217;\u0131n tam kalbinde yeniden tan\u0131mlarken ve k\u00fcresel \u00f6l\u00e7ekte olumlu bir etki yaratmaya devam ederken bu heyecan verici yolculukta bana kat\u0131l\u0131n.<\/p>\n<\/div>\n<\/div>\n\t\t\t\t\t\t<\/div>\n\t\t\t\t<\/div>\n\t\t\t\t<div class=\"elementor-element elementor-element-38f8494f elementor-hidden-desktop elementor-hidden-tablet elementor-hidden-mobile elementor-widget elementor-widget-button\" data-id=\"38f8494f\" data-element_type=\"widget\" data-widget_type=\"button.default\">\n\t\t\t\t<div class=\"elementor-widget-container\">\n\t\t\t\t\t<div class=\"elementor-button-wrapper\">\n\t\t\t<a class=\"elementor-button elementor-button-link elementor-size-sm\" href=\"https:\/\/glocaliser.com\/pazar-analizi\/\">\n\t\t\t\t\t\t<span class=\"elementor-button-content-wrapper\">\n\t\t\t\t\t\t<span class=\"elementor-button-icon elementor-align-icon-right\">\n\t\t\t\t<i aria-hidden=\"true\" class=\"fas fa-angle-double-right\"><\/i>\t\t\t<\/span>\n\t\t\t\t\t\t<span class=\"elementor-button-text\">\u0130ncele<\/span>\n\t\t<\/span>\n\t\t\t\t\t<\/a>\n\t\t<\/div>\n\t\t\t\t<\/div>\n\t\t\t\t<\/div>\n\t\t\t\t\t<\/div>\n\t\t<\/div>\n\t\t\t\t\t\t\t<\/div>\n\t\t<\/section>\n\t\t\t\t\t\t\t<\/div>\n\t\t","protected":false},"excerpt":{"rendered":"<p>Tak\u0131m Ev Tak\u0131m Sanjay Nankani Y\u00f6netim ve Giri\u015fimcilik Alan\u0131nda K\u00fcresel \u0130\u015f Lideri | Cebelitar\u0131k Merkezli Avrupa, \u0130spanya, Afrika ve Fas&#8217;\u0131 kapsayan ve \u015fu anda Cebelitar\u0131k&#8217;\u0131n canl\u0131 i\u015f merkezinde bulunan 28 y\u0131ll\u0131k zengin ve \u00e7e\u015fitli bir kariyere sahip olarak, \u00fc\u00e7 k\u0131tada i\u015f b\u00fcy\u00fcmesinin ve kurulu\u015funun arkas\u0131ndaki itici g\u00fc\u00e7 oldum. Ge\u00e7ti\u011fimiz yirmi y\u0131l boyunca, i\u015fletmelerin Nijerya, Gana [&hellip;]<\/p>\n","protected":false},"author":2,"featured_media":0,"parent":0,"menu_order":0,"comment_status":"closed","ping_status":"closed","template":"","meta":{"footnotes":""},"class_list":["post-8415","page","type-page","status-publish","hentry"],"acf":[],"_links":{"self":[{"href":"https:\/\/glocaliser.com\/tr\/wp-json\/wp\/v2\/pages\/8415","targetHints":{"allow":["GET"]}}],"collection":[{"href":"https:\/\/glocaliser.com\/tr\/wp-json\/wp\/v2\/pages"}],"about":[{"href":"https:\/\/glocaliser.com\/tr\/wp-json\/wp\/v2\/types\/page"}],"author":[{"embeddable":true,"href":"https:\/\/glocaliser.com\/tr\/wp-json\/wp\/v2\/users\/2"}],"replies":[{"embeddable":true,"href":"https:\/\/glocaliser.com\/tr\/wp-json\/wp\/v2\/comments?post=8415"}],"version-history":[{"count":2,"href":"https:\/\/glocaliser.com\/tr\/wp-json\/wp\/v2\/pages\/8415\/revisions"}],"predecessor-version":[{"id":8423,"href":"https:\/\/glocaliser.com\/tr\/wp-json\/wp\/v2\/pages\/8415\/revisions\/8423"}],"wp:attachment":[{"href":"https:\/\/glocaliser.com\/tr\/wp-json\/wp\/v2\/media?parent=8415"}],"curies":[{"name":"wp","href":"https:\/\/api.w.org\/{rel}","templated":true}]}}