{"id":8959,"date":"2023-03-02T13:07:47","date_gmt":"2023-03-02T13:07:47","guid":{"rendered":"https:\/\/glocaliser.com\/aylin-goknur\/"},"modified":"2024-01-09T10:43:38","modified_gmt":"2024-01-09T10:43:38","slug":"aylin-goknur","status":"publish","type":"page","link":"https:\/\/glocaliser.com\/fr\/aylin-goknur\/","title":{"rendered":"Aylin Goknur"},"content":{"rendered":"\t\t<div data-elementor-type=\"wp-page\" data-elementor-id=\"8959\" class=\"elementor elementor-8959 elementor-3154\" data-elementor-post-type=\"page\">\n\t\t\t\t\t\t\t\t\t<section class=\"elementor-section elementor-top-section elementor-element elementor-element-fc8845f elementor-section-boxed elementor-section-height-default elementor-section-height-default tf-sticky-section tf-sticky-no\" data-id=\"fc8845f\" data-element_type=\"section\" data-settings=\"{&quot;background_background&quot;:&quot;classic&quot;,&quot;tf_sticky&quot;:&quot;no&quot;}\">\n\t\t\t\t\t\t\t<div class=\"elementor-background-overlay\"><\/div>\n\t\t\t\t\t\t\t<div class=\"elementor-container elementor-column-gap-default\">\n\t\t\t\t\t<div class=\"elementor-column elementor-col-100 elementor-top-column elementor-element elementor-element-07ad0b9\" data-id=\"07ad0b9\" data-element_type=\"column\">\n\t\t\t<div class=\"elementor-widget-wrap elementor-element-populated\">\n\t\t\t\t\t\t\t\t<div class=\"elementor-element elementor-element-9f3bd2c elementor-invisible elementor-widget elementor-widget-heading\" data-id=\"9f3bd2c\" data-element_type=\"widget\" data-settings=\"{&quot;_animation&quot;:&quot;fadeInUp&quot;}\" data-widget_type=\"heading.default\">\n\t\t\t\t<div class=\"elementor-widget-container\">\n\t\t\t<style>\/*! elementor - v3.18.0 - 20-12-2023 *\/\n.elementor-heading-title{padding:0;margin:0;line-height:1}.elementor-widget-heading .elementor-heading-title[class*=elementor-size-]>a{color:inherit;font-size:inherit;line-height:inherit}.elementor-widget-heading .elementor-heading-title.elementor-size-small{font-size:15px}.elementor-widget-heading .elementor-heading-title.elementor-size-medium{font-size:19px}.elementor-widget-heading .elementor-heading-title.elementor-size-large{font-size:29px}.elementor-widget-heading .elementor-heading-title.elementor-size-xl{font-size:39px}.elementor-widget-heading .elementor-heading-title.elementor-size-xxl{font-size:59px}<\/style><h2 class=\"elementor-heading-title elementor-size-default\">L'\u00e9quipe<\/h2>\t\t<\/div>\n\t\t\t\t<\/div>\n\t\t\t\t<div class=\"elementor-element elementor-element-6a31d1e elementor-icon-list--layout-inline elementor-align-center elementor-list-item-link-full_width elementor-invisible elementor-widget elementor-widget-icon-list\" data-id=\"6a31d1e\" data-element_type=\"widget\" data-settings=\"{&quot;_animation&quot;:&quot;fadeInUp&quot;}\" data-widget_type=\"icon-list.default\">\n\t\t\t\t<div class=\"elementor-widget-container\">\n\t\t\t<link rel=\"stylesheet\" href=\"https:\/\/glocaliser.com\/wp-content\/plugins\/elementor\/assets\/css\/widget-icon-list.min.css\">\t\t<ul class=\"elementor-icon-list-items elementor-inline-items\">\n\t\t\t\t\t\t\t<li class=\"elementor-icon-list-item elementor-inline-item\">\n\t\t\t\t\t\t\t\t\t\t\t<a href=\"https:\/\/glocaliser.com\/fr\/\">\n\n\t\t\t\t\t\t\t\t\t\t\t<span class=\"elementor-icon-list-text\">Accueil<\/span>\n\t\t\t\t\t\t\t\t\t\t\t<\/a>\n\t\t\t\t\t\t\t\t\t<\/li>\n\t\t\t\t\t\t\t\t<li class=\"elementor-icon-list-item elementor-inline-item\">\n\t\t\t\t\t\t\t\t\t\t\t<span class=\"elementor-icon-list-icon\">\n\t\t\t\t\t\t\t<i aria-hidden=\"true\" class=\"fas fa-angle-double-right\"><\/i>\t\t\t\t\t\t<\/span>\n\t\t\t\t\t\t\t\t\t\t<span class=\"elementor-icon-list-text\">L'\u00e9quipe<\/span>\n\t\t\t\t\t\t\t\t\t<\/li>\n\t\t\t\t\t\t<\/ul>\n\t\t\t\t<\/div>\n\t\t\t\t<\/div>\n\t\t\t\t\t<\/div>\n\t\t<\/div>\n\t\t\t\t\t\t\t<\/div>\n\t\t<\/section>\n\t\t\t\t<section class=\"elementor-section elementor-top-section elementor-element elementor-element-46dab198 elementor-section-boxed elementor-section-height-default elementor-section-height-default tf-sticky-section tf-sticky-no\" data-id=\"46dab198\" data-element_type=\"section\" data-settings=\"{&quot;tf_sticky&quot;:&quot;no&quot;}\">\n\t\t\t\t\t\t<div class=\"elementor-container elementor-column-gap-default\">\n\t\t\t\t\t<div class=\"elementor-column elementor-col-50 elementor-top-column elementor-element elementor-element-334d54f7\" data-id=\"334d54f7\" data-element_type=\"column\">\n\t\t\t<div class=\"elementor-widget-wrap elementor-element-populated\">\n\t\t\t\t\t\t\t\t<div class=\"elementor-element elementor-element-1951fff9 elementor-widget elementor-widget-image\" data-id=\"1951fff9\" data-element_type=\"widget\" data-widget_type=\"image.default\">\n\t\t\t\t<div class=\"elementor-widget-container\">\n\t\t\t<style>\/*! elementor - v3.18.0 - 20-12-2023 *\/\n.elementor-widget-image{text-align:center}.elementor-widget-image a{display:inline-block}.elementor-widget-image a img[src$=\".svg\"]{width:48px}.elementor-widget-image img{vertical-align:middle;display:inline-block}<\/style>\t\t\t\t\t\t\t\t\t\t\t\t<img fetchpriority=\"high\" decoding=\"async\" width=\"489\" height=\"589\" src=\"https:\/\/glocaliser.com\/wp-content\/uploads\/2023\/12\/WhatsApp-Image-2023-12-06-at-11.48.07-3.jpeg\" class=\"attachment-full size-full wp-image-7510\" alt=\"\" srcset=\"https:\/\/glocaliser.com\/wp-content\/uploads\/2023\/12\/WhatsApp-Image-2023-12-06-at-11.48.07-3.jpeg 489w, https:\/\/glocaliser.com\/wp-content\/uploads\/2023\/12\/WhatsApp-Image-2023-12-06-at-11.48.07-3-249x300.jpeg 249w\" sizes=\"(max-width: 489px) 100vw, 489px\" \/>\t\t\t\t\t\t\t\t\t\t\t\t\t\t\t<\/div>\n\t\t\t\t<\/div>\n\t\t\t\t\t<\/div>\n\t\t<\/div>\n\t\t\t\t<div class=\"elementor-column elementor-col-50 elementor-top-column elementor-element elementor-element-26e77597\" data-id=\"26e77597\" data-element_type=\"column\">\n\t\t\t<div class=\"elementor-widget-wrap elementor-element-populated\">\n\t\t\t\t\t\t\t\t<div class=\"elementor-element elementor-element-5fd7bdbf elementor-widget elementor-widget-heading\" data-id=\"5fd7bdbf\" data-element_type=\"widget\" data-widget_type=\"heading.default\">\n\t\t\t\t<div class=\"elementor-widget-container\">\n\t\t\t<h3 class=\"elementor-heading-title elementor-size-default\">Aylin Goknur<\/h3>\t\t<\/div>\n\t\t\t\t<\/div>\n\t\t\t\t<div class=\"elementor-element elementor-element-1f9b5d1f elementor-widget elementor-widget-text-editor\" data-id=\"1f9b5d1f\" data-element_type=\"widget\" data-widget_type=\"text-editor.default\">\n\t\t\t\t<div class=\"elementor-widget-container\">\n\t\t\t<style>\/*! elementor - v3.18.0 - 20-12-2023 *\/\n.elementor-widget-text-editor.elementor-drop-cap-view-stacked .elementor-drop-cap{background-color:#69727d;color:#fff}.elementor-widget-text-editor.elementor-drop-cap-view-framed .elementor-drop-cap{color:#69727d;border:3px solid;background-color:transparent}.elementor-widget-text-editor:not(.elementor-drop-cap-view-default) .elementor-drop-cap{margin-top:8px}.elementor-widget-text-editor:not(.elementor-drop-cap-view-default) .elementor-drop-cap-letter{width:1em;height:1em}.elementor-widget-text-editor .elementor-drop-cap{float:left;text-align:center;line-height:1;font-size:50px}.elementor-widget-text-editor .elementor-drop-cap-letter{display:inline-block}<\/style>\t\t\t\t<p class=\"s3\"><span class=\"s2\">Aylin G\u00f6knur <\/span><span class=\"s2\">dipl\u00f4m\u00e9e<\/span> <span class=\"s2\">de<\/span> <span class=\"s2\">Bornova <\/span><span class=\"s2\">Anatolienne<\/span><span class=\"s2\"> de Bornova en 1992 <\/span><span class=\"s2\">et du<\/span> <span class=\"s2\">de l&rsquo;\u00e9cole technique<\/span><span class=\"s2\">East Technical <\/span><span class=\"s2\">du Moyen-Orient<\/span><span class=\"s2\">, <\/span><span class=\"s2\">D\u00e9partement<\/span><span class=\"s2\"> d&rsquo;architecture<\/span><span class=\"s2\"> en 1996<\/span><span class=\"s2\">.<\/span><\/p>\n<p class=\"s3\"><span class=\"s2\">Elle  <\/span><span class=\"s2\">exp\u00e9riences<\/span> <span class=\"s2\">plus<\/span><span class=\"s2\">  25  <\/span><span class=\"s2\">ann\u00e9es<\/span> <span class=\"s2\">inclure<\/span> <span class=\"s2\">diff\u00e9rents<\/span> <span class=\"s2\">aspects<\/span><span class=\"s2\">  de  <\/span><span class=\"s2\">architectural<\/span> <span class=\"s2\">pratique<\/span><span class=\"s2\">  &#8211;  <\/span><span class=\"s2\">commerce de d\u00e9tail<\/span> <span class=\"s2\">planification<\/span><span class=\"s2\">  &amp;  <\/span><span class=\"s2\">conception<\/span><span class=\"s2\">,  <\/span><span class=\"s2\">r\u00e9am\u00e9nagement &amp;  <\/span><span class=\"s2\">r\u00e9novation<\/span><span class=\"s2\">,<\/span> <span class=\"s2\">centre commercial<\/span> <span class=\"s2\">conception<\/span><span class=\"s2\">,<\/span> <span class=\"s2\">urbain  <\/span><span class=\"s2\">conception<\/span><span class=\"s2\">,<\/span> <span class=\"s2\">int\u00e9rieur<\/span> <span class=\"s2\">conception<\/span><span class=\"s2\">et<\/span> <span class=\"s2\">construction<\/span> <span class=\"s2\">&amp;<\/span> <span class=\"s2\">projet<\/span> <span class=\"s2\">gestion<\/span><span class=\"s2\">.<\/span> <span class=\"s2\">Elle<\/span><span class=\"s2\">  a  <\/span><span class=\"s2\">conception<\/span> <span class=\"s2\">concurrence<\/span> <span class=\"s2\">r\u00e9compenses<\/span><span class=\"s2\">  comme  <\/span><span class=\"s2\">partie<\/span><span class=\"s2\">  de  <\/span><span class=\"s2\">architectural<\/span> <span class=\"s2\">\u00e9quipes<\/span><span class=\"s2\">.<\/span><\/p>\n<p class=\"s3\"><span class=\"s2\">Elle<\/span> <span class=\"s2\">transport\u00e9<\/span> <span class=\"s2\">sortir<\/span><span class=\"s2\">  a  <\/span><span class=\"s2\">plomb<\/span> <span class=\"s2\">conception<\/span> <span class=\"s2\">gestion<\/span> <span class=\"s2\">r\u00f4le dans TESCO  <\/span><span class=\"s2\">International  <\/span><span class=\"s2\">Groupe<\/span><span class=\"s2\">Propri\u00e9t\u00e9<\/span><span class=\"s2\">  \u00c9quipe (Royaume-Uni, Europe centrale,  <\/span><span class=\"s2\">Asie<\/span> <span class=\"s2\">et<\/span> <span class=\"s2\">Hindustan<\/span><span class=\"s2\">  Service  <\/span><span class=\"s2\">Entreprise<\/span><span class=\"s2\">)<\/span> <span class=\"s2\">pour<\/span><span class=\"s2\">  10  <\/span><span class=\"s2\">ann\u00e9es<\/span><span class=\"s2\">,  <\/span><span class=\"s2\">et<\/span> <span class=\"s2\">autres<\/span> <span class=\"s2\">local<\/span> <span class=\"s2\">et<\/span> <span class=\"s2\">\u00e9tranger<\/span><span class=\"s2\">  supermarch\u00e9  <\/span><span class=\"s2\">cha\u00eenes<\/span> <span class=\"s2\">suivants<\/span> <span class=\"s2\">plus tard<\/span><span class=\"s2\">. Vente au d\u00e9tail <\/span><span class=\"s2\">conception<\/span><span class=\"s2\">exp\u00e9rience<\/span> <span class=\"s2\">implique<\/span> <span class=\"s2\">en cours de d\u00e9veloppement<\/span> <span class=\"s2\">magasin<\/span> <span class=\"s2\">formats<\/span><span class=\"s2\">,  <\/span><span class=\"s2\">conception<\/span> <span class=\"s2\">et<\/span> <span class=\"s2\">projet<\/span> <span class=\"s2\">gestion<\/span><span class=\"s2\">  de  <\/span><span class=\"s2\">nouveau<\/span><span class=\"s2\">magasins<\/span><span class=\"s2\">,  <\/span><span class=\"s2\">centres commerciaux<\/span><span class=\"s2\">  &amp; fit-<\/span><span class=\"s2\">outs<\/span><span class=\"s2\">,  <\/span><span class=\"s2\">signalisation<\/span> <span class=\"s2\">paquets<\/span><span class=\"s2\">,  <\/span><span class=\"s2\">\u00e9quipement<\/span> <span class=\"s2\">conception<\/span> <span class=\"s2\">et<\/span> <span class=\"s2\">marque<\/span> <span class=\"s2\">communication<\/span><span class=\"s2\">.<\/span><span class=\"s2\">Elle<\/span> <span class=\"s2\">w<\/span><span class=\"s2\">ouk\u00e9<\/span><span class=\"s2\">  en  <\/span><span class=\"s2\">les<\/span> <span class=\"s2\">le plus important<\/span> <span class=\"s2\">concert<\/span> <span class=\"s2\">et<\/span><span class=\"s2\">  l&rsquo;art  <\/span><span class=\"s2\">salle<\/span><span class=\"s2\">  de \u0130zmir, Ahmed Adnan Saygun<\/span> <span class=\"s2\">Centre d&rsquo;art<\/span><span class=\"s2\">  (AASSM)  <\/span><span class=\"s2\">application<\/span> <span class=\"s2\">projet<\/span> <span class=\"s2\">phase<\/span> <span class=\"s2\">avec<\/span><span class=\"s2\">  ARUP  <\/span><span class=\"s2\">Ing\u00e9nieurs<\/span><span class=\"s2\">.<\/span><\/p>\n<p class=\"s3\"><span class=\"s2\">Actuellement<\/span> <span class=\"s2\">elle<\/span><span class=\"s2\">  est un  <\/span><span class=\"s2\">projet<\/span> <span class=\"s2\">coordinateur<\/span> <span class=\"s2\">pour<\/span><span class=\"s2\">  \u00ab\u00a0<\/span><span class=\"s2\">\u0130zmirdeniz<\/span><span class=\"s2\">\u00a0\u00bb  <\/span><span class=\"s2\">urbain  <\/span><span class=\"s2\">conception<\/span> <span class=\"s2\">projet<\/span><span class=\"s2\">,  <\/span><span class=\"s2\">que<\/span><span class=\"s2\">implique<\/span> <span class=\"s2\">c\u00f4tes<\/span><span class=\"s2\">  de \u0130zmir<\/span><span class=\"s2\">.  <\/span><span class=\"s2\">Elle<\/span><span class=\"s2\">  est  <\/span><span class=\"s2\">\u00e9galement<\/span> <span class=\"s2\">transportant<\/span> <span class=\"s2\">sortir<\/span><span class=\"s2\">  a<\/span> <span class=\"s2\">petit<\/span> <span class=\"s2\">\u00e9chelle<\/span> <span class=\"s2\">architectural<\/span> <span class=\"s2\">consultant<\/span><span class=\"s2\">entreprise<\/span><span class=\"s2\">.<\/span><\/p>\n<p class=\"s3\"><span class=\"s2\">Aylin est un  <\/span><span class=\"s2\">pilot\u00e9<\/span> <span class=\"s2\">architectural<\/span> <span class=\"s2\">professionnel<\/span> <span class=\"s2\">avec<\/span> <span class=\"s2\">cl\u00e9<\/span> <span class=\"s2\">comp\u00e9tences<\/span><span class=\"s2\">  de  <\/span><span class=\"s2\">collaboration<\/span><span class=\"s2\">,  <\/span><span class=\"s2\">\u00e9quipe<\/span><span class=\"s2\">gestion<\/span><span class=\"s2\">,  <\/span><span class=\"s2\">livrer<\/span> <span class=\"s2\">solutions<\/span> <span class=\"s2\">et<\/span> <span class=\"s2\">exp\u00e9rience<\/span><span class=\"s2\">  en  <\/span><span class=\"s2\">travail<\/span> <span class=\"s2\">\u00e0 travers<\/span> <span class=\"s2\">cultures<\/span><\/p>\n\t\t\t\t\t\t<\/div>\n\t\t\t\t<\/div>\n\t\t\t\t<div class=\"elementor-element elementor-element-38f8494f elementor-hidden-desktop elementor-hidden-tablet elementor-hidden-mobile elementor-widget elementor-widget-button\" data-id=\"38f8494f\" data-element_type=\"widget\" data-widget_type=\"button.default\">\n\t\t\t\t<div class=\"elementor-widget-container\">\n\t\t\t\t\t<div class=\"elementor-button-wrapper\">\n\t\t\t<a class=\"elementor-button elementor-button-link elementor-size-sm\" href=\"https:\/\/glocaliser.com\/pazar-analizi\/\">\n\t\t\t\t\t\t<span class=\"elementor-button-content-wrapper\">\n\t\t\t\t\t\t<span class=\"elementor-button-icon elementor-align-icon-right\">\n\t\t\t\t<i aria-hidden=\"true\" class=\"fas fa-angle-double-right\"><\/i>\t\t\t<\/span>\n\t\t\t\t\t\t<span class=\"elementor-button-text\">\u0130ncele<\/span>\n\t\t<\/span>\n\t\t\t\t\t<\/a>\n\t\t<\/div>\n\t\t\t\t<\/div>\n\t\t\t\t<\/div>\n\t\t\t\t\t<\/div>\n\t\t<\/div>\n\t\t\t\t\t\t\t<\/div>\n\t\t<\/section>\n\t\t\t\t\t\t\t<\/div>\n\t\t","protected":false},"excerpt":{"rendered":"<p>L&rsquo;\u00e9quipe Accueil L&rsquo;\u00e9quipe Aylin Goknur Aylin G\u00f6knur dipl\u00f4m\u00e9e de Bornova Anatolienne de Bornova en 1992 et du de l&rsquo;\u00e9cole techniqueEast Technical du Moyen-Orient, D\u00e9partement d&rsquo;architecture en 1996. Elle exp\u00e9riences plus 25 ann\u00e9es inclure diff\u00e9rents aspects de architectural pratique &#8211; commerce de d\u00e9tail planification &amp; conception, r\u00e9am\u00e9nagement &amp; r\u00e9novation, centre commercial conception, urbain conception, int\u00e9rieur conceptionet [&hellip;]<\/p>\n","protected":false},"author":1,"featured_media":0,"parent":0,"menu_order":0,"comment_status":"closed","ping_status":"closed","template":"","meta":{"footnotes":""},"class_list":["post-8959","page","type-page","status-publish","hentry"],"acf":[],"_links":{"self":[{"href":"https:\/\/glocaliser.com\/fr\/wp-json\/wp\/v2\/pages\/8959","targetHints":{"allow":["GET"]}}],"collection":[{"href":"https:\/\/glocaliser.com\/fr\/wp-json\/wp\/v2\/pages"}],"about":[{"href":"https:\/\/glocaliser.com\/fr\/wp-json\/wp\/v2\/types\/page"}],"author":[{"embeddable":true,"href":"https:\/\/glocaliser.com\/fr\/wp-json\/wp\/v2\/users\/1"}],"replies":[{"embeddable":true,"href":"https:\/\/glocaliser.com\/fr\/wp-json\/wp\/v2\/comments?post=8959"}],"version-history":[{"count":1,"href":"https:\/\/glocaliser.com\/fr\/wp-json\/wp\/v2\/pages\/8959\/revisions"}],"predecessor-version":[{"id":8962,"href":"https:\/\/glocaliser.com\/fr\/wp-json\/wp\/v2\/pages\/8959\/revisions\/8962"}],"wp:attachment":[{"href":"https:\/\/glocaliser.com\/fr\/wp-json\/wp\/v2\/media?parent=8959"}],"curies":[{"name":"wp","href":"https:\/\/api.w.org\/{rel}","templated":true}]}}