{"id":8920,"date":"2023-03-02T13:06:32","date_gmt":"2023-03-02T13:06:32","guid":{"rendered":"https:\/\/glocaliser.com\/hakan-ozel\/"},"modified":"2024-02-01T09:29:36","modified_gmt":"2024-02-01T09:29:36","slug":"hakan-ozel","status":"publish","type":"page","link":"https:\/\/glocaliser.com\/fr\/hakan-ozel\/","title":{"rendered":"Hakan Ozel"},"content":{"rendered":"\t\t<div data-elementor-type=\"wp-page\" data-elementor-id=\"8920\" class=\"elementor elementor-8920 elementor-3149\" data-elementor-post-type=\"page\">\n\t\t\t\t\t\t\t\t\t<section class=\"elementor-section elementor-top-section elementor-element elementor-element-fc8845f elementor-section-boxed elementor-section-height-default elementor-section-height-default tf-sticky-section tf-sticky-no\" data-id=\"fc8845f\" data-element_type=\"section\" data-settings=\"{&quot;background_background&quot;:&quot;classic&quot;,&quot;tf_sticky&quot;:&quot;no&quot;}\">\n\t\t\t\t\t\t\t<div class=\"elementor-background-overlay\"><\/div>\n\t\t\t\t\t\t\t<div class=\"elementor-container elementor-column-gap-default\">\n\t\t\t\t\t<div class=\"elementor-column elementor-col-100 elementor-top-column elementor-element elementor-element-07ad0b9\" data-id=\"07ad0b9\" data-element_type=\"column\">\n\t\t\t<div class=\"elementor-widget-wrap elementor-element-populated\">\n\t\t\t\t\t\t\t\t<div class=\"elementor-element elementor-element-9f3bd2c elementor-invisible elementor-widget elementor-widget-heading\" data-id=\"9f3bd2c\" data-element_type=\"widget\" data-settings=\"{&quot;_animation&quot;:&quot;fadeInUp&quot;}\" data-widget_type=\"heading.default\">\n\t\t\t\t<div class=\"elementor-widget-container\">\n\t\t\t<style>\/*! elementor - v3.18.0 - 20-12-2023 *\/\n.elementor-heading-title{padding:0;margin:0;line-height:1}.elementor-widget-heading .elementor-heading-title[class*=elementor-size-]>a{color:inherit;font-size:inherit;line-height:inherit}.elementor-widget-heading .elementor-heading-title.elementor-size-small{font-size:15px}.elementor-widget-heading .elementor-heading-title.elementor-size-medium{font-size:19px}.elementor-widget-heading .elementor-heading-title.elementor-size-large{font-size:29px}.elementor-widget-heading .elementor-heading-title.elementor-size-xl{font-size:39px}.elementor-widget-heading .elementor-heading-title.elementor-size-xxl{font-size:59px}<\/style><h2 class=\"elementor-heading-title elementor-size-default\">L'\u00e9quipe<\/h2>\t\t<\/div>\n\t\t\t\t<\/div>\n\t\t\t\t<div class=\"elementor-element elementor-element-6a31d1e elementor-icon-list--layout-inline elementor-align-center elementor-list-item-link-full_width elementor-invisible elementor-widget elementor-widget-icon-list\" data-id=\"6a31d1e\" data-element_type=\"widget\" data-settings=\"{&quot;_animation&quot;:&quot;fadeInUp&quot;}\" data-widget_type=\"icon-list.default\">\n\t\t\t\t<div class=\"elementor-widget-container\">\n\t\t\t<link rel=\"stylesheet\" href=\"https:\/\/glocaliser.com\/wp-content\/plugins\/elementor\/assets\/css\/widget-icon-list.min.css\">\t\t<ul class=\"elementor-icon-list-items elementor-inline-items\">\n\t\t\t\t\t\t\t<li class=\"elementor-icon-list-item elementor-inline-item\">\n\t\t\t\t\t\t\t\t\t\t\t<a href=\"https:\/\/glocaliser.com\/fr\/\">\n\n\t\t\t\t\t\t\t\t\t\t\t<span class=\"elementor-icon-list-text\">Accueil<\/span>\n\t\t\t\t\t\t\t\t\t\t\t<\/a>\n\t\t\t\t\t\t\t\t\t<\/li>\n\t\t\t\t\t\t\t\t<li class=\"elementor-icon-list-item elementor-inline-item\">\n\t\t\t\t\t\t\t\t\t\t\t<span class=\"elementor-icon-list-icon\">\n\t\t\t\t\t\t\t<i aria-hidden=\"true\" class=\"fas fa-angle-double-right\"><\/i>\t\t\t\t\t\t<\/span>\n\t\t\t\t\t\t\t\t\t\t<span class=\"elementor-icon-list-text\">L'\u00e9quipe<\/span>\n\t\t\t\t\t\t\t\t\t<\/li>\n\t\t\t\t\t\t<\/ul>\n\t\t\t\t<\/div>\n\t\t\t\t<\/div>\n\t\t\t\t\t<\/div>\n\t\t<\/div>\n\t\t\t\t\t\t\t<\/div>\n\t\t<\/section>\n\t\t\t\t<section class=\"elementor-section elementor-top-section elementor-element elementor-element-46dab198 elementor-section-boxed elementor-section-height-default elementor-section-height-default tf-sticky-section tf-sticky-no\" data-id=\"46dab198\" data-element_type=\"section\" data-settings=\"{&quot;tf_sticky&quot;:&quot;no&quot;}\">\n\t\t\t\t\t\t<div class=\"elementor-container elementor-column-gap-default\">\n\t\t\t\t\t<div class=\"elementor-column elementor-col-50 elementor-top-column elementor-element elementor-element-334d54f7\" data-id=\"334d54f7\" data-element_type=\"column\">\n\t\t\t<div class=\"elementor-widget-wrap elementor-element-populated\">\n\t\t\t\t\t\t\t\t<div class=\"elementor-element elementor-element-1951fff9 elementor-widget elementor-widget-image\" data-id=\"1951fff9\" data-element_type=\"widget\" data-widget_type=\"image.default\">\n\t\t\t\t<div class=\"elementor-widget-container\">\n\t\t\t<style>\/*! elementor - v3.18.0 - 20-12-2023 *\/\n.elementor-widget-image{text-align:center}.elementor-widget-image a{display:inline-block}.elementor-widget-image a img[src$=\".svg\"]{width:48px}.elementor-widget-image img{vertical-align:middle;display:inline-block}<\/style>\t\t\t\t\t\t\t\t\t\t\t\t<img fetchpriority=\"high\" decoding=\"async\" width=\"249\" height=\"333\" src=\"https:\/\/glocaliser.com\/wp-content\/uploads\/2023\/11\/Hakan-Ozel-12-1.jpg\" class=\"attachment-full size-full wp-image-6829\" alt=\"\" srcset=\"https:\/\/glocaliser.com\/wp-content\/uploads\/2023\/11\/Hakan-Ozel-12-1.jpg 249w, https:\/\/glocaliser.com\/wp-content\/uploads\/2023\/11\/Hakan-Ozel-12-1-224x300.jpg 224w\" sizes=\"(max-width: 249px) 100vw, 249px\" \/>\t\t\t\t\t\t\t\t\t\t\t\t\t\t\t<\/div>\n\t\t\t\t<\/div>\n\t\t\t\t\t<\/div>\n\t\t<\/div>\n\t\t\t\t<div class=\"elementor-column elementor-col-50 elementor-top-column elementor-element elementor-element-26e77597\" data-id=\"26e77597\" data-element_type=\"column\">\n\t\t\t<div class=\"elementor-widget-wrap elementor-element-populated\">\n\t\t\t\t\t\t\t\t<div class=\"elementor-element elementor-element-5fd7bdbf elementor-widget elementor-widget-heading\" data-id=\"5fd7bdbf\" data-element_type=\"widget\" data-widget_type=\"heading.default\">\n\t\t\t\t<div class=\"elementor-widget-container\">\n\t\t\t<h3 class=\"elementor-heading-title elementor-size-default\">Hakan Ozel<\/h3>\t\t<\/div>\n\t\t\t\t<\/div>\n\t\t\t\t<div class=\"elementor-element elementor-element-1f9b5d1f elementor-widget elementor-widget-text-editor\" data-id=\"1f9b5d1f\" data-element_type=\"widget\" data-widget_type=\"text-editor.default\">\n\t\t\t\t<div class=\"elementor-widget-container\">\n\t\t\t<style>\/*! elementor - v3.18.0 - 20-12-2023 *\/\n.elementor-widget-text-editor.elementor-drop-cap-view-stacked .elementor-drop-cap{background-color:#69727d;color:#fff}.elementor-widget-text-editor.elementor-drop-cap-view-framed .elementor-drop-cap{color:#69727d;border:3px solid;background-color:transparent}.elementor-widget-text-editor:not(.elementor-drop-cap-view-default) .elementor-drop-cap{margin-top:8px}.elementor-widget-text-editor:not(.elementor-drop-cap-view-default) .elementor-drop-cap-letter{width:1em;height:1em}.elementor-widget-text-editor .elementor-drop-cap{float:left;text-align:center;line-height:1;font-size:50px}.elementor-widget-text-editor .elementor-drop-cap-letter{display:inline-block}<\/style>\t\t\t\t<p>Hakan est le dirigeant prosp\u00e8re de <span style=\"color: var( --e-global-color-text ); font-family: var( --e-global-typography-text-font-family ), Sans-serif; font-size: var( --e-global-typography-text-font-size ); font-weight: var( --e-global-typography-text-font-weight ); letter-spacing: var( --e-global-typography-text-letter-spacing );\">ARMADA INTERNATIONAL (NIGERIA) LIMITED, fond\u00e9e en 1998, est sp\u00e9cialis\u00e9e dans le commerce de produits alimentaires et les services d&rsquo;agence maritime. Elle travaille activement \u00e0 l&rsquo;am\u00e9lioration des \u00e9changes entre la Turquie et le Nigeria. Les initiatives strat\u00e9giques de Hakan comprennent l&rsquo;introduction des produits de Tamek Holding sur le march\u00e9 nig\u00e9rian et la s\u00e9curisation des droits de la marque Tamek. De 1998 \u00e0 2004, l&rsquo;entreprise a fait du commerce de produits finis, ce qui a conduit \u00e0 la cr\u00e9ation de la premi\u00e8re usine de reconditionnement de p\u00e2te de tomate du Nigeria, en r\u00e9ponse \u00e0 la forte demande et aux incitations gouvernementales en faveur de l&rsquo;utilisation de produits locaux.<\/span><\/p><p>Outre ces r\u00e9alisations, Hakan g\u00e8re avec succ\u00e8s la distribution de la verrerie de marque Art Craft par le groupe G\u00fcral Cam depuis 1998. S&rsquo;appuyant sur ses dix ann\u00e9es d&rsquo;exp\u00e9rience et sur les demandes des clients, il a cr\u00e9\u00e9 une soci\u00e9t\u00e9 InConstruction, avec un projet en cours pour un immeuble de bureaux de 12 500 m2. L&rsquo;entreprise excelle \u00e9galement dans les activit\u00e9s de forage et conserve un avantage concurrentiel gr\u00e2ce \u00e0 une machine de forage ultramoderne capable d&rsquo;atteindre des profondeurs de 1 000 m dans le Nigeria actuel.<\/p><p>Les diverses entreprises de Hakan s&rsquo;\u00e9tendent \u00e0 une usine de transformation du bois lanc\u00e9e il y a trois mois \u00e0 AKURE, qui produit de l&rsquo;IROKO et du SAPELE, principalement utilis\u00e9s dans la construction de bateaux et de planchers, et dont les exportations vers la Turquie ont commenc\u00e9. D&rsquo;autres expansions comprennent une installation de production de briques \u00e0 LEKKI, au Nigeria, essentielle pour divers projets de construction. Les usines de nettoyage de s\u00e9same, op\u00e9rationnelles depuis 2000 dans les r\u00e9gions de KANO et de NASSARAWA, facilitent les ventes internationales de produits agricoles tels que le GUM ARABIC, la fleur d&rsquo;HIBISCUS et le GINGEMBRE par l&rsquo;interm\u00e9diaire de courtiers.<\/p><p>Au-del\u00e0 de ces activit\u00e9s, Hakan supervise d&rsquo;autres productions dans des entreprises turques, notamment la production de SESAME pour les p\u00e2tisseries, TAHINI et TAHINI HALVA. En outre, le marbre exclusif EGE KAHVE, extrait uniquement de la carri\u00e8re d&rsquo;Akhisar Zeytinliova, vient s&rsquo;ajouter au portefeuille diversifi\u00e9 de l&rsquo;entreprise.<\/p><p>Hakan est mari\u00e9 et fier d&rsquo;\u00eatre le p\u00e8re de deux magnifiques filles. \u00c0 l&rsquo;\u00e2ge de 51 ans, il continue d&rsquo;apporter des contributions significatives au monde des affaires.<\/p>\t\t\t\t\t\t<\/div>\n\t\t\t\t<\/div>\n\t\t\t\t<div class=\"elementor-element elementor-element-38f8494f elementor-hidden-desktop elementor-hidden-tablet elementor-hidden-mobile elementor-widget elementor-widget-button\" data-id=\"38f8494f\" data-element_type=\"widget\" data-widget_type=\"button.default\">\n\t\t\t\t<div class=\"elementor-widget-container\">\n\t\t\t\t\t<div class=\"elementor-button-wrapper\">\n\t\t\t<a class=\"elementor-button elementor-button-link elementor-size-sm\" href=\"https:\/\/glocaliser.com\/pazar-analizi\/\">\n\t\t\t\t\t\t<span class=\"elementor-button-content-wrapper\">\n\t\t\t\t\t\t<span class=\"elementor-button-icon elementor-align-icon-right\">\n\t\t\t\t<i aria-hidden=\"true\" class=\"fas fa-angle-double-right\"><\/i>\t\t\t<\/span>\n\t\t\t\t\t\t<span class=\"elementor-button-text\">\u0130ncele<\/span>\n\t\t<\/span>\n\t\t\t\t\t<\/a>\n\t\t<\/div>\n\t\t\t\t<\/div>\n\t\t\t\t<\/div>\n\t\t\t\t\t<\/div>\n\t\t<\/div>\n\t\t\t\t\t\t\t<\/div>\n\t\t<\/section>\n\t\t\t\t\t\t\t<\/div>\n\t\t","protected":false},"excerpt":{"rendered":"<p>L&rsquo;\u00e9quipe Accueil L&rsquo;\u00e9quipe Hakan Ozel Hakan est le dirigeant prosp\u00e8re de ARMADA INTERNATIONAL (NIGERIA) LIMITED, fond\u00e9e en 1998, est sp\u00e9cialis\u00e9e dans le commerce de produits alimentaires et les services d&rsquo;agence maritime. Elle travaille activement \u00e0 l&rsquo;am\u00e9lioration des \u00e9changes entre la Turquie et le Nigeria. Les initiatives strat\u00e9giques de Hakan comprennent l&rsquo;introduction des produits de Tamek [&hellip;]<\/p>\n","protected":false},"author":1,"featured_media":0,"parent":0,"menu_order":0,"comment_status":"closed","ping_status":"closed","template":"","meta":{"footnotes":""},"class_list":["post-8920","page","type-page","status-publish","hentry"],"acf":[],"_links":{"self":[{"href":"https:\/\/glocaliser.com\/fr\/wp-json\/wp\/v2\/pages\/8920","targetHints":{"allow":["GET"]}}],"collection":[{"href":"https:\/\/glocaliser.com\/fr\/wp-json\/wp\/v2\/pages"}],"about":[{"href":"https:\/\/glocaliser.com\/fr\/wp-json\/wp\/v2\/types\/page"}],"author":[{"embeddable":true,"href":"https:\/\/glocaliser.com\/fr\/wp-json\/wp\/v2\/users\/1"}],"replies":[{"embeddable":true,"href":"https:\/\/glocaliser.com\/fr\/wp-json\/wp\/v2\/comments?post=8920"}],"version-history":[{"count":4,"href":"https:\/\/glocaliser.com\/fr\/wp-json\/wp\/v2\/pages\/8920\/revisions"}],"predecessor-version":[{"id":9465,"href":"https:\/\/glocaliser.com\/fr\/wp-json\/wp\/v2\/pages\/8920\/revisions\/9465"}],"wp:attachment":[{"href":"https:\/\/glocaliser.com\/fr\/wp-json\/wp\/v2\/media?parent=8920"}],"curies":[{"name":"wp","href":"https:\/\/api.w.org\/{rel}","templated":true}]}}