{"id":8847,"date":"2023-10-26T14:07:40","date_gmt":"2023-10-26T14:07:40","guid":{"rendered":"https:\/\/glocaliser.com\/cheng-fuller\/"},"modified":"2024-01-09T10:08:04","modified_gmt":"2024-01-09T10:08:04","slug":"cheng-fuller","status":"publish","type":"page","link":"https:\/\/glocaliser.com\/fr\/cheng-fuller\/","title":{"rendered":"Cheng Fuller"},"content":{"rendered":"\t\t<div data-elementor-type=\"wp-page\" data-elementor-id=\"8847\" class=\"elementor elementor-8847 elementor-4915\" data-elementor-post-type=\"page\">\n\t\t\t\t\t\t\t\t\t<section class=\"elementor-section elementor-top-section elementor-element elementor-element-198f5972 elementor-section-boxed elementor-section-height-default elementor-section-height-default tf-sticky-section tf-sticky-no\" data-id=\"198f5972\" data-element_type=\"section\" data-settings=\"{&quot;background_background&quot;:&quot;classic&quot;,&quot;tf_sticky&quot;:&quot;no&quot;}\">\n\t\t\t\t\t\t\t<div class=\"elementor-background-overlay\"><\/div>\n\t\t\t\t\t\t\t<div class=\"elementor-container elementor-column-gap-default\">\n\t\t\t\t\t<div class=\"elementor-column elementor-col-100 elementor-top-column elementor-element elementor-element-3d19d1d7\" data-id=\"3d19d1d7\" data-element_type=\"column\">\n\t\t\t<div class=\"elementor-widget-wrap elementor-element-populated\">\n\t\t\t\t\t\t\t\t<div class=\"elementor-element elementor-element-1f59cf7f elementor-invisible elementor-widget elementor-widget-heading\" data-id=\"1f59cf7f\" data-element_type=\"widget\" data-settings=\"{&quot;_animation&quot;:&quot;fadeInUp&quot;}\" data-widget_type=\"heading.default\">\n\t\t\t\t<div class=\"elementor-widget-container\">\n\t\t\t<style>\/*! elementor - v3.18.0 - 20-12-2023 *\/\n.elementor-heading-title{padding:0;margin:0;line-height:1}.elementor-widget-heading .elementor-heading-title[class*=elementor-size-]>a{color:inherit;font-size:inherit;line-height:inherit}.elementor-widget-heading .elementor-heading-title.elementor-size-small{font-size:15px}.elementor-widget-heading .elementor-heading-title.elementor-size-medium{font-size:19px}.elementor-widget-heading .elementor-heading-title.elementor-size-large{font-size:29px}.elementor-widget-heading .elementor-heading-title.elementor-size-xl{font-size:39px}.elementor-widget-heading .elementor-heading-title.elementor-size-xxl{font-size:59px}<\/style><h2 class=\"elementor-heading-title elementor-size-default\">L'\u00e9quipe<\/h2>\t\t<\/div>\n\t\t\t\t<\/div>\n\t\t\t\t<div class=\"elementor-element elementor-element-5cb36a69 elementor-icon-list--layout-inline elementor-align-center elementor-list-item-link-full_width elementor-invisible elementor-widget elementor-widget-icon-list\" data-id=\"5cb36a69\" data-element_type=\"widget\" data-settings=\"{&quot;_animation&quot;:&quot;fadeInUp&quot;}\" data-widget_type=\"icon-list.default\">\n\t\t\t\t<div class=\"elementor-widget-container\">\n\t\t\t<link rel=\"stylesheet\" href=\"https:\/\/glocaliser.com\/wp-content\/plugins\/elementor\/assets\/css\/widget-icon-list.min.css\">\t\t<ul class=\"elementor-icon-list-items elementor-inline-items\">\n\t\t\t\t\t\t\t<li class=\"elementor-icon-list-item elementor-inline-item\">\n\t\t\t\t\t\t\t\t\t\t\t<a href=\"https:\/\/glocaliser.com\/fr\/\">\n\n\t\t\t\t\t\t\t\t\t\t\t<span class=\"elementor-icon-list-text\">Accueil<\/span>\n\t\t\t\t\t\t\t\t\t\t\t<\/a>\n\t\t\t\t\t\t\t\t\t<\/li>\n\t\t\t\t\t\t\t\t<li class=\"elementor-icon-list-item elementor-inline-item\">\n\t\t\t\t\t\t\t\t\t\t\t<span class=\"elementor-icon-list-icon\">\n\t\t\t\t\t\t\t<i aria-hidden=\"true\" class=\"fas fa-angle-double-right\"><\/i>\t\t\t\t\t\t<\/span>\n\t\t\t\t\t\t\t\t\t\t<span class=\"elementor-icon-list-text\">L'\u00e9quipe<\/span>\n\t\t\t\t\t\t\t\t\t<\/li>\n\t\t\t\t\t\t<\/ul>\n\t\t\t\t<\/div>\n\t\t\t\t<\/div>\n\t\t\t\t\t<\/div>\n\t\t<\/div>\n\t\t\t\t\t\t\t<\/div>\n\t\t<\/section>\n\t\t\t\t<section class=\"elementor-section elementor-top-section elementor-element elementor-element-5e2dd042 elementor-section-boxed elementor-section-height-default elementor-section-height-default tf-sticky-section tf-sticky-no\" data-id=\"5e2dd042\" data-element_type=\"section\" data-settings=\"{&quot;tf_sticky&quot;:&quot;no&quot;}\">\n\t\t\t\t\t\t<div class=\"elementor-container elementor-column-gap-default\">\n\t\t\t\t\t<div class=\"elementor-column elementor-col-50 elementor-top-column elementor-element elementor-element-7ba9d728\" data-id=\"7ba9d728\" data-element_type=\"column\">\n\t\t\t<div class=\"elementor-widget-wrap elementor-element-populated\">\n\t\t\t\t\t\t\t\t<div class=\"elementor-element elementor-element-16e3ea8e elementor-widget elementor-widget-image\" data-id=\"16e3ea8e\" data-element_type=\"widget\" data-widget_type=\"image.default\">\n\t\t\t\t<div class=\"elementor-widget-container\">\n\t\t\t<style>\/*! elementor - v3.18.0 - 20-12-2023 *\/\n.elementor-widget-image{text-align:center}.elementor-widget-image a{display:inline-block}.elementor-widget-image a img[src$=\".svg\"]{width:48px}.elementor-widget-image img{vertical-align:middle;display:inline-block}<\/style>\t\t\t\t\t\t\t\t\t\t\t\t<img fetchpriority=\"high\" decoding=\"async\" width=\"1696\" height=\"2560\" src=\"https:\/\/glocaliser.com\/wp-content\/uploads\/2023\/12\/DSC_6284-scaled.jpg\" class=\"attachment-full size-full wp-image-8848\" alt=\"\" srcset=\"https:\/\/glocaliser.com\/wp-content\/uploads\/2023\/12\/DSC_6284-scaled.jpg 1696w, https:\/\/glocaliser.com\/wp-content\/uploads\/2023\/12\/DSC_6284-199x300.jpg 199w, https:\/\/glocaliser.com\/wp-content\/uploads\/2023\/12\/DSC_6284-678x1024.jpg 678w, https:\/\/glocaliser.com\/wp-content\/uploads\/2023\/12\/DSC_6284-768x1160.jpg 768w, https:\/\/glocaliser.com\/wp-content\/uploads\/2023\/12\/DSC_6284-1017x1536.jpg 1017w, https:\/\/glocaliser.com\/wp-content\/uploads\/2023\/12\/DSC_6284-1356x2048.jpg 1356w\" sizes=\"(max-width: 1696px) 100vw, 1696px\" \/>\t\t\t\t\t\t\t\t\t\t\t\t\t\t\t<\/div>\n\t\t\t\t<\/div>\n\t\t\t\t\t<\/div>\n\t\t<\/div>\n\t\t\t\t<div class=\"elementor-column elementor-col-50 elementor-top-column elementor-element elementor-element-705eb84\" data-id=\"705eb84\" data-element_type=\"column\">\n\t\t\t<div class=\"elementor-widget-wrap elementor-element-populated\">\n\t\t\t\t\t\t\t\t<div class=\"elementor-element elementor-element-742d257f elementor-widget elementor-widget-heading\" data-id=\"742d257f\" data-element_type=\"widget\" data-widget_type=\"heading.default\">\n\t\t\t\t<div class=\"elementor-widget-container\">\n\t\t\t<h3 class=\"elementor-heading-title elementor-size-default\">Cheng Fuller<\/h3>\t\t<\/div>\n\t\t\t\t<\/div>\n\t\t\t\t<div class=\"elementor-element elementor-element-fbff519 elementor-widget elementor-widget-heading\" data-id=\"fbff519\" data-element_type=\"widget\" data-widget_type=\"heading.default\">\n\t\t\t\t<div class=\"elementor-widget-container\">\n\t\t\t<h5 class=\"elementor-heading-title elementor-size-default\">D\u00e9veloppement des affaires - Afrique  <\/h5>\t\t<\/div>\n\t\t\t\t<\/div>\n\t\t\t\t<div class=\"elementor-element elementor-element-7c0cce88 elementor-widget elementor-widget-text-editor\" data-id=\"7c0cce88\" data-element_type=\"widget\" data-widget_type=\"text-editor.default\">\n\t\t\t\t<div class=\"elementor-widget-container\">\n\t\t\t<style>\/*! elementor - v3.18.0 - 20-12-2023 *\/\n.elementor-widget-text-editor.elementor-drop-cap-view-stacked .elementor-drop-cap{background-color:#69727d;color:#fff}.elementor-widget-text-editor.elementor-drop-cap-view-framed .elementor-drop-cap{color:#69727d;border:3px solid;background-color:transparent}.elementor-widget-text-editor:not(.elementor-drop-cap-view-default) .elementor-drop-cap{margin-top:8px}.elementor-widget-text-editor:not(.elementor-drop-cap-view-default) .elementor-drop-cap-letter{width:1em;height:1em}.elementor-widget-text-editor .elementor-drop-cap{float:left;text-align:center;line-height:1;font-size:50px}.elementor-widget-text-editor .elementor-drop-cap-letter{display:inline-block}<\/style>\t\t\t\t<p>Cheng Fuller est un ma\u00eetre d&rsquo;\u0153uvre strat\u00e9gique qui poss\u00e8de 19 ans d&rsquo;expertise approfondie dans l&rsquo;am\u00e9lioration des op\u00e9rations commerciales et la promotion de la croissance dans divers secteurs d&rsquo;activit\u00e9. Dipl\u00f4m\u00e9 en sciences du sol et ayant suivi des \u00e9tudes de gestion, M. Cheng a d&rsquo;abord aiguis\u00e9 ses talents d&rsquo;analyste chez KPMG Nigeria, avant d&rsquo;occuper des postes \u00e9volutifs dans des agences de publicit\u00e9 de premier plan telles que DDB Lagos et Insight Publicis. Son esprit d&rsquo;entreprise s&rsquo;est d\u00e9velopp\u00e9 avec la cr\u00e9ation de Re&rsquo;d&rsquo;Fyne Business Solutions, qui t\u00e9moigne de sa capacit\u00e9 \u00e0 trouver des solutions marketing innovantes et \u00e0 faire preuve de clairvoyance.<\/p>\n<p>Dans sa ville natale de Calabar South, dans l&rsquo;\u00c9tat de Cross River, l&rsquo;engagement de M. Cheng va au-del\u00e0 de la sph\u00e8re des entreprises ; il contribue \u00e0 la prosp\u00e9rit\u00e9 r\u00e9gionale en offrant des services pro bono qui favorisent le tourisme et le d\u00e9veloppement \u00e9conomique. Chez Esosa Food Systems and Innovations, sa direction strat\u00e9gique a fait grimper les ventes en fl\u00e8che et a jet\u00e9 les bases d&rsquo;une expansion globale de la marque, mariant le haut de gamme et l&rsquo;attrait du march\u00e9 de masse &#8211; une d\u00e9marche embl\u00e9matique de son habilet\u00e9 \u00e0 combiner innovation strat\u00e9gique et ex\u00e9cution pratique.<\/p>\n<p>En rejoignant notre \u00e9quipe, Cheng Fuller incarne une rare alchimie de leadership exp\u00e9riment\u00e9, d&rsquo;excellence strat\u00e9gique et d&rsquo;engagement communautaire. Ses ant\u00e9c\u00e9dents en mati\u00e8re de r\u00e9ussite op\u00e9rationnelle et d&rsquo;expansion du march\u00e9 font de lui non seulement un leader, mais aussi un catalyseur de l&rsquo;excellence et de la croissance durables au sein de notre organisation.<\/p>\n\t\t\t\t\t\t<\/div>\n\t\t\t\t<\/div>\n\t\t\t\t\t<\/div>\n\t\t<\/div>\n\t\t\t\t\t\t\t<\/div>\n\t\t<\/section>\n\t\t\t\t\t\t\t<\/div>\n\t\t","protected":false},"excerpt":{"rendered":"<p>L&rsquo;\u00e9quipe Accueil L&rsquo;\u00e9quipe D\u00e9veloppement des affaires &#8211; Afrique Cheng Fuller est un ma\u00eetre d&rsquo;\u0153uvre strat\u00e9gique qui poss\u00e8de 19 ans d&rsquo;expertise approfondie dans l&rsquo;am\u00e9lioration des op\u00e9rations commerciales et la promotion de la croissance dans divers secteurs d&rsquo;activit\u00e9. Dipl\u00f4m\u00e9 en sciences du sol et ayant suivi des \u00e9tudes de gestion, M. Cheng a d&rsquo;abord aiguis\u00e9 ses talents [&hellip;]<\/p>\n","protected":false},"author":1,"featured_media":0,"parent":0,"menu_order":0,"comment_status":"closed","ping_status":"closed","template":"","meta":{"footnotes":""},"class_list":["post-8847","page","type-page","status-publish","hentry"],"acf":[],"_links":{"self":[{"href":"https:\/\/glocaliser.com\/fr\/wp-json\/wp\/v2\/pages\/8847","targetHints":{"allow":["GET"]}}],"collection":[{"href":"https:\/\/glocaliser.com\/fr\/wp-json\/wp\/v2\/pages"}],"about":[{"href":"https:\/\/glocaliser.com\/fr\/wp-json\/wp\/v2\/types\/page"}],"author":[{"embeddable":true,"href":"https:\/\/glocaliser.com\/fr\/wp-json\/wp\/v2\/users\/1"}],"replies":[{"embeddable":true,"href":"https:\/\/glocaliser.com\/fr\/wp-json\/wp\/v2\/comments?post=8847"}],"version-history":[{"count":1,"href":"https:\/\/glocaliser.com\/fr\/wp-json\/wp\/v2\/pages\/8847\/revisions"}],"predecessor-version":[{"id":8849,"href":"https:\/\/glocaliser.com\/fr\/wp-json\/wp\/v2\/pages\/8847\/revisions\/8849"}],"wp:attachment":[{"href":"https:\/\/glocaliser.com\/fr\/wp-json\/wp\/v2\/media?parent=8847"}],"curies":[{"name":"wp","href":"https:\/\/api.w.org\/{rel}","templated":true}]}}