{"id":8778,"date":"2023-12-19T09:17:39","date_gmt":"2023-12-19T09:17:39","guid":{"rendered":"https:\/\/glocaliser.com\/sanjay-nankani\/"},"modified":"2024-01-09T10:07:35","modified_gmt":"2024-01-09T10:07:35","slug":"sanjay-nankani","status":"publish","type":"page","link":"https:\/\/glocaliser.com\/fr\/sanjay-nankani\/","title":{"rendered":"Sanjay Nankani"},"content":{"rendered":"\t\t<div data-elementor-type=\"wp-page\" data-elementor-id=\"8778\" class=\"elementor elementor-8778 elementor-8372\" data-elementor-post-type=\"page\">\n\t\t\t\t\t\t\t\t\t<section class=\"elementor-section elementor-top-section elementor-element elementor-element-fc8845f elementor-section-boxed elementor-section-height-default elementor-section-height-default tf-sticky-section tf-sticky-no\" data-id=\"fc8845f\" data-element_type=\"section\" data-settings=\"{&quot;background_background&quot;:&quot;classic&quot;,&quot;tf_sticky&quot;:&quot;no&quot;}\">\n\t\t\t\t\t\t\t<div class=\"elementor-background-overlay\"><\/div>\n\t\t\t\t\t\t\t<div class=\"elementor-container elementor-column-gap-default\">\n\t\t\t\t\t<div class=\"elementor-column elementor-col-100 elementor-top-column elementor-element elementor-element-07ad0b9\" data-id=\"07ad0b9\" data-element_type=\"column\">\n\t\t\t<div class=\"elementor-widget-wrap elementor-element-populated\">\n\t\t\t\t\t\t\t\t<div class=\"elementor-element elementor-element-9f3bd2c elementor-invisible elementor-widget elementor-widget-heading\" data-id=\"9f3bd2c\" data-element_type=\"widget\" data-settings=\"{&quot;_animation&quot;:&quot;fadeInUp&quot;}\" data-widget_type=\"heading.default\">\n\t\t\t\t<div class=\"elementor-widget-container\">\n\t\t\t<style>\/*! elementor - v3.18.0 - 20-12-2023 *\/\n.elementor-heading-title{padding:0;margin:0;line-height:1}.elementor-widget-heading .elementor-heading-title[class*=elementor-size-]>a{color:inherit;font-size:inherit;line-height:inherit}.elementor-widget-heading .elementor-heading-title.elementor-size-small{font-size:15px}.elementor-widget-heading .elementor-heading-title.elementor-size-medium{font-size:19px}.elementor-widget-heading .elementor-heading-title.elementor-size-large{font-size:29px}.elementor-widget-heading .elementor-heading-title.elementor-size-xl{font-size:39px}.elementor-widget-heading .elementor-heading-title.elementor-size-xxl{font-size:59px}<\/style><h2 class=\"elementor-heading-title elementor-size-default\">L'\u00e9quipe<\/h2>\t\t<\/div>\n\t\t\t\t<\/div>\n\t\t\t\t<div class=\"elementor-element elementor-element-6a31d1e elementor-icon-list--layout-inline elementor-align-center elementor-list-item-link-full_width elementor-invisible elementor-widget elementor-widget-icon-list\" data-id=\"6a31d1e\" data-element_type=\"widget\" data-settings=\"{&quot;_animation&quot;:&quot;fadeInUp&quot;}\" data-widget_type=\"icon-list.default\">\n\t\t\t\t<div class=\"elementor-widget-container\">\n\t\t\t<link rel=\"stylesheet\" href=\"https:\/\/glocaliser.com\/wp-content\/plugins\/elementor\/assets\/css\/widget-icon-list.min.css\">\t\t<ul class=\"elementor-icon-list-items elementor-inline-items\">\n\t\t\t\t\t\t\t<li class=\"elementor-icon-list-item elementor-inline-item\">\n\t\t\t\t\t\t\t\t\t\t\t<a href=\"https:\/\/glocaliser.com\/fr\/\">\n\n\t\t\t\t\t\t\t\t\t\t\t<span class=\"elementor-icon-list-text\">Accueil<\/span>\n\t\t\t\t\t\t\t\t\t\t\t<\/a>\n\t\t\t\t\t\t\t\t\t<\/li>\n\t\t\t\t\t\t\t\t<li class=\"elementor-icon-list-item elementor-inline-item\">\n\t\t\t\t\t\t\t\t\t\t\t<span class=\"elementor-icon-list-icon\">\n\t\t\t\t\t\t\t<i aria-hidden=\"true\" class=\"fas fa-angle-double-right\"><\/i>\t\t\t\t\t\t<\/span>\n\t\t\t\t\t\t\t\t\t\t<span class=\"elementor-icon-list-text\">L'\u00e9quipe<\/span>\n\t\t\t\t\t\t\t\t\t<\/li>\n\t\t\t\t\t\t<\/ul>\n\t\t\t\t<\/div>\n\t\t\t\t<\/div>\n\t\t\t\t\t<\/div>\n\t\t<\/div>\n\t\t\t\t\t\t\t<\/div>\n\t\t<\/section>\n\t\t\t\t<section class=\"elementor-section elementor-top-section elementor-element elementor-element-46dab198 elementor-section-boxed elementor-section-height-default elementor-section-height-default tf-sticky-section tf-sticky-no\" data-id=\"46dab198\" data-element_type=\"section\" data-settings=\"{&quot;tf_sticky&quot;:&quot;no&quot;}\">\n\t\t\t\t\t\t<div class=\"elementor-container elementor-column-gap-default\">\n\t\t\t\t\t<div class=\"elementor-column elementor-col-50 elementor-top-column elementor-element elementor-element-334d54f7\" data-id=\"334d54f7\" data-element_type=\"column\">\n\t\t\t<div class=\"elementor-widget-wrap elementor-element-populated\">\n\t\t\t\t\t\t\t\t<div class=\"elementor-element elementor-element-1951fff9 elementor-widget elementor-widget-image\" data-id=\"1951fff9\" data-element_type=\"widget\" data-widget_type=\"image.default\">\n\t\t\t\t<div class=\"elementor-widget-container\">\n\t\t\t<style>\/*! elementor - v3.18.0 - 20-12-2023 *\/\n.elementor-widget-image{text-align:center}.elementor-widget-image a{display:inline-block}.elementor-widget-image a img[src$=\".svg\"]{width:48px}.elementor-widget-image img{vertical-align:middle;display:inline-block}<\/style>\t\t\t\t\t\t\t\t\t\t\t\t<img fetchpriority=\"high\" decoding=\"async\" width=\"1707\" height=\"2560\" src=\"https:\/\/glocaliser.com\/wp-content\/uploads\/2023\/12\/Sanjay-white-background-scaled.jpg\" class=\"attachment-full size-full wp-image-8381\" alt=\"\" srcset=\"https:\/\/glocaliser.com\/wp-content\/uploads\/2023\/12\/Sanjay-white-background-scaled.jpg 1707w, https:\/\/glocaliser.com\/wp-content\/uploads\/2023\/12\/Sanjay-white-background-200x300.jpg 200w, https:\/\/glocaliser.com\/wp-content\/uploads\/2023\/12\/Sanjay-white-background-683x1024.jpg 683w, https:\/\/glocaliser.com\/wp-content\/uploads\/2023\/12\/Sanjay-white-background-768x1152.jpg 768w, https:\/\/glocaliser.com\/wp-content\/uploads\/2023\/12\/Sanjay-white-background-1024x1536.jpg 1024w, https:\/\/glocaliser.com\/wp-content\/uploads\/2023\/12\/Sanjay-white-background-1365x2048.jpg 1365w\" sizes=\"(max-width: 1707px) 100vw, 1707px\" \/>\t\t\t\t\t\t\t\t\t\t\t\t\t\t\t<\/div>\n\t\t\t\t<\/div>\n\t\t\t\t\t<\/div>\n\t\t<\/div>\n\t\t\t\t<div class=\"elementor-column elementor-col-50 elementor-top-column elementor-element elementor-element-26e77597\" data-id=\"26e77597\" data-element_type=\"column\">\n\t\t\t<div class=\"elementor-widget-wrap elementor-element-populated\">\n\t\t\t\t\t\t\t\t<div class=\"elementor-element elementor-element-5fd7bdbf elementor-widget elementor-widget-heading\" data-id=\"5fd7bdbf\" data-element_type=\"widget\" data-widget_type=\"heading.default\">\n\t\t\t\t<div class=\"elementor-widget-container\">\n\t\t\t<h3 class=\"elementor-heading-title elementor-size-default\">Sanjay Nankani<\/h3>\t\t<\/div>\n\t\t\t\t<\/div>\n\t\t\t\t<div class=\"elementor-element elementor-element-1f9b5d1f elementor-widget__width-initial elementor-widget elementor-widget-text-editor\" data-id=\"1f9b5d1f\" data-element_type=\"widget\" data-widget_type=\"text-editor.default\">\n\t\t\t\t<div class=\"elementor-widget-container\">\n\t\t\t<style>\/*! elementor - v3.18.0 - 20-12-2023 *\/\n.elementor-widget-text-editor.elementor-drop-cap-view-stacked .elementor-drop-cap{background-color:#69727d;color:#fff}.elementor-widget-text-editor.elementor-drop-cap-view-framed .elementor-drop-cap{color:#69727d;border:3px solid;background-color:transparent}.elementor-widget-text-editor:not(.elementor-drop-cap-view-default) .elementor-drop-cap{margin-top:8px}.elementor-widget-text-editor:not(.elementor-drop-cap-view-default) .elementor-drop-cap-letter{width:1em;height:1em}.elementor-widget-text-editor .elementor-drop-cap{float:left;text-align:center;line-height:1;font-size:50px}.elementor-widget-text-editor .elementor-drop-cap-letter{display:inline-block}<\/style>\t\t\t\t<div class=\"elementor-element elementor-element-6cd9a54e elementor-widget elementor-widget-heading\" data-id=\"6cd9a54e\" data-element_type=\"widget\" data-widget_type=\"heading.default\">\n<div class=\"elementor-widget-container\">\n<p>Leader mondial de la gestion et de l&rsquo;entrepreneuriat bas\u00e9 \u00e0 Gibraltar<\/p>\n<p>Avec une carri\u00e8re riche et diversifi\u00e9e qui s&rsquo;\u00e9tend sur 28 ans \u00e0 travers l&rsquo;Europe, l&rsquo;Espagne, l&rsquo;Afrique, le Maroc, et maintenant bas\u00e9e dans le centre d&rsquo;affaires dynamique de Gibraltar, j&rsquo;ai \u00e9t\u00e9 une force motrice dans la croissance et l&rsquo;\u00e9tablissement d&rsquo;entreprises sur trois continents. Au cours des deux derni\u00e8res d\u00e9cennies, j&rsquo;ai jou\u00e9 un r\u00f4le essentiel dans l&rsquo;expansion des entreprises sur des march\u00e9s africains cl\u00e9s tels que le Nigeria, le Ghana et l&rsquo;Afrique du Sud, ainsi que dans la promotion de la croissance en Europe.<\/p>\n<p>R\u00e9ussite entrepreneuriale<\/p>\n<p>Mon parcours comprend non seulement la gestion d&rsquo;entreprises, mais aussi le lancement et la croissance r\u00e9ussis de mes projets. Dot\u00e9e d&rsquo;un sens aigu des opportunit\u00e9s et d&rsquo;un esprit strat\u00e9gique, je me suis fait une place dans la cr\u00e9ation et l&rsquo;optimisation de canaux B2B performants.<\/p>\n<p>Visionnaire de l&rsquo;alimentation<\/p>\n<p>Actuellement directrice d&rsquo;une start-up sp\u00e9cialis\u00e9e dans les aliments d&rsquo;origine v\u00e9g\u00e9tale, je suis passionn\u00e9e par la promotion d&rsquo;un mode de vie durable et sain. Guid\u00e9e par l&rsquo;innovation et l&rsquo;engagement pour un avenir plus vert, notre startup est \u00e0 l&rsquo;avant-garde de la r\u00e9volution v\u00e9g\u00e9tale.<\/p>\n<p>Communicateur multilingue<\/p>\n<p>Parlant couramment l&rsquo;espagnol, l&rsquo;anglais, l&rsquo;hindi, l&rsquo;italien et le fran\u00e7ais, je comble les foss\u00e9s culturels et facilite les conversations commerciales internationales sans effort. Cette polyvalence linguistique me permet d&rsquo;entrer en contact avec des publics divers et de naviguer sans probl\u00e8me sur les march\u00e9s internationaux.<\/p>\n<p>Professionnel centr\u00e9 sur la famille<\/p>\n<p>Mari\u00e9e et m\u00e8re de deux merveilleux enfants, je ne suis pas seulement une professionnelle d\u00e9vou\u00e9e, mais aussi une personne tourn\u00e9e vers la famille. \u00c9quilibrant les exigences d&rsquo;une carri\u00e8re dynamique et les joies de la vie de famille, j&rsquo;apporte une perspective holistique \u00e0 mes efforts personnels et professionnels.<\/p>\n<p>Rejoignez-moi dans cette aventure passionnante, alors que nous red\u00e9finissons l&rsquo;avenir ici m\u00eame, au c\u0153ur de Gibraltar, et que nous continuons \u00e0 avoir un impact positif \u00e0 l&rsquo;\u00e9chelle mondiale.<\/p>\n<\/div>\n<\/div>\n\t\t\t\t\t\t<\/div>\n\t\t\t\t<\/div>\n\t\t\t\t<div class=\"elementor-element elementor-element-38f8494f elementor-hidden-desktop elementor-hidden-tablet elementor-hidden-mobile elementor-widget elementor-widget-button\" data-id=\"38f8494f\" data-element_type=\"widget\" data-widget_type=\"button.default\">\n\t\t\t\t<div class=\"elementor-widget-container\">\n\t\t\t\t\t<div class=\"elementor-button-wrapper\">\n\t\t\t<a class=\"elementor-button elementor-button-link elementor-size-sm\" href=\"https:\/\/glocaliser.com\/pazar-analizi\/\">\n\t\t\t\t\t\t<span class=\"elementor-button-content-wrapper\">\n\t\t\t\t\t\t<span class=\"elementor-button-icon elementor-align-icon-right\">\n\t\t\t\t<i aria-hidden=\"true\" class=\"fas fa-angle-double-right\"><\/i>\t\t\t<\/span>\n\t\t\t\t\t\t<span class=\"elementor-button-text\">\u0130ncele<\/span>\n\t\t<\/span>\n\t\t\t\t\t<\/a>\n\t\t<\/div>\n\t\t\t\t<\/div>\n\t\t\t\t<\/div>\n\t\t\t\t\t<\/div>\n\t\t<\/div>\n\t\t\t\t\t\t\t<\/div>\n\t\t<\/section>\n\t\t\t\t\t\t\t<\/div>\n\t\t","protected":false},"excerpt":{"rendered":"<p>L&rsquo;\u00e9quipe Accueil L&rsquo;\u00e9quipe Sanjay Nankani Leader mondial de la gestion et de l&rsquo;entrepreneuriat bas\u00e9 \u00e0 Gibraltar Avec une carri\u00e8re riche et diversifi\u00e9e qui s&rsquo;\u00e9tend sur 28 ans \u00e0 travers l&rsquo;Europe, l&rsquo;Espagne, l&rsquo;Afrique, le Maroc, et maintenant bas\u00e9e dans le centre d&rsquo;affaires dynamique de Gibraltar, j&rsquo;ai \u00e9t\u00e9 une force motrice dans la croissance et l&rsquo;\u00e9tablissement d&rsquo;entreprises [&hellip;]<\/p>\n","protected":false},"author":2,"featured_media":0,"parent":0,"menu_order":0,"comment_status":"closed","ping_status":"closed","template":"","meta":{"footnotes":""},"class_list":["post-8778","page","type-page","status-publish","hentry"],"acf":[],"_links":{"self":[{"href":"https:\/\/glocaliser.com\/fr\/wp-json\/wp\/v2\/pages\/8778","targetHints":{"allow":["GET"]}}],"collection":[{"href":"https:\/\/glocaliser.com\/fr\/wp-json\/wp\/v2\/pages"}],"about":[{"href":"https:\/\/glocaliser.com\/fr\/wp-json\/wp\/v2\/types\/page"}],"author":[{"embeddable":true,"href":"https:\/\/glocaliser.com\/fr\/wp-json\/wp\/v2\/users\/2"}],"replies":[{"embeddable":true,"href":"https:\/\/glocaliser.com\/fr\/wp-json\/wp\/v2\/comments?post=8778"}],"version-history":[{"count":1,"href":"https:\/\/glocaliser.com\/fr\/wp-json\/wp\/v2\/pages\/8778\/revisions"}],"predecessor-version":[{"id":8781,"href":"https:\/\/glocaliser.com\/fr\/wp-json\/wp\/v2\/pages\/8778\/revisions\/8781"}],"wp:attachment":[{"href":"https:\/\/glocaliser.com\/fr\/wp-json\/wp\/v2\/media?parent=8778"}],"curies":[{"name":"wp","href":"https:\/\/api.w.org\/{rel}","templated":true}]}}