{"id":8768,"date":"2023-12-14T12:45:10","date_gmt":"2023-12-14T12:45:10","guid":{"rendered":"https:\/\/glocaliser.com\/preferences-en-matiere-de-cookies\/"},"modified":"2024-01-09T10:07:34","modified_gmt":"2024-01-09T10:07:34","slug":"preferences-en-matiere-de-cookies","status":"publish","type":"page","link":"https:\/\/glocaliser.com\/fr\/preferences-en-matiere-de-cookies\/","title":{"rendered":"Pr\u00e9f\u00e9rences en mati\u00e8re de cookies"},"content":{"rendered":"\t\t<div data-elementor-type=\"wp-page\" data-elementor-id=\"8768\" class=\"elementor elementor-8768 elementor-8261\" data-elementor-post-type=\"page\">\n\t\t\t\t\t\t\t\t\t<section class=\"elementor-section elementor-top-section elementor-element elementor-element-8b813ef elementor-section-boxed elementor-section-height-default elementor-section-height-default tf-sticky-section tf-sticky-no\" data-id=\"8b813ef\" data-element_type=\"section\" data-settings=\"{&quot;background_background&quot;:&quot;classic&quot;,&quot;tf_sticky&quot;:&quot;no&quot;}\">\n\t\t\t\t\t\t\t<div class=\"elementor-background-overlay\"><\/div>\n\t\t\t\t\t\t\t<div class=\"elementor-container elementor-column-gap-default\">\n\t\t\t\t\t<div class=\"elementor-column elementor-col-100 elementor-top-column elementor-element elementor-element-fa45416\" data-id=\"fa45416\" data-element_type=\"column\">\n\t\t\t<div class=\"elementor-widget-wrap elementor-element-populated\">\n\t\t\t\t\t\t\t\t<div class=\"elementor-element elementor-element-1b239ed elementor-invisible elementor-widget elementor-widget-heading\" data-id=\"1b239ed\" data-element_type=\"widget\" data-settings=\"{&quot;_animation&quot;:&quot;fadeInUp&quot;}\" data-widget_type=\"heading.default\">\n\t\t\t\t<div class=\"elementor-widget-container\">\n\t\t\t<style>\/*! elementor - v3.18.0 - 20-12-2023 *\/\n.elementor-heading-title{padding:0;margin:0;line-height:1}.elementor-widget-heading .elementor-heading-title[class*=elementor-size-]>a{color:inherit;font-size:inherit;line-height:inherit}.elementor-widget-heading .elementor-heading-title.elementor-size-small{font-size:15px}.elementor-widget-heading .elementor-heading-title.elementor-size-medium{font-size:19px}.elementor-widget-heading .elementor-heading-title.elementor-size-large{font-size:29px}.elementor-widget-heading .elementor-heading-title.elementor-size-xl{font-size:39px}.elementor-widget-heading .elementor-heading-title.elementor-size-xxl{font-size:59px}<\/style><h2 class=\"elementor-heading-title elementor-size-default\">Politique en mati\u00e8re de cookies<\/h2>\t\t<\/div>\n\t\t\t\t<\/div>\n\t\t\t\t<div class=\"elementor-element elementor-element-34628fa elementor-icon-list--layout-inline elementor-align-center elementor-list-item-link-full_width elementor-invisible elementor-widget elementor-widget-icon-list\" data-id=\"34628fa\" data-element_type=\"widget\" data-settings=\"{&quot;_animation&quot;:&quot;fadeInUp&quot;}\" data-widget_type=\"icon-list.default\">\n\t\t\t\t<div class=\"elementor-widget-container\">\n\t\t\t<link rel=\"stylesheet\" href=\"https:\/\/glocaliser.com\/wp-content\/plugins\/elementor\/assets\/css\/widget-icon-list.min.css\">\t\t<ul class=\"elementor-icon-list-items elementor-inline-items\">\n\t\t\t\t\t\t\t<li class=\"elementor-icon-list-item elementor-inline-item\">\n\t\t\t\t\t\t\t\t\t\t\t<a href=\"https:\/\/glocaliser.com\/fr\/\">\n\n\t\t\t\t\t\t\t\t\t\t\t<span class=\"elementor-icon-list-text\">Accueil<\/span>\n\t\t\t\t\t\t\t\t\t\t\t<\/a>\n\t\t\t\t\t\t\t\t\t<\/li>\n\t\t\t\t\t\t\t\t<li class=\"elementor-icon-list-item elementor-inline-item\">\n\t\t\t\t\t\t\t\t\t\t\t<span class=\"elementor-icon-list-icon\">\n\t\t\t\t\t\t\t<i aria-hidden=\"true\" class=\"fas fa-angle-double-right\"><\/i>\t\t\t\t\t\t<\/span>\n\t\t\t\t\t\t\t\t\t\t<span class=\"elementor-icon-list-text\">Pr\u00e9f\u00e9rences en mati\u00e8re de cookies<\/span>\n\t\t\t\t\t\t\t\t\t<\/li>\n\t\t\t\t\t\t<\/ul>\n\t\t\t\t<\/div>\n\t\t\t\t<\/div>\n\t\t\t\t\t<\/div>\n\t\t<\/div>\n\t\t\t\t\t\t\t<\/div>\n\t\t<\/section>\n\t\t\t\t<section class=\"elementor-section elementor-top-section elementor-element elementor-element-33b4947 elementor-section-boxed elementor-section-height-default elementor-section-height-default tf-sticky-section tf-sticky-no\" data-id=\"33b4947\" data-element_type=\"section\" data-settings=\"{&quot;tf_sticky&quot;:&quot;no&quot;}\">\n\t\t\t\t\t\t<div class=\"elementor-container elementor-column-gap-default\">\n\t\t\t\t\t<div class=\"elementor-column elementor-col-100 elementor-top-column elementor-element elementor-element-b1a50f5\" data-id=\"b1a50f5\" data-element_type=\"column\">\n\t\t\t<div class=\"elementor-widget-wrap elementor-element-populated\">\n\t\t\t\t\t\t\t\t<div class=\"elementor-element elementor-element-2396b43 elementor-widget elementor-widget-text-editor\" data-id=\"2396b43\" data-element_type=\"widget\" data-widget_type=\"text-editor.default\">\n\t\t\t\t<div class=\"elementor-widget-container\">\n\t\t\t<style>\/*! elementor - v3.18.0 - 20-12-2023 *\/\n.elementor-widget-text-editor.elementor-drop-cap-view-stacked .elementor-drop-cap{background-color:#69727d;color:#fff}.elementor-widget-text-editor.elementor-drop-cap-view-framed .elementor-drop-cap{color:#69727d;border:3px solid;background-color:transparent}.elementor-widget-text-editor:not(.elementor-drop-cap-view-default) .elementor-drop-cap{margin-top:8px}.elementor-widget-text-editor:not(.elementor-drop-cap-view-default) .elementor-drop-cap-letter{width:1em;height:1em}.elementor-widget-text-editor .elementor-drop-cap{float:left;text-align:center;line-height:1;font-size:50px}.elementor-widget-text-editor .elementor-drop-cap-letter{display:inline-block}<\/style>\t\t\t\t<header class=\"mdc-c-header\">\n<div class=\"mdc-c-header__block___i1Lg-_dae1ff3\"><em>Date d&rsquo;entr\u00e9e en vigueur : 1er janvier 2024<\/em><\/div>\n<\/header>\n<div class=\"mdc-c-description___SrnQP_dae1ff3\">\n<div class=\"MainBody_mck-c-main-body__text-content__6mkZS mck-u-links-inline mdc-o-content-body\">\n<p>Glocaliser comprend que votre vie priv\u00e9e est importante pour vous et s&rsquo;engage \u00e0 \u00eatre transparent sur les technologies qu&rsquo;il utilise. La pr\u00e9sente Politique relative aux cookies explique comment et pourquoi les cookies, les balises web, les pixels, les pixels invisibles et d&rsquo;autres technologies similaires (collectivement \u00a0\u00bb Cookies et autres technologies de suivi \u00ab\u00a0) peuvent \u00eatre stock\u00e9s sur votre appareil et consult\u00e9s \u00e0 partir de celui-ci lorsque vous utilisez ou visitez un site web ou une application qui affiche un lien vers la pr\u00e9sente Politique (collectivement, \u00a0\u00bb les Sites \u00ab\u00a0). La pr\u00e9sente politique en mati\u00e8re de cookies doit \u00eatre lue conjointement avec notre politique de confidentialit\u00e9 et nos conditions d&rsquo;utilisation.<\/p>\n<p><strong>Que sont les cookies et autres technologies de suivi ?<\/strong><\/p>\n<p>Un cookie est un petit fichier texte qui peut \u00eatre stock\u00e9 sur votre appareil et auquel vous pouvez acc\u00e9der lorsque vous visitez l&rsquo;un de nos sites, dans la mesure o\u00f9 vous y consentez. Les autres technologies de suivi fonctionnent de la m\u00eame mani\u00e8re que les cookies et placent de petits fichiers de donn\u00e9es sur vos appareils ou surveillent l&rsquo;activit\u00e9 de votre site web pour nous permettre de collecter des informations sur la mani\u00e8re dont vous utilisez nos sites. Cela permet \u00e0 nos sites de reconna\u00eetre votre appareil par rapport \u00e0 celui d&rsquo;autres utilisateurs des sites. Les informations fournies ci-dessous sur les cookies s&rsquo;appliquent \u00e9galement \u00e0 ces autres technologies de suivi. Vous trouverez de plus amples informations sur les sites <a href=\"http:\/\/www.allaboutcookies.org\/\">www.allaboutcookies.org<\/a> et <a href=\"http:\/\/www.youronlinechoices.eu\/\">www.youronlinechoices.eu<\/a>.<\/p>\n<p><strong>Comment nos sites utilisent-ils les cookies et autres technologies de suivi ?<\/strong><\/p>\n<p>Glocaliser utilise des cookies et d&rsquo;autres technologies de suivi pour vous identifier et identifier vos int\u00e9r\u00eats, pour m\u00e9moriser vos pr\u00e9f\u00e9rences et pour suivre votre utilisation de nos sites. Nous utilisons \u00e9galement des cookies et d&rsquo;autres technologies de suivi pour contr\u00f4ler l&rsquo;acc\u00e8s \u00e0 certains contenus de nos sites, prot\u00e9ger les sites et traiter les demandes que vous nous adressez.<\/p>\n<p>Pour administrer nos sites et \u00e0 des fins de recherche, Glocaliser a \u00e9galement pass\u00e9 des contrats avec des fournisseurs de services tiers pour suivre et analyser l&rsquo;utilisation statistique et les informations de volume des utilisateurs de nos sites. Ces fournisseurs de services tiers utilisent des cookies persistants pour nous aider \u00e0 am\u00e9liorer l&rsquo;exp\u00e9rience de l&rsquo;utilisateur, \u00e0 g\u00e9rer le contenu de notre site et \u00e0 analyser la fa\u00e7on dont les utilisateurs naviguent et utilisent les sites.<\/p>\n<p><strong>Cookies de premi\u00e8re et de tierce parties<\/strong><\/p>\n<p>Les \u00ab\u00a0First party Cookies\u00a0\u00bb sont des cookies qui appartiennent \u00e0 Glocaliser et que Glocaliser place sur votre appareil. Les \u00ab\u00a0cookies de tiers\u00a0\u00bb sont des cookies qu&rsquo;une autre partie place sur votre appareil par l&rsquo;interm\u00e9diaire de notre site. Glocaliser peut faire appel \u00e0 des prestataires de services tiers pour envoyer des courriers \u00e9lectroniques aux utilisateurs qui nous ont fourni leurs coordonn\u00e9es. Pour aider \u00e0 mesurer et \u00e0 am\u00e9liorer l&rsquo;efficacit\u00e9 de nos communications par courrier \u00e9lectronique, et\/ou pour d\u00e9terminer si les messages ont \u00e9t\u00e9 ouverts et si des liens ont \u00e9t\u00e9 cliqu\u00e9s, les prestataires de services tiers peuvent placer des cookies sur les appareils de ces utilisateurs.<\/p>\n<p>Pour plus d&rsquo;informations sur la mani\u00e8re dont ces soci\u00e9t\u00e9s collectent et utilisent les informations en notre nom, veuillez vous r\u00e9f\u00e9rer \u00e0 leurs politiques de confidentialit\u00e9 indiqu\u00e9es ci-dessous.<\/p>\n<p>En fonction du site, nous utilisons les types de cookies suivants :<\/p>\n<p><strong>Cookies persistants<\/strong>. Nous utilisons des cookies persistants pour am\u00e9liorer votre exp\u00e9rience d&rsquo;utilisation des sites. Cela inclut l&rsquo;enregistrement de votre acceptation de notre politique en mati\u00e8re de cookies afin de supprimer le message relatif aux cookies qui appara\u00eet pour la premi\u00e8re fois lorsque vous utilisez les sites.<\/p>\n<p><strong>Cookies de session<\/strong>. Les cookies de session sont temporaires et supprim\u00e9s de votre machine lorsque votre navigateur web se ferme. Nous utilisons des cookies de session pour nous aider \u00e0 suivre l&rsquo;utilisation d&rsquo;Internet comme d\u00e9crit ci-dessus.<\/p>\n<p>Vous pouvez refuser d&rsquo;accepter les cookies du navigateur en activant les param\u00e8tres appropri\u00e9s de votre navigateur. Toutefois, si vous s\u00e9lectionnez ce param\u00e8tre, il se peut que vous ne puissiez pas acc\u00e9der \u00e0 certaines parties des sites. \u00c0 moins que vous n&rsquo;ayez param\u00e9tr\u00e9 votre navigateur pour qu&rsquo;il refuse les cookies, notre syst\u00e8me \u00e9mettra des cookies lorsque vous dirigerez votre navigateur vers nos sites.<\/p>\n<p>Les donn\u00e9es collect\u00e9es par les sites et\/ou par les cookies qui peuvent \u00eatre plac\u00e9s sur votre ordinateur ne seront pas conserv\u00e9es plus longtemps que n\u00e9cessaire pour atteindre les objectifs mentionn\u00e9s ci-dessus. En tout \u00e9tat de cause, ces informations ne seront pas conserv\u00e9es plus d&rsquo;un an.<\/p>\n<p>Nos cookies sont utilis\u00e9s aux fins suivantes :<\/p>\n<table>\n<thead>\n<tr>\n<td>\n  <strong>Type de cookie<\/strong>\n<\/td>\n<td>\n  <strong>Objectif<\/strong>\n<\/td>\n<\/tr>\n<\/thead>\n<tbody>\n<tr>\n<td>Strictement n\u00e9cessaire\/ technique<\/td>\n<td>Ces cookies sont n\u00e9cessaires pour nous permettre d&rsquo;exploiter nos sites afin que vous puissiez y acc\u00e9der comme vous l&rsquo;avez demand\u00e9. Ces cookies nous permettent, par exemple, de reconna\u00eetre que vous avez cr\u00e9\u00e9 un compte et que vous vous \u00eates connect\u00e9 \u00e0 ce compte pour acc\u00e9der au contenu du site. Ils comprennent \u00e9galement des cookies qui nous permettent de nous souvenir de vos actions pr\u00e9c\u00e9dentes au cours d&rsquo;une m\u00eame session de navigation et de s\u00e9curiser nos sites.<\/td>\n<\/tr>\n<tr>\n<td>Analytique\/ Performance<\/td>\n<td>Ces cookies sont utilis\u00e9s par nous ou par des prestataires de services tiers pour analyser l&rsquo;utilisation des sites et leurs performances. Par exemple, ces cookies permettent de savoir quelles sont les pages les plus visit\u00e9es et d&rsquo;o\u00f9 viennent nos visiteurs. Si vous vous abonnez \u00e0 une lettre d&rsquo;information ou si vous vous inscrivez d&rsquo;une autre mani\u00e8re sur les sites, ces cookies peuvent \u00eatre mis en corr\u00e9lation avec vous. Ces cookies comprennent, par exemple, les cookies Adobe Analytics.<\/td>\n<\/tr>\n<tr>\n<td>Fonctionnalit\u00e9<\/td>\n<td>Ces cookies nous permettent d&rsquo;exploiter les sites conform\u00e9ment aux choix que vous faites. Ces cookies nous permettent de nous \u00ab\u00a0souvenir\u00a0\u00bb de vous entre deux visites. Par exemple, nous reconna\u00eetrons votre nom d&rsquo;utilisateur et nous nous souviendrons de la mani\u00e8re dont vous avez personnalis\u00e9 les sites et les services, par exemple en ajustant la taille du texte, les polices, les langues et d&rsquo;autres parties des pages web qui sont modifiables, et nous vous fournirons les m\u00eames personnalisations lors de vos prochaines visites.<\/td>\n<\/tr>\n<tr>\n<td>Publicit\u00e9 de tiers<\/td>\n<td>Ces cookies recueillent des informations sur vos activit\u00e9s sur ce site et d&rsquo;autres sites afin de vous proposer des publicit\u00e9s cibl\u00e9es. Nous pouvons \u00e9galement autoriser nos fournisseurs de services tiers \u00e0 utiliser des cookies sur les sites aux m\u00eames fins que celles d\u00e9crites ci-dessus, y compris la collecte d&rsquo;informations sur vos activit\u00e9s en ligne au fil du temps et sur diff\u00e9rents sites web. Les fournisseurs de services tiers qui g\u00e9n\u00e8rent ces cookies, tels qu&rsquo;<a href=\"https:\/\/www.adobe.com\/privacy\/policy.html\">Adobe<\/a>, <a href=\"https:\/\/www.linkedin.com\/legal\/privacy-policy\">LinkedIn<\/a>, <a href=\"https:\/\/twitter.com\/en\/privacy\">Twitter<\/a> et <a href=\"https:\/\/www.facebook.com\/policy.php\">Facebook<\/a>, ont leurs propres politiques de confidentialit\u00e9 et peuvent utiliser leurs cookies pour vous proposer de la publicit\u00e9 sur d&rsquo;autres sites web, en fonction de votre visite sur nos sites.<\/td>\n<\/tr>\n<\/tbody>\n<\/table>\n<p><strong>Comment puis-je refuser ou retirer mon consentement \u00e0 l&rsquo;utilisation de cookies ?<\/strong><\/p>\n<p>Si vous ne souhaitez pas que des cookies soient d\u00e9pos\u00e9s sur votre appareil, vous pouvez configurer votre navigateur Internet de mani\u00e8re \u00e0 ce qu&rsquo;il refuse l&rsquo;installation de tout ou partie des cookies et qu&rsquo;il vous avertisse lorsqu&rsquo;un cookie est plac\u00e9 sur votre appareil. Pour plus d&rsquo;informations sur la mani\u00e8re de proc\u00e9der, veuillez consulter la section \u00ab\u00a0aide\u00a0\u00bb \/ \u00ab\u00a0outil\u00a0\u00bb ou \u00ab\u00a0\u00e9dition\u00a0\u00bb de votre navigateur ou consulter le site <a href=\"http:\/\/www.allaboutcookies.org\/\">www.allaboutcookies.org<\/a>. Veuillez noter que si vous utilisez les param\u00e8tres de votre navigateur pour bloquer tous les cookies (y compris les cookies strictement n\u00e9cessaires), il se peut que vous ne puissiez pas acc\u00e9der ou utiliser tout ou partie des fonctionnalit\u00e9s de nos sites.<\/p>\n<p>Si vous souhaitez supprimer des cookies stock\u00e9s pr\u00e9c\u00e9demment, vous pouvez \u00e0 tout moment les supprimer manuellement. Toutefois, cela n&#8217;emp\u00eachera pas les sites de placer d&rsquo;autres cookies sur votre appareil, \u00e0 moins que vous n&rsquo;ajustiez les param\u00e8tres de votre navigateur Internet comme d\u00e9crit ci-dessus.<\/p>\n<p>Pour plus d&rsquo;informations sur le d\u00e9veloppement de profils d&rsquo;utilisateurs et l&rsquo;utilisation de cookies de ciblage\/publicit\u00e9, veuillez consulter <a href=\"http:\/\/www.youronlinechoices.eu\/\">www.youronlinechoices.eu<\/a> si vous \u00eates situ\u00e9 en Europe ou <a href=\"http:\/\/www.aboutads.info\/choices\">www.aboutads.info\/choices<\/a> si vous \u00eates situ\u00e9 aux \u00c9tats-Unis.<\/p>\n<p><strong>Comment utilisons-nous d&rsquo;autres technologies de suivi dans nos communications ?<\/strong><\/p>\n<p>Glocaliser peut collecter des informations sur le fait que vous ouvrez ou cliquez sur des liens dans les communications de connaissances, de recherche ou d&rsquo;\u00e9v\u00e9nements que nous vous envoyons par le biais de pixels invisibles.<\/p>\n<p>Une balise web est une image graphique plac\u00e9e sur un site web ou dans un e-mail qui, seule ou en conjonction avec des cookies, compile des informations sur votre utilisation ou votre interaction avec un site web ou un e-mail de Glocaliser. Par exemple, nous pouvons ajouter des balises web aux communications de connaissances, de recherche ou d&rsquo;\u00e9v\u00e9nements que nous vous envoyons afin de d\u00e9terminer si vous avez ouvert notre courrier \u00e9lectronique ou cliqu\u00e9 sur un lien. L&rsquo;analyse recueillie nous aide \u00e0 am\u00e9liorer l&rsquo;efficacit\u00e9 du contenu et du format de nos sites web et de nos communications par courrier \u00e9lectronique.<\/p>\n<p><strong>Comment puis-je refuser ou retirer mon consentement \u00e0 l&rsquo;utilisation des pixels invisibles ?<\/strong><\/p>\n<p>Vous pouvez \u00e9viter les balises web en configurant votre programme de lecture de courrier \u00e9lectronique de mani\u00e8re \u00e0 d\u00e9sactiver la fonctionnalit\u00e9 qui permet le chargement des images distantes et en vous abstenant de cliquer sur les liens contenus dans les messages \u00e9lectroniques.<\/p>\n<\/div>\n<\/div>\n\t\t\t\t\t\t<\/div>\n\t\t\t\t<\/div>\n\t\t\t\t<div class=\"elementor-element elementor-element-671fb0e elementor-widget elementor-widget-spacer\" data-id=\"671fb0e\" data-element_type=\"widget\" data-widget_type=\"spacer.default\">\n\t\t\t\t<div class=\"elementor-widget-container\">\n\t\t\t<style>\/*! elementor - v3.18.0 - 20-12-2023 *\/\n.elementor-column .elementor-spacer-inner{height:var(--spacer-size)}.e-con{--container-widget-width:100%}.e-con-inner>.elementor-widget-spacer,.e-con>.elementor-widget-spacer{width:var(--container-widget-width,var(--spacer-size));--align-self:var(--container-widget-align-self,initial);--flex-shrink:0}.e-con-inner>.elementor-widget-spacer>.elementor-widget-container,.e-con>.elementor-widget-spacer>.elementor-widget-container{height:100%;width:100%}.e-con-inner>.elementor-widget-spacer>.elementor-widget-container>.elementor-spacer,.e-con>.elementor-widget-spacer>.elementor-widget-container>.elementor-spacer{height:100%}.e-con-inner>.elementor-widget-spacer>.elementor-widget-container>.elementor-spacer>.elementor-spacer-inner,.e-con>.elementor-widget-spacer>.elementor-widget-container>.elementor-spacer>.elementor-spacer-inner{height:var(--container-widget-height,var(--spacer-size))}.e-con-inner>.elementor-widget-spacer.elementor-widget-empty,.e-con>.elementor-widget-spacer.elementor-widget-empty{position:relative;min-height:22px;min-width:22px}.e-con-inner>.elementor-widget-spacer.elementor-widget-empty .elementor-widget-empty-icon,.e-con>.elementor-widget-spacer.elementor-widget-empty .elementor-widget-empty-icon{position:absolute;top:0;bottom:0;left:0;right:0;margin:auto;padding:0;width:22px;height:22px}<\/style>\t\t<div class=\"elementor-spacer\">\n\t\t\t<div class=\"elementor-spacer-inner\"><\/div>\n\t\t<\/div>\n\t\t\t\t<\/div>\n\t\t\t\t<\/div>\n\t\t\t\t\t<\/div>\n\t\t<\/div>\n\t\t\t\t\t\t\t<\/div>\n\t\t<\/section>\n\t\t\t\t\t\t\t<\/div>\n\t\t","protected":false},"excerpt":{"rendered":"<p>Politique en mati\u00e8re de cookies Accueil Date d&rsquo;entr\u00e9e en vigueur : 1er janvier 2024 Glocaliser comprend que votre vie priv\u00e9e est importante pour vous et s&rsquo;engage \u00e0 \u00eatre transparent sur les technologies qu&rsquo;il utilise. La pr\u00e9sente Politique relative aux cookies explique comment et pourquoi les cookies, les balises web, les pixels, les pixels invisibles et [&hellip;]<\/p>\n","protected":false},"author":2,"featured_media":0,"parent":0,"menu_order":0,"comment_status":"closed","ping_status":"closed","template":"","meta":{"footnotes":""},"class_list":["post-8768","page","type-page","status-publish","hentry"],"acf":[],"_links":{"self":[{"href":"https:\/\/glocaliser.com\/fr\/wp-json\/wp\/v2\/pages\/8768","targetHints":{"allow":["GET"]}}],"collection":[{"href":"https:\/\/glocaliser.com\/fr\/wp-json\/wp\/v2\/pages"}],"about":[{"href":"https:\/\/glocaliser.com\/fr\/wp-json\/wp\/v2\/types\/page"}],"author":[{"embeddable":true,"href":"https:\/\/glocaliser.com\/fr\/wp-json\/wp\/v2\/users\/2"}],"replies":[{"embeddable":true,"href":"https:\/\/glocaliser.com\/fr\/wp-json\/wp\/v2\/comments?post=8768"}],"version-history":[{"count":2,"href":"https:\/\/glocaliser.com\/fr\/wp-json\/wp\/v2\/pages\/8768\/revisions"}],"predecessor-version":[{"id":8775,"href":"https:\/\/glocaliser.com\/fr\/wp-json\/wp\/v2\/pages\/8768\/revisions\/8775"}],"wp:attachment":[{"href":"https:\/\/glocaliser.com\/fr\/wp-json\/wp\/v2\/media?parent=8768"}],"curies":[{"name":"wp","href":"https:\/\/api.w.org\/{rel}","templated":true}]}}