{"id":8763,"date":"2023-12-14T12:52:13","date_gmt":"2023-12-14T12:52:13","guid":{"rendered":"https:\/\/glocaliser.com\/conditions-dutilisation\/"},"modified":"2024-01-09T10:07:34","modified_gmt":"2024-01-09T10:07:34","slug":"conditions-dutilisation","status":"publish","type":"page","link":"https:\/\/glocaliser.com\/fr\/conditions-dutilisation\/","title":{"rendered":"Conditions d&rsquo;utilisation"},"content":{"rendered":"\t\t<div data-elementor-type=\"wp-page\" data-elementor-id=\"8763\" class=\"elementor elementor-8763 elementor-8263\" data-elementor-post-type=\"page\">\n\t\t\t\t\t\t\t\t\t<section class=\"elementor-section elementor-top-section elementor-element elementor-element-9132554 elementor-section-boxed elementor-section-height-default elementor-section-height-default tf-sticky-section tf-sticky-no\" data-id=\"9132554\" data-element_type=\"section\" data-settings=\"{&quot;tf_sticky&quot;:&quot;no&quot;}\">\n\t\t\t\t\t\t<div class=\"elementor-container elementor-column-gap-default\">\n\t\t\t\t\t<div class=\"elementor-column elementor-col-100 elementor-top-column elementor-element elementor-element-af6029f\" data-id=\"af6029f\" data-element_type=\"column\">\n\t\t\t<div class=\"elementor-widget-wrap elementor-element-populated\">\n\t\t\t\t\t\t\t\t<div class=\"elementor-element elementor-element-116f72c elementor-widget elementor-widget-text-editor\" data-id=\"116f72c\" data-element_type=\"widget\" data-widget_type=\"text-editor.default\">\n\t\t\t\t<div class=\"elementor-widget-container\">\n\t\t\t<style>\/*! elementor - v3.18.0 - 20-12-2023 *\/\n.elementor-widget-text-editor.elementor-drop-cap-view-stacked .elementor-drop-cap{background-color:#69727d;color:#fff}.elementor-widget-text-editor.elementor-drop-cap-view-framed .elementor-drop-cap{color:#69727d;border:3px solid;background-color:transparent}.elementor-widget-text-editor:not(.elementor-drop-cap-view-default) .elementor-drop-cap{margin-top:8px}.elementor-widget-text-editor:not(.elementor-drop-cap-view-default) .elementor-drop-cap-letter{width:1em;height:1em}.elementor-widget-text-editor .elementor-drop-cap{float:left;text-align:center;line-height:1;font-size:50px}.elementor-widget-text-editor .elementor-drop-cap-letter{display:inline-block}<\/style>\t\t\t\t<header class=\"mdc-c-header\">\n<div class=\"mdc-c-header__block___i1Lg-_dae1ff3\">\n<div>Conditions d&rsquo;utilisation<\/div>\n<\/div>\n<\/header>\n<div class=\"mdc-c-description___SrnQP_dae1ff3\">\n<div class=\"MainBody_mck-c-main-body__text-content__6mkZS mck-u-links-inline mdc-o-content-body\">\n<p>Glocaliser fournit son contenu sur ses sites web ou applications qui affichent un lien vers les pr\u00e9sentes conditions d&rsquo;utilisation (le \u00ab\u00a0Site\u00a0\u00bb) sous r\u00e9serve des conditions g\u00e9n\u00e9rales suivantes (les \u00ab\u00a0Conditions\u00a0\u00bb). Nous pouvons modifier p\u00e9riodiquement les conditions d&rsquo;utilisation sans avis pr\u00e9alable, veuillez donc les consulter de temps \u00e0 autre. Ces conditions ont \u00e9t\u00e9 mises \u00e0 jour pour la derni\u00e8re fois le 1er janvier 2024. En acc\u00e9dant \u00e0 ce site et en l&rsquo;utilisant, vous acceptez les pr\u00e9sentes conditions. Pour une explication des pratiques et politiques de Glocaliser concernant la collecte, l&rsquo;utilisation et le stockage des informations de nos utilisateurs, veuillez lire notre Politique de confidentialit\u00e9.<\/p>\n<h3>1. Les droits d&rsquo;auteur<\/h3>\n<p>L&rsquo;ensemble du contenu et des fonctionnalit\u00e9s du site, y compris les textes, les graphiques, les logos, les ic\u00f4nes, les images et les vid\u00e9os, ainsi que la s\u00e9lection et la disposition de ceux-ci, en plus des concepts, du savoir-faire, des outils, des cadres, des logiciels, des applications ou autres technologies, des algorithmes, des mod\u00e8les, des processus et des perspectives industrielles sous-jacents ou int\u00e9gr\u00e9s dans ce qui pr\u00e9c\u00e8de, ainsi que toute am\u00e9lioration ou \u0153uvre d\u00e9riv\u00e9e de ceux-ci (le \u00ab\u00a0contenu du site\u00a0\u00bb) est la propri\u00e9t\u00e9 exclusive de Glocaliser ou de ses conc\u00e9dants de licence et, dans la mesure o\u00f9 cela est applicable, est prot\u00e9g\u00e9 par les lois am\u00e9ricaines et internationales en mati\u00e8re de droits d&rsquo;auteur. Ni le contenu du site ni les fonctionnalit\u00e9s du site ne peuvent \u00eatre copi\u00e9s, reproduits, modifi\u00e9s, soumis \u00e0 une ing\u00e9nierie inverse, alt\u00e9r\u00e9s (y compris la suppression ou la d\u00e9sactivation de toute mesure de s\u00e9curit\u00e9 ou de protection technologique, de toute clause de non-responsabilit\u00e9 ou de toute l\u00e9gende), t\u00e9l\u00e9charg\u00e9s, publi\u00e9s, affich\u00e9s, transmis ou distribu\u00e9s de quelque mani\u00e8re que ce soit sans notre autorisation \u00e9crite, \u00e0 l&rsquo;exception des utilisations sp\u00e9cifi\u00e9es dans la section 3 &#8211; Utilisation du contenu du site. Tous les droits non express\u00e9ment accord\u00e9s sont r\u00e9serv\u00e9s.<\/p>\n<h3>2. Les marques<\/h3>\n<p>Les marques commerciales, les marques de service, les dessins et les logos (collectivement, les \u00ab\u00a0marques commerciales\u00a0\u00bb) affich\u00e9s sur le site sont des marques commerciales d\u00e9pos\u00e9es et non d\u00e9pos\u00e9es de Glocaliser et de ses conc\u00e9dants de licence. Vous acceptez que, sauf autorisation expresse de notre part (par exemple, par le biais des outils de partage des m\u00e9dias sociaux fournis sur le Site) ou de nos conc\u00e9dants de licence, le cas \u00e9ch\u00e9ant, vous ne ferez pas r\u00e9f\u00e9rence ou n&rsquo;attribuerez pas d&rsquo;informations \u00e0 Glocaliser ou \u00e0 ses conc\u00e9dants de licence dans tout m\u00e9dia public (par exemple, communiqu\u00e9 de presse, sites Web ou m\u00e9dias sociaux publics) \u00e0 des fins de publicit\u00e9 ou de promotion, ou dans le but d&rsquo;informer ou d&rsquo;influencer un tiers, et que vous n&rsquo;utiliserez ni ne reproduirez aucune marque commerciale de Glocaliser ou de ses conc\u00e9dants de licence, et que vous n&rsquo;impliquerez pas d&rsquo;approbation ou de relation avec Glocaliser ou ses conc\u00e9dants de licence.<\/p>\n<h3>3. Utilisation du contenu du site<\/h3>\n<p>Glocaliser vous accorde par la pr\u00e9sente une licence limit\u00e9e, non exclusive, non transf\u00e9rable et r\u00e9vocable pour la dur\u00e9e des pr\u00e9sentes afin d&rsquo;acc\u00e9der et de t\u00e9l\u00e9charger, d&rsquo;afficher et d&rsquo;imprimer une copie du contenu du site sur un seul ordinateur uniquement pour votre usage interne et professionnel, \u00e0 condition que vous ne modifiiez pas le contenu du site de quelque mani\u00e8re que ce soit (y compris en cr\u00e9ant des \u0153uvres d\u00e9riv\u00e9es), que vous conserviez tous les droits d&rsquo;auteur et autres avis de propri\u00e9t\u00e9 affich\u00e9s sur le contenu du site, et que vous respectiez par ailleurs les pr\u00e9sentes Conditions g\u00e9n\u00e9rales d&rsquo;utilisation. Vous ne pouvez pas reproduire, modifier, d\u00e9sosser, distribuer, transmettre, poster ou divulguer le contenu du site sans l&rsquo;accord \u00e9crit pr\u00e9alable de Glocaliser. En outre, vous ne pouvez pas \u00ab\u00a0refl\u00e9ter\u00a0\u00bb le contenu du site ou toute partie de celui-ci sans l&rsquo;accord \u00e9crit expr\u00e8s de Glocaliser. Rien sur ce site ne doit \u00eatre interpr\u00e9t\u00e9 comme accordant directement ou indirectement, ou de mani\u00e8re implicite, une licence ou un droit d&rsquo;utilisation de la propri\u00e9t\u00e9 intellectuelle de Glocaliser autre que celui express\u00e9ment \u00e9nonc\u00e9 dans le pr\u00e9sent document. La licence accord\u00e9e dans la pr\u00e9sente section prend fin automatiquement et imm\u00e9diatement si vous ne vous conformez pas aux pr\u00e9sentes conditions.<\/p>\n<h3>4. Messages des utilisateurs<\/h3>\n<p>Vous reconnaissez et acceptez que Glocaliser poss\u00e8de et a le droit illimit\u00e9 d&rsquo;utiliser, de publier et d&rsquo;exploiter de toute autre mani\u00e8re toutes les informations que vous publiez ou que vous publiez sur le site dans des messages, des forums ou des tableaux d&rsquo;affichage, des questionnaires, des r\u00e9ponses \u00e0 des enqu\u00eates et de toute autre mani\u00e8re, et vous reconnaissez et acceptez que, en nous fournissant de telles soumissions, vous nous accordez automatiquement, et par les pr\u00e9sentes, une licence et un droit mondiaux, non exclusifs, transf\u00e9rables, cessibles, pouvant faire l&rsquo;objet d&rsquo;une sous-licence, enti\u00e8rement pay\u00e9s, libres de redevances, perp\u00e9tuels et irr\u00e9vocables d&rsquo;utiliser, de reproduire, de publier, de distribuer, de modifier et d&rsquo;exploiter d&rsquo;une autre mani\u00e8re cette soumission \u00e0 toutes fins, sous quelque forme ou m\u00e9dia que ce soit, non interdits par la loi applicable. En outre, vous renoncez par la pr\u00e9sente \u00e0 toute r\u00e9clamation \u00e0 l&rsquo;encontre de Glocaliser pour toute violation pr\u00e9sum\u00e9e ou r\u00e9elle des droits de confidentialit\u00e9 ou de publicit\u00e9, des droits de propri\u00e9t\u00e9 intellectuelle, des droits moraux ou des droits d&rsquo;attribution en relation avec l&rsquo;utilisation et la publication par Glocaliser de ces soumissions.<\/p>\n<p>Vous vous engagez \u00e0 ne pas afficher ou publier sur le site tout mat\u00e9riel qui (a) sont mena\u00e7antes, diffamatoires ou obsc\u00e8nes ; (b) constituerait, ou encouragerait un comportement qui constituerait une infraction p\u00e9nale, donnerait lieu \u00e0 une responsabilit\u00e9 civile ou violerait la loi d&rsquo;une autre mani\u00e8re ; (c) porter atteinte \u00e0 la propri\u00e9t\u00e9 intellectuelle, \u00e0 la vie priv\u00e9e ou \u00e0 d&rsquo;autres droits de tiers ; (d) contenir un virus informatique ou un autre \u00e9l\u00e9ment destructeur ; (e) contenir de la publicit\u00e9 ; (f) constituent ou contiennent des d\u00e9clarations fausses ou trompeuses ; ou (g) viole les pr\u00e9sentes conditions.<\/p>\n<p>Glocaliser ne repr\u00e9sente ni n&rsquo;approuve l&rsquo;exactitude ou la fiabilit\u00e9 des informations publi\u00e9es sur le site par les utilisateurs. En outre, Glocaliser n&rsquo;examine pas et ne peut pas examiner toutes les informations publi\u00e9es sur le site par les utilisateurs et n&rsquo;est pas responsable de ces informations. Cependant, Glocaliser se r\u00e9serve le droit de refuser de publier et le droit de supprimer toute information, en totalit\u00e9 ou en partie, pour quelque raison que ce soit ou sans raison.<\/p>\n<h3>5. Avis d&rsquo;infraction et retrait par Glocaliser<\/h3>\n<p>Glocaliser interdit la publication de toute information qui enfreint ou viole les droits d&rsquo;auteur et\/ou d&rsquo;autres droits de propri\u00e9t\u00e9 intellectuelle (y compris les droits \u00e0 la vie priv\u00e9e et \u00e0 la publicit\u00e9) de toute personne ou entit\u00e9. Si vous estimez que votre droit de propri\u00e9t\u00e9 intellectuelle (ou un droit que vous \u00eates charg\u00e9 de faire respecter) est viol\u00e9 par un contenu du site, veuillez \u00e9crire \u00e0 Glocaliser \u00e0 l&rsquo;adresse indiqu\u00e9e ci-dessous, en fournissant une d\u00e9claration \u00e9crite contenant : (a) l&rsquo;identification de l&rsquo;\u0153uvre prot\u00e9g\u00e9e par le droit d&rsquo;auteur et\/ou du droit de propri\u00e9t\u00e9 intellectuelle pr\u00e9tendument viol\u00e9 ; (b) l&rsquo;identification du mat\u00e9riel pr\u00e9tendument viol\u00e9 sur le Site dont le retrait est demand\u00e9 ; (c) votre nom, votre adresse et votre num\u00e9ro de t\u00e9l\u00e9phone pendant la journ\u00e9e, ainsi qu&rsquo;une adresse \u00e9lectronique si disponible ; (d) une d\u00e9claration indiquant que vous pensez de bonne foi que l&rsquo;utilisation de l&rsquo;\u0153uvre prot\u00e9g\u00e9e par le droit d&rsquo;auteur et\/ou l&rsquo;exercice du droit de propri\u00e9t\u00e9 intellectuelle n&rsquo;est pas autoris\u00e9 par le propri\u00e9taire, son agent ou la loi ; (e) une d\u00e9claration selon laquelle les informations contenues dans la notification sont exactes et, sous peine de parjure, que le signataire est autoris\u00e9 \u00e0 agir au nom du propri\u00e9taire du droit pr\u00e9tendument enfreint ; et (f) la signature du propri\u00e9taire du droit de propri\u00e9t\u00e9 intellectuelle ou d&rsquo;une personne autoris\u00e9e au nom du propri\u00e9taire \u00e0 faire valoir la violation du droit. Glocaliser supprimera toute soumission publi\u00e9e qui enfreint le droit d&rsquo;auteur ou tout autre droit de propri\u00e9t\u00e9 intellectuelle de toute personne en vertu de la loi am\u00e9ricaine d\u00e8s r\u00e9ception d&rsquo;une telle d\u00e9claration (ou de toute d\u00e9claration conforme \u00e0 17 U.S.C. 512(c)(3)). La loi am\u00e9ricaine pr\u00e9voit des sanctions importantes en cas de fausse d\u00e9claration. Dans des circonstances appropri\u00e9es, les personnes qui soumettent de mani\u00e8re r\u00e9p\u00e9t\u00e9e du mat\u00e9riel contrefait ou ill\u00e9gal se verront interdire la publication d&rsquo;autres soumissions. Le contact de Glocaliser pour l&rsquo;envoi de notifications au titre de la pr\u00e9sente section 5 est le suivant : D\u00e9partement juridique, Glocaliser.<\/p>\n<h3>6. Clauses de non-responsabilit\u00e9<\/h3>\n<p>LE CONTENU ET LES FONCTIONNALIT\u00c9S DU SITE SONT FOURNIS EN TENANT COMPTE DU FAIT QUE GLOCALISER N&rsquo;EST PAS ENGAG\u00c9 \u00c0 VOUS FOURNIR DES CONSEILS OU DES SERVICES PROFESSIONNELS, QU&rsquo;AUCUN CONTENU DU SITE N&rsquo;EST DESTIN\u00c9 \u00c0 SERVIR OU NE DOIT \u00caTRE CONSID\u00c9R\u00c9 COMME UN CONSEIL D&rsquo;INVESTISSEMENT, JURIDIQUE, FISCAL, COMPTABLE OU AUTRE CONSEIL R\u00c9GLEMENT\u00c9, ET QUE VOUS RESTEZ SEUL RESPONSABLE DE VOTRE UTILISATION DE TOUT LE CONTENU DU SITE ET QUE VOUS RECONNAISSEZ QUE TOUTE CONFIANCE DANS LE CONTENU DU SITE EST ENTI\u00c8REMENT \u00c0 VOTRE SEULE OPTION ET \u00c0 VOS SEULS RISQUES. TOUT LE CONTENU ET TOUTES LES FONCTIONNALIT\u00c9S DU SITE SONT FOURNIS \u00ab\u00a0EN L&rsquo;\u00c9TAT\u00a0\u00bb, SANS GARANTIE D&rsquo;AUCUNE SORTE, EXPRESSE OU IMPLICITE, Y COMPRIS, MAIS SANS S&rsquo;Y LIMITER, LES GARANTIES IMPLICITES DE QUALIT\u00c9 MARCHANDE ET D&rsquo;AD\u00c9QUATION \u00c0 UN USAGE PARTICULIER. GLOCALISER ET SES FOURNISSEURS DE CONTENU TIERS NE DONNENT AUCUNE GARANTIE, EXPRESSE OU IMPLICITE, QUANT \u00c0 LA PROPRI\u00c9T\u00c9, L&rsquo;EXACTITUDE OU L&rsquo;AD\u00c9QUATION DU CONTENU DU SITE. GLOCALISER N&rsquo;EST PAS RESPONSABLE DES INFORMATIONS PUBLI\u00c9ES SUR LES SITES WEB LI\u00c9S, CONTENUES DANS LES CONTRIBUTIONS DES UTILISATEURS PUBLI\u00c9ES SUR LE SITE, OU FOURNIES PAR DES TIERS. NI GLOCALISER NI SES FOURNISSEURS DE CONTENU TIERS NE PEUVENT \u00caTRE TENUS RESPONSABLES DES DOMMAGES OU PERTES INDIRECTS, ACCESSOIRES, CONS\u00c9CUTIFS OU PUNITIFS, NI DES PERTES DE REVENUS OU DE B\u00c9N\u00c9FICES, QU&rsquo;ILS AIENT \u00c9T\u00c9 OU NON INFORM\u00c9S DE LA POSSIBILIT\u00c9 DE TELS DOMMAGES OU PERTES ET QUELLE QUE SOIT LA TH\u00c9ORIE DE LA RESPONSABILIT\u00c9.<\/p>\n<h3>7. Indemnisation<\/h3>\n<p>Par la pr\u00e9sente, vous indemnisez, d\u00e9fendez et d\u00e9gagez de toute responsabilit\u00e9 Glocaliser et tous ses pr\u00e9d\u00e9cesseurs, successeurs, parents, filiales, affili\u00e9s, dirigeants, administrateurs, actionnaires, investisseurs, employ\u00e9s, agents, repr\u00e9sentants et avocats, ainsi que leurs h\u00e9ritiers, successeurs et ayants droit respectifs (\u00ab\u00a0Parties indemnis\u00e9es par Glocaliser\u00a0\u00bb) de et contre toute responsabilit\u00e9, d\u00e9penses, co\u00fbts ou autres pertes (\u00ab\u00a0pertes\u00a0\u00bb) encourus par Glocaliser et\/ou les parties indemnis\u00e9es par Glocaliser en relation avec toute r\u00e9clamation d\u00e9coulant de votre utilisation du site et\/ou de toute violation par vous des pr\u00e9sentes conditions, y compris les d\u00e9clarations, garanties et engagements que vous avez pris, le cas \u00e9ch\u00e9ant, en acceptant les pr\u00e9sentes conditions. Glocaliser se r\u00e9serve le droit d&rsquo;assumer, \u00e0 ses propres frais, la d\u00e9fense et le contr\u00f4le exclusifs de toute question faisant l&rsquo;objet d&rsquo;une indemnisation de votre part.<\/p>\n<h3>8. Sites web et fournisseurs tiers<\/h3>\n<p>Nous pouvons fournir des liens vers des sites web de tiers, et une partie du contenu apparaissant sur ce site est en fait fourni, soutenu ou fourni directement ou indirectement par des tiers, par exemple dans des cas de cadrage de sites web de tiers ou d&rsquo;incorporation par le biais de jeux de cadres de contenu fourni par des serveurs de tiers. Glocaliser n&rsquo;est pas responsable de ces sites web tiers, qui sont r\u00e9gis par les conditions d&rsquo;utilisation et les politiques de confidentialit\u00e9, le cas \u00e9ch\u00e9ant, des fournisseurs de contenu tiers concern\u00e9s.<\/p>\n<h3>9. Droit applicable ; juridiction<\/h3>\n<p>Les pr\u00e9sentes conditions sont r\u00e9gies par les lois de la Turquie, sans r\u00e9f\u00e9rence aux principes de conflits de lois.<\/p>\n<\/div>\n<\/div>\n\t\t\t\t\t\t<\/div>\n\t\t\t\t<\/div>\n\t\t\t\t<div class=\"elementor-element elementor-element-02c83ca elementor-widget elementor-widget-spacer\" data-id=\"02c83ca\" data-element_type=\"widget\" data-widget_type=\"spacer.default\">\n\t\t\t\t<div class=\"elementor-widget-container\">\n\t\t\t<style>\/*! elementor - v3.18.0 - 20-12-2023 *\/\n.elementor-column .elementor-spacer-inner{height:var(--spacer-size)}.e-con{--container-widget-width:100%}.e-con-inner>.elementor-widget-spacer,.e-con>.elementor-widget-spacer{width:var(--container-widget-width,var(--spacer-size));--align-self:var(--container-widget-align-self,initial);--flex-shrink:0}.e-con-inner>.elementor-widget-spacer>.elementor-widget-container,.e-con>.elementor-widget-spacer>.elementor-widget-container{height:100%;width:100%}.e-con-inner>.elementor-widget-spacer>.elementor-widget-container>.elementor-spacer,.e-con>.elementor-widget-spacer>.elementor-widget-container>.elementor-spacer{height:100%}.e-con-inner>.elementor-widget-spacer>.elementor-widget-container>.elementor-spacer>.elementor-spacer-inner,.e-con>.elementor-widget-spacer>.elementor-widget-container>.elementor-spacer>.elementor-spacer-inner{height:var(--container-widget-height,var(--spacer-size))}.e-con-inner>.elementor-widget-spacer.elementor-widget-empty,.e-con>.elementor-widget-spacer.elementor-widget-empty{position:relative;min-height:22px;min-width:22px}.e-con-inner>.elementor-widget-spacer.elementor-widget-empty .elementor-widget-empty-icon,.e-con>.elementor-widget-spacer.elementor-widget-empty .elementor-widget-empty-icon{position:absolute;top:0;bottom:0;left:0;right:0;margin:auto;padding:0;width:22px;height:22px}<\/style>\t\t<div class=\"elementor-spacer\">\n\t\t\t<div class=\"elementor-spacer-inner\"><\/div>\n\t\t<\/div>\n\t\t\t\t<\/div>\n\t\t\t\t<\/div>\n\t\t\t\t\t<\/div>\n\t\t<\/div>\n\t\t\t\t\t\t\t<\/div>\n\t\t<\/section>\n\t\t\t\t\t\t\t<\/div>\n\t\t","protected":false},"excerpt":{"rendered":"<p>Conditions d&rsquo;utilisation Glocaliser fournit son contenu sur ses sites web ou applications qui affichent un lien vers les pr\u00e9sentes conditions d&rsquo;utilisation (le \u00ab\u00a0Site\u00a0\u00bb) sous r\u00e9serve des conditions g\u00e9n\u00e9rales suivantes (les \u00ab\u00a0Conditions\u00a0\u00bb). Nous pouvons modifier p\u00e9riodiquement les conditions d&rsquo;utilisation sans avis pr\u00e9alable, veuillez donc les consulter de temps \u00e0 autre. Ces conditions ont \u00e9t\u00e9 mises \u00e0 [&hellip;]<\/p>\n","protected":false},"author":2,"featured_media":0,"parent":0,"menu_order":0,"comment_status":"closed","ping_status":"closed","template":"","meta":{"footnotes":""},"class_list":["post-8763","page","type-page","status-publish","hentry"],"acf":[],"_links":{"self":[{"href":"https:\/\/glocaliser.com\/fr\/wp-json\/wp\/v2\/pages\/8763","targetHints":{"allow":["GET"]}}],"collection":[{"href":"https:\/\/glocaliser.com\/fr\/wp-json\/wp\/v2\/pages"}],"about":[{"href":"https:\/\/glocaliser.com\/fr\/wp-json\/wp\/v2\/types\/page"}],"author":[{"embeddable":true,"href":"https:\/\/glocaliser.com\/fr\/wp-json\/wp\/v2\/users\/2"}],"replies":[{"embeddable":true,"href":"https:\/\/glocaliser.com\/fr\/wp-json\/wp\/v2\/comments?post=8763"}],"version-history":[{"count":2,"href":"https:\/\/glocaliser.com\/fr\/wp-json\/wp\/v2\/pages\/8763\/revisions"}],"predecessor-version":[{"id":8771,"href":"https:\/\/glocaliser.com\/fr\/wp-json\/wp\/v2\/pages\/8763\/revisions\/8771"}],"wp:attachment":[{"href":"https:\/\/glocaliser.com\/fr\/wp-json\/wp\/v2\/media?parent=8763"}],"curies":[{"name":"wp","href":"https:\/\/api.w.org\/{rel}","templated":true}]}}